{"id":698454,"date":"2025-08-27T14:45:34","date_gmt":"2025-08-27T11:45:34","guid":{"rendered":"https:\/\/roveyayinevi.com.tr\/index.php\/urun\/baslangicindan-gunumuze-fransiz-edebiyatinda-kadin-yazarlar\/"},"modified":"2026-04-08T02:10:33","modified_gmt":"2026-04-07T23:10:33","slug":"baslangicindan-gunumuze-fransiz-edebiyatinda-kadin-yazarlar","status":"publish","type":"product","link":"https:\/\/roveyayinevi.com.tr\/index.php\/urun\/baslangicindan-gunumuze-fransiz-edebiyatinda-kadin-yazarlar\/","title":{"rendered":"Ba\u015flang\u0131c\u0131ndan G\u00fcn\u00fcm\u00fcze Frans\u0131z Edebiyat\u0131nda Kad\u0131n Yazarlar"},"content":{"rendered":"<p>\u00d6zellikle Orta \u00c7a\u011f&#8217;da hatta yak\u0131n zamanlarda bile, kad\u0131nlar genel olarak, hafif, cinsel zevklere d\u00fc\u015fk\u00fcn, k\u0131\u015fk\u0131rt\u0131c\u0131 ve k\u00f6t\u00fcl\u00fcklerle dolu &#8220;yarat\u0131klar&#8221; olarak g\u00f6r\u00fclm\u00fc\u015flerdi. Hem ba\u015ftan \u00e7\u0131kar\u0131c\u0131 hem de tehlikeliydiler. Bu nitelikleri ellerinde tutuyor olmalar\u0131 onlar\u0131 daha gizemli ve korkutucu k\u0131lm\u0131\u015ft\u0131. T\u00fcm bu olumsuzluklar\u0131n g\u00f6lgesinde, kad\u0131nlar\u0131n yaz\u0131n alan\u0131ndaki yarat\u0131c\u0131l\u0131\u011f\u0131, bu \u00f6nyarg\u0131lara \u00e7arpm\u0131\u015f ve \u00e7o\u011fu kez g\u00f6rmezden gelinmi\u015ftir. Sonu\u00e7 olarak, kaleme ald\u0131klar\u0131 metinler, ba\u015far\u0131l\u0131 bile olsalar, genellikle unutulmu\u015ftu. \u00d6yle ki, kad\u0131n yazarlar hakk\u0131nda ara\u015ft\u0131rmaya ve yazmaya ba\u015flad\u0131\u011f\u0131m\u0131zda, kar\u015f\u0131la\u015ft\u0131\u011f\u0131m\u0131z en \u00f6nemli ger\u00e7ek, bu yazarlar\u0131n kendilerine y\u00f6neltilen k\u00fc\u00e7\u00fclt\u00fcc\u00fc davran\u0131\u015flarla ba\u015f etmek ve yaz\u0131n d\u00fcnyas\u0131nda kabul g\u00f6rebilmek i\u00e7in \u00e7ok fazla \u00e7aba g\u00f6stermek durumunda kalm\u0131\u015f olmalar\u0131d\u0131r. <\/p>\n","protected":false},"excerpt":{"rendered":"<p>\u00d6zellikle Orta \u00c7a\u011f&#8217;da hatta yak\u0131n zamanlarda bile, kad\u0131nlar genel olarak, hafif, cinsel zevklere d\u00fc\u015fk\u00fcn, k\u0131\u015fk\u0131rt\u0131c\u0131 ve k\u00f6t\u00fcl\u00fcklerle dolu &#8220;yarat\u0131klar&#8221; olarak g\u00f6r\u00fclm\u00fc\u015flerdi. Hem ba\u015ftan \u00e7\u0131kar\u0131c\u0131 hem de<span class=\"excerpt-hellip\"> [\u2026]<\/span><\/p>\n","protected":false},"featured_media":0,"template":"","meta":{"_monsterinsights_skip_tracking":false,"_monsterinsights_sitenote_active":false,"_monsterinsights_sitenote_note":"","_monsterinsights_sitenote_category":0},"product_brand":[],"product_cat":[12777,12291],"product_tag":[],"class_list":{"0":"post-698454","1":"product","2":"type-product","3":"status-publish","5":"product_cat-deneme","6":"product_cat-edebiyat","7":"pa_cilt-ciltsiz","8":"pa_tur-kitap","9":"pa_yayinevi-bilgesu-yayincilik","10":"pa_yazar-ozlem-kasap","12":"first","13":"instock","14":"sale","15":"shipping-taxable","16":"purchasable","17":"product-type-simple"},"_links":{"self":[{"href":"https:\/\/roveyayinevi.com.tr\/index.php\/wp-json\/wp\/v2\/product\/698454","targetHints":{"allow":["GET"]}}],"collection":[{"href":"https:\/\/roveyayinevi.com.tr\/index.php\/wp-json\/wp\/v2\/product"}],"about":[{"href":"https:\/\/roveyayinevi.com.tr\/index.php\/wp-json\/wp\/v2\/types\/product"}],"wp:attachment":[{"href":"https:\/\/roveyayinevi.com.tr\/index.php\/wp-json\/wp\/v2\/media?parent=698454"}],"wp:term":[{"taxonomy":"product_brand","embeddable":true,"href":"https:\/\/roveyayinevi.com.tr\/index.php\/wp-json\/wp\/v2\/product_brand?post=698454"},{"taxonomy":"product_cat","embeddable":true,"href":"https:\/\/roveyayinevi.com.tr\/index.php\/wp-json\/wp\/v2\/product_cat?post=698454"},{"taxonomy":"product_tag","embeddable":true,"href":"https:\/\/roveyayinevi.com.tr\/index.php\/wp-json\/wp\/v2\/product_tag?post=698454"}],"curies":[{"name":"wp","href":"https:\/\/api.w.org\/{rel}","templated":true}]}}