{"id":698450,"date":"2025-08-27T14:45:32","date_gmt":"2025-08-27T11:45:32","guid":{"rendered":"https:\/\/roveyayinevi.com.tr\/index.php\/urun\/marksist-dunya-tarihi-ciltli\/"},"modified":"2026-04-16T02:07:54","modified_gmt":"2026-04-15T23:07:54","slug":"marksist-dunya-tarihi-ciltli","status":"publish","type":"product","link":"https:\/\/roveyayinevi.com.tr\/index.php\/urun\/marksist-dunya-tarihi-ciltli\/","title":{"rendered":"Marksist D\u00fcnya Tarihi (Ciltli)"},"content":{"rendered":"<p>\u0130nsangillerin bilinen ilk \u00fcyesi \u201cLucy\u201dden g\u00fcn\u00fcm\u00fcz\u00fcn B\u00fcy\u00fck Resesyon\u2019una kadar insanl\u0131k tarihinin analiz edildi\u011fi bu yetkin eserde, ge\u00e7mi\u015f Marksist tarih\u00e7i ku\u015faklar\u0131n\u0131n i\u00e7g\u00f6r\u00fcleri ile tarihsel s\u00fcre\u00e7 hakk\u0131ndaki radikal yeni fikirler bir araya getiriliyor. Tarihi al\u0131\u015f\u0131lagelen bak\u0131\u015f\u0131n d\u0131\u015f\u0131na \u00e7\u0131karak okuyan Neil Faulkner, ge\u00e7mi\u015fte ya\u015fananlar\u0131n \u00f6nceden belirlenmi\u015f \u015feyler olmad\u0131\u011f\u0131n\u0131 ortaya koyuyor. \u0130nsan\u0131n \u00f6n\u00fcne hep \u00e7ok say\u0131da se\u00e7enek \u00e7\u0131km\u0131\u015ft\u0131. \u00d6yle ki kurtulu\u015f ve barbarl\u0131k gibi farkl\u0131 sonu\u00e7lar\u0131n geli\u015fmesi \u00e7o\u011fu zaman m\u00fcmk\u00fcnd\u00fc. Geleneksel tarih\u00e7ili\u011fin yukar\u0131dan a\u015fa\u011f\u0131 yakla\u015f\u0131m\u0131n\u0131 reddeden Faulkner, b\u00fcy\u00fck olaylar\u0131n y\u00f6n\u00fcn\u00fc belirleyen ana etmenin s\u0131radan insanlar\u0131n kitlesel eylemi oldu\u011funu ileri s\u00fcr\u00fcyor. Ekonomik y\u0131k\u0131ma, sava\u015fa, iklim felaketine ve derin s\u0131n\u0131fsal b\u00f6l\u00fcnmelere sahne olan 21. y\u00fczy\u0131l\u0131n ba\u015f\u0131nda insan t\u00fcr\u00fc, belki de uzun tarihinin en b\u00fcy\u00fck kriziyle kar\u015f\u0131 kar\u015f\u0131ya bulunuyor. Marksist D\u00fcnya Tarihi\u2019nden \u00e7\u0131kar\u0131lacak en \u00f6nemli ders \u015fudur: Ge\u00e7mi\u015fimizi yaratan biz oldu\u011fumuza g\u00f6re daha iyi bir gelecek yaratmak da yine bizim ellerimizde. Yazar taraf\u0131ndan T\u00fcrk\u00e7e bas\u0131m i\u00e7in yaz\u0131lan Gezi isyan\u0131 \u00fczerine \u00f6ns\u00f6zle&#8230; <\/p>\n","protected":false},"excerpt":{"rendered":"<p>\u0130nsangillerin bilinen ilk \u00fcyesi \u201cLucy\u201dden g\u00fcn\u00fcm\u00fcz\u00fcn B\u00fcy\u00fck Resesyon\u2019una kadar insanl\u0131k tarihinin analiz edildi\u011fi bu yetkin eserde, ge\u00e7mi\u015f Marksist tarih\u00e7i ku\u015faklar\u0131n\u0131n i\u00e7g\u00f6r\u00fcleri ile tarihsel s\u00fcre\u00e7 hakk\u0131ndaki radikal<span class=\"excerpt-hellip\"> [\u2026]<\/span><\/p>\n","protected":false},"featured_media":0,"template":"","meta":{"_monsterinsights_skip_tracking":false,"_monsterinsights_sitenote_active":false,"_monsterinsights_sitenote_note":"","_monsterinsights_sitenote_category":0},"product_brand":[],"product_cat":[16098,12337],"product_tag":[],"class_list":{"0":"post-698450","1":"product","2":"type-product","3":"status-publish","5":"product_cat-politik-akimlar-hareketler","6":"product_cat-politika-siyaset","7":"pa_cilt-ciltli","8":"pa_tur-kitap","9":"pa_yayinevi-yordam-kitap","10":"pa_yazar-neil-faulkner","12":"first","13":"instock","14":"sale","15":"shipping-taxable","16":"purchasable","17":"product-type-simple"},"_links":{"self":[{"href":"https:\/\/roveyayinevi.com.tr\/index.php\/wp-json\/wp\/v2\/product\/698450","targetHints":{"allow":["GET"]}}],"collection":[{"href":"https:\/\/roveyayinevi.com.tr\/index.php\/wp-json\/wp\/v2\/product"}],"about":[{"href":"https:\/\/roveyayinevi.com.tr\/index.php\/wp-json\/wp\/v2\/types\/product"}],"wp:attachment":[{"href":"https:\/\/roveyayinevi.com.tr\/index.php\/wp-json\/wp\/v2\/media?parent=698450"}],"wp:term":[{"taxonomy":"product_brand","embeddable":true,"href":"https:\/\/roveyayinevi.com.tr\/index.php\/wp-json\/wp\/v2\/product_brand?post=698450"},{"taxonomy":"product_cat","embeddable":true,"href":"https:\/\/roveyayinevi.com.tr\/index.php\/wp-json\/wp\/v2\/product_cat?post=698450"},{"taxonomy":"product_tag","embeddable":true,"href":"https:\/\/roveyayinevi.com.tr\/index.php\/wp-json\/wp\/v2\/product_tag?post=698450"}],"curies":[{"name":"wp","href":"https:\/\/api.w.org\/{rel}","templated":true}]}}