{"id":698449,"date":"2025-08-27T14:45:32","date_gmt":"2025-08-27T11:45:32","guid":{"rendered":"https:\/\/roveyayinevi.com.tr\/index.php\/urun\/arapca-dilbilgisi-nahiv-bilgisi\/"},"modified":"2025-12-30T09:48:35","modified_gmt":"2025-12-30T06:48:35","slug":"arapca-dilbilgisi-nahiv-bilgisi","status":"publish","type":"product","link":"https:\/\/roveyayinevi.com.tr\/index.php\/urun\/arapca-dilbilgisi-nahiv-bilgisi\/","title":{"rendered":"Arap\u00e7a Dilbilgisi: Nahiv Bilgisi"},"content":{"rendered":"<p>Gramer konusu, her b\u00f6l\u00fcm\u00fcn en ba\u015f\u0131nda anla\u015f\u0131l\u0131r bir dille \u00f6zetlenmi\u015f, gerekti\u011finde son derece sade birer \u00f6rnekle de desteklenmi\u015ftir. \u2022  Konunun daha iyi anla\u015f\u0131lmas\u0131n\u0131 sa\u011flamak ve bilgileri iyice peki\u015ftirmek i\u00e7in 5.000 civar\u0131nda \u00f6rnek c\u00fcmle verilmi\u015ftir. \u2022  Kitapta yer alan t\u00fcm c\u00fcmleler istisnas\u0131z harekelenmi\u015f ve hemen altlar\u0131na terc\u00fcmeleri yap\u0131larak, okurun c\u00fcmleleri do\u011fru anlay\u0131p anlamad\u0131\u011f\u0131n\u0131 fark etmesi sa\u011flanm\u0131\u015ft\u0131r. \u2022  Bir gramer konusu ile ilgili olarak bilinmesi gereken en \u00f6nemli kurallar \u00f6zel bir \u015ferit i\u00e7erisine b\u00fcy\u00fck harflerle yaz\u0131larak vurgulanm\u0131\u015f, bu sayede belli kurallar\u0131n zihne yerle\u015fmesine katk\u0131 sa\u011flanm\u0131\u015ft\u0131r. \u2022  Konular\u0131n ders usul\u00fcne g\u00f6re haz\u0131rlanm\u0131\u015f olmas\u0131, gerek hoca, gerekse \u00f6\u011frenci i\u00e7in b\u00fcy\u00fck bir avantaj sa\u011flamaktad\u0131r. \u2022 Kitap; kolay ve anla\u015f\u0131l\u0131r bir anlat\u0131m diline sahip olu\u015fu, \u00f6zellikle tan\u0131mlar\u0131n\u0131n son derece a\u00e7\u0131k ve net olu\u015fu y\u00f6n\u00fcyle, amat\u00f6r dil merakl\u0131lar\u0131 ve A\u00e7\u0131k \u00d6\u011fretim Fak\u00fcltesi \u00f6\u011frencileri gibi, Arap\u00e7ay\u0131 bir hoca yard\u0131m\u0131 olmaks\u0131z\u0131n \u00f6\u011frenmek durumunda kalanlar i\u00e7in de son derece yararl\u0131 bir rehberdir. <\/p>\n","protected":false},"excerpt":{"rendered":"<p>Gramer konusu, her b\u00f6l\u00fcm\u00fcn en ba\u015f\u0131nda anla\u015f\u0131l\u0131r bir dille \u00f6zetlenmi\u015f, gerekti\u011finde son derece sade birer \u00f6rnekle de desteklenmi\u015ftir. \u2022 Konunun daha iyi anla\u015f\u0131lmas\u0131n\u0131 sa\u011flamak ve bilgileri<span class=\"excerpt-hellip\"> [\u2026]<\/span><\/p>\n","protected":false},"featured_media":0,"template":"","meta":{"_monsterinsights_skip_tracking":false,"_monsterinsights_sitenote_active":false,"_monsterinsights_sitenote_note":"","_monsterinsights_sitenote_category":0},"product_brand":[],"product_cat":[12364],"product_tag":[],"class_list":{"0":"post-698449","1":"product","2":"type-product","3":"status-publish","5":"product_cat-genel-konular","6":"pa_cilt-ciltsiz","7":"pa_tur-kitap","8":"pa_yayinevi-alfa-yayinlari","9":"pa_yazar-huseyin-gunday-sener-sahin","11":"first","12":"instock","13":"sale","14":"shipping-taxable","15":"purchasable","16":"product-type-simple"},"_links":{"self":[{"href":"https:\/\/roveyayinevi.com.tr\/index.php\/wp-json\/wp\/v2\/product\/698449","targetHints":{"allow":["GET"]}}],"collection":[{"href":"https:\/\/roveyayinevi.com.tr\/index.php\/wp-json\/wp\/v2\/product"}],"about":[{"href":"https:\/\/roveyayinevi.com.tr\/index.php\/wp-json\/wp\/v2\/types\/product"}],"wp:attachment":[{"href":"https:\/\/roveyayinevi.com.tr\/index.php\/wp-json\/wp\/v2\/media?parent=698449"}],"wp:term":[{"taxonomy":"product_brand","embeddable":true,"href":"https:\/\/roveyayinevi.com.tr\/index.php\/wp-json\/wp\/v2\/product_brand?post=698449"},{"taxonomy":"product_cat","embeddable":true,"href":"https:\/\/roveyayinevi.com.tr\/index.php\/wp-json\/wp\/v2\/product_cat?post=698449"},{"taxonomy":"product_tag","embeddable":true,"href":"https:\/\/roveyayinevi.com.tr\/index.php\/wp-json\/wp\/v2\/product_tag?post=698449"}],"curies":[{"name":"wp","href":"https:\/\/api.w.org\/{rel}","templated":true}]}}