{"id":698446,"date":"2025-08-27T14:45:31","date_gmt":"2025-08-27T11:45:31","guid":{"rendered":"https:\/\/roveyayinevi.com.tr\/index.php\/urun\/cay-mucize-gidalar-7\/"},"modified":"2026-04-16T02:07:54","modified_gmt":"2026-04-15T23:07:54","slug":"cay-mucize-gidalar-7","status":"publish","type":"product","link":"https:\/\/roveyayinevi.com.tr\/index.php\/urun\/cay-mucize-gidalar-7\/","title":{"rendered":"\u00c7ay &#8211; Mucize G\u0131dalar 7"},"content":{"rendered":"<p>D\u00fcnyada sudan sonra en fazla i\u00e7ilen \u015fey olan \u00e7ay bir\u00e7o\u011fumuz i\u00e7in g\u00fcn\u00fcn keyfidir. <\/p>\n","protected":false},"excerpt":{"rendered":"<p>D\u00fcnyada sudan sonra en fazla i\u00e7ilen \u015fey olan \u00e7ay bir\u00e7o\u011fumuz i\u00e7in g\u00fcn\u00fcn keyfidir.<\/p>\n","protected":false},"featured_media":0,"template":"","meta":{"_monsterinsights_skip_tracking":false,"_monsterinsights_sitenote_active":false,"_monsterinsights_sitenote_note":"","_monsterinsights_sitenote_category":0},"product_brand":[],"product_cat":[13402,13365],"product_tag":[],"class_list":{"0":"post-698446","1":"product","2":"type-product","3":"status-publish","5":"product_cat-beslenme-ve-diyet","6":"product_cat-saglik","7":"pa_tur-kitap","8":"pa_yayinevi-kuraldisi-yayinevi","9":"pa_yazar-penny-stanway","11":"first","12":"instock","13":"sale","14":"shipping-taxable","15":"purchasable","16":"product-type-simple"},"_links":{"self":[{"href":"https:\/\/roveyayinevi.com.tr\/index.php\/wp-json\/wp\/v2\/product\/698446","targetHints":{"allow":["GET"]}}],"collection":[{"href":"https:\/\/roveyayinevi.com.tr\/index.php\/wp-json\/wp\/v2\/product"}],"about":[{"href":"https:\/\/roveyayinevi.com.tr\/index.php\/wp-json\/wp\/v2\/types\/product"}],"wp:attachment":[{"href":"https:\/\/roveyayinevi.com.tr\/index.php\/wp-json\/wp\/v2\/media?parent=698446"}],"wp:term":[{"taxonomy":"product_brand","embeddable":true,"href":"https:\/\/roveyayinevi.com.tr\/index.php\/wp-json\/wp\/v2\/product_brand?post=698446"},{"taxonomy":"product_cat","embeddable":true,"href":"https:\/\/roveyayinevi.com.tr\/index.php\/wp-json\/wp\/v2\/product_cat?post=698446"},{"taxonomy":"product_tag","embeddable":true,"href":"https:\/\/roveyayinevi.com.tr\/index.php\/wp-json\/wp\/v2\/product_tag?post=698446"}],"curies":[{"name":"wp","href":"https:\/\/api.w.org\/{rel}","templated":true}]}}