{"id":698445,"date":"2025-08-27T14:45:31","date_gmt":"2025-08-27T11:45:31","guid":{"rendered":"https:\/\/roveyayinevi.com.tr\/index.php\/urun\/nagazaki\/"},"modified":"2026-04-16T02:07:54","modified_gmt":"2026-04-15T23:07:54","slug":"nagazaki","status":"publish","type":"product","link":"https:\/\/roveyayinevi.com.tr\/index.php\/urun\/nagazaki\/","title":{"rendered":"Nagazaki"},"content":{"rendered":"<p>Nagazaki&#8217;nin banliy\u00f6s\u00fcnde yaln\u0131z ya\u015fayan Shimura-san&#8217;\u0131n d\u00fczenli hayat\u0131 bir g\u00fcn tuhaf bir bi\u00e7imde de\u011fi\u015fir; evinde nesneler, esrarengiz bir \u015fekilde yer de\u011fi\u015ftirip yiyecekler kayboluyordur. Bu bir hayaletin i\u015fi midir yoksa Shimura-san&#8217;\u0131n sanr\u0131s\u0131 m\u0131? Ger\u00e7ek, gizlenmi\u015f bir kamera sayesinde ortaya \u00e7\u0131kar.Ya\u015fanm\u0131\u015f bir olaydan esinlenen, Frans\u0131z Akademisi B\u00fcy\u00fck Roman \u00d6d\u00fcl\u00fc&#8217;n\u00fc kazanm\u0131\u015f Nagazaki, \u00fczerine Japonya tarihinin g\u00f6lgesinin d\u00fc\u015ft\u00fc\u011f\u00fc ve su\u00e7luluk, utan\u00e7, yaln\u0131zl\u0131k, pi\u015fmanl\u0131k temalar\u0131n\u0131 harmanlayan k\u00fc\u00e7\u00fck ancak \u00e7arp\u0131c\u0131 bir anlat\u0131&#8230;<\/p>\n","protected":false},"excerpt":{"rendered":"<p>Nagazaki&#8217;nin banliy\u00f6s\u00fcnde yaln\u0131z ya\u015fayan Shimura-san&#8217;\u0131n d\u00fczenli hayat\u0131 bir g\u00fcn tuhaf bir bi\u00e7imde de\u011fi\u015fir; evinde nesneler, esrarengiz bir \u015fekilde yer de\u011fi\u015ftirip yiyecekler kayboluyordur. Bu bir hayaletin i\u015fi<span class=\"excerpt-hellip\"> [\u2026]<\/span><\/p>\n","protected":false},"featured_media":0,"template":"","meta":{"_monsterinsights_skip_tracking":false,"_monsterinsights_sitenote_active":false,"_monsterinsights_sitenote_note":"","_monsterinsights_sitenote_category":0},"product_brand":[],"product_cat":[12291,12711],"product_tag":[],"class_list":{"0":"post-698445","1":"product","2":"type-product","3":"status-publish","5":"product_cat-edebiyat","6":"product_cat-roman-oyku","7":"pa_cilt-ciltsiz","8":"pa_tur-kitap","9":"pa_yayinevi-sel-yayincilik","10":"pa_yazar-eric-faye","12":"first","13":"instock","14":"sale","15":"shipping-taxable","16":"purchasable","17":"product-type-simple"},"_links":{"self":[{"href":"https:\/\/roveyayinevi.com.tr\/index.php\/wp-json\/wp\/v2\/product\/698445","targetHints":{"allow":["GET"]}}],"collection":[{"href":"https:\/\/roveyayinevi.com.tr\/index.php\/wp-json\/wp\/v2\/product"}],"about":[{"href":"https:\/\/roveyayinevi.com.tr\/index.php\/wp-json\/wp\/v2\/types\/product"}],"wp:attachment":[{"href":"https:\/\/roveyayinevi.com.tr\/index.php\/wp-json\/wp\/v2\/media?parent=698445"}],"wp:term":[{"taxonomy":"product_brand","embeddable":true,"href":"https:\/\/roveyayinevi.com.tr\/index.php\/wp-json\/wp\/v2\/product_brand?post=698445"},{"taxonomy":"product_cat","embeddable":true,"href":"https:\/\/roveyayinevi.com.tr\/index.php\/wp-json\/wp\/v2\/product_cat?post=698445"},{"taxonomy":"product_tag","embeddable":true,"href":"https:\/\/roveyayinevi.com.tr\/index.php\/wp-json\/wp\/v2\/product_tag?post=698445"}],"curies":[{"name":"wp","href":"https:\/\/api.w.org\/{rel}","templated":true}]}}