{"id":698442,"date":"2025-08-27T14:45:30","date_gmt":"2025-08-27T11:45:30","guid":{"rendered":"https:\/\/roveyayinevi.com.tr\/index.php\/urun\/benim-babam-sihirbaz\/"},"modified":"2026-04-16T02:07:54","modified_gmt":"2026-04-15T23:07:54","slug":"benim-babam-sihirbaz","status":"publish","type":"product","link":"https:\/\/roveyayinevi.com.tr\/index.php\/urun\/benim-babam-sihirbaz\/","title":{"rendered":"Benim Babam Sihirbaz"},"content":{"rendered":"<p>Ayt\u00fcl Akal\u2019\u0131n \u201ck\u00fc\u00e7\u00fck\u201d aksilikler kar\u015f\u0131s\u0131nda bile \u015fakay\u0131 bir kenara b\u0131rakmayan, kendine \u00f6zg\u00fc yarat\u0131c\u0131 y\u00f6ntemleriyle i\u015fleri yoluna sokan, capcanl\u0131 ve renkli karakterleri yine kar\u015f\u0131m\u0131zda. Kimin babas\u0131 askerde? Krem kullanmak ne i\u015fler a\u00e7acak bakal\u0131m kahraman\u0131n ba\u015f\u0131na\u2026 \ufffcTan\u0131t\u0131m Metni<\/p>\n","protected":false},"excerpt":{"rendered":"<p>Ayt\u00fcl Akal\u2019\u0131n \u201ck\u00fc\u00e7\u00fck\u201d aksilikler kar\u015f\u0131s\u0131nda bile \u015fakay\u0131 bir kenara b\u0131rakmayan, kendine \u00f6zg\u00fc yarat\u0131c\u0131 y\u00f6ntemleriyle i\u015fleri yoluna sokan, capcanl\u0131 ve renkli karakterleri yine kar\u015f\u0131m\u0131zda. Kimin babas\u0131 askerde?<span class=\"excerpt-hellip\"> [\u2026]<\/span><\/p>\n","protected":false},"featured_media":0,"template":"","meta":{"_monsterinsights_skip_tracking":false,"_monsterinsights_sitenote_active":false,"_monsterinsights_sitenote_note":"","_monsterinsights_sitenote_category":0},"product_brand":[],"product_cat":[12274,12284],"product_tag":[],"class_list":{"0":"post-698442","1":"product","2":"type-product","3":"status-publish","5":"product_cat-cocuk-ve-genclik-kitaplari","6":"product_cat-hikayeler","7":"pa_cilt-ciltsiz","8":"pa_tur-kitap","9":"pa_yayinevi-tudem-yayinlari","10":"pa_yazar-aytul-akal","12":"first","13":"instock","14":"sale","15":"shipping-taxable","16":"purchasable","17":"product-type-simple"},"_links":{"self":[{"href":"https:\/\/roveyayinevi.com.tr\/index.php\/wp-json\/wp\/v2\/product\/698442","targetHints":{"allow":["GET"]}}],"collection":[{"href":"https:\/\/roveyayinevi.com.tr\/index.php\/wp-json\/wp\/v2\/product"}],"about":[{"href":"https:\/\/roveyayinevi.com.tr\/index.php\/wp-json\/wp\/v2\/types\/product"}],"wp:attachment":[{"href":"https:\/\/roveyayinevi.com.tr\/index.php\/wp-json\/wp\/v2\/media?parent=698442"}],"wp:term":[{"taxonomy":"product_brand","embeddable":true,"href":"https:\/\/roveyayinevi.com.tr\/index.php\/wp-json\/wp\/v2\/product_brand?post=698442"},{"taxonomy":"product_cat","embeddable":true,"href":"https:\/\/roveyayinevi.com.tr\/index.php\/wp-json\/wp\/v2\/product_cat?post=698442"},{"taxonomy":"product_tag","embeddable":true,"href":"https:\/\/roveyayinevi.com.tr\/index.php\/wp-json\/wp\/v2\/product_tag?post=698442"}],"curies":[{"name":"wp","href":"https:\/\/api.w.org\/{rel}","templated":true}]}}