{"id":698440,"date":"2025-08-27T14:45:29","date_gmt":"2025-08-27T11:45:29","guid":{"rendered":"https:\/\/roveyayinevi.com.tr\/index.php\/urun\/bilim-ve-bilgelik\/"},"modified":"2026-04-16T02:07:54","modified_gmt":"2026-04-15T23:07:54","slug":"bilim-ve-bilgelik","status":"publish","type":"product","link":"https:\/\/roveyayinevi.com.tr\/index.php\/urun\/bilim-ve-bilgelik\/","title":{"rendered":"Bilim ve Bilgelik"},"content":{"rendered":"<p>Zerrelerden k\u00fcrelere hi\u00e7bir zaman bilmedi\u011fimiz kadar \u00e7ok \u015fey biliyoruz. Ne var ki hakk\u0131nda k\u0131r\u0131k d\u00f6k\u00fck bilgi sahibi olunan bunca \u015fey ancak cehaleti da\u011f\u0131tmaya yetiyor, hamakat baki kal\u0131yor. Basiretsizlik neredeyse insan\u0131n b\u00fct\u00fcn i\u015flerine damgas\u0131n\u0131 vuruyor ve ya\u015fl\u0131 d\u00fcnya bu basiretsizli\u011fin eserleriyle her g\u00fcn biraz daha yaralan\u0131yor. Beri yanda eski d\u00fcnyan\u0131n \u201ch\u00fcr bir kimsenin u\u011fruna g\u00f6n\u00fcll\u00fc k\u00f6leli\u011fe katlanabilece\u011fi tek \u015fey\u201d dedi\u011fi bilgelik var.  Bilimcilik, d\u00fcnyan\u0131n yaln\u0131zca bilimin sa\u011flad\u0131\u011f\u0131 do\u011frularla anla\u015f\u0131labilece\u011fi d\u00fc\u015f\u00fcncesi bir yeni d\u00fcnya hastal\u0131\u011f\u0131ndan ba\u015fka bir \u015fey olmayabilir. Eski d\u00fcnyan\u0131n bilgeli\u011finin b\u00fcy\u00fck katk\u0131s\u0131 t\u00fcm insani tecr\u00fcbe bi\u00e7imlerine dayanan be\u015feri de\u011ferleri yeniden ortaya \u00e7\u0131kararak bizi bu b\u00fcy\u00fck tehlikeden kurtarmak olabilir. Baya\u011f\u0131 bilim \u00e7o\u011fu kez \u00e7izdi\u011fi s\u0131n\u0131rlarla ve kazand\u0131\u011f\u0131 zihni al\u0131\u015fkanl\u0131klarla hakiki bilginin elde edilmesini zorla\u015ft\u0131rmakta, hatta imk\u00e2ns\u0131z hale getirmektedir. Yeni bir adalet ve do\u011fruluk anlay\u0131\u015f\u0131 ile insan i\u00e7in neyin en dolu, neyin en sa\u011fl\u0131kl\u0131 hayat\u0131 sa\u011flayaca\u011f\u0131 konusunda derin bir anlay\u0131\u015fa ihtiyac\u0131m\u0131z var. \u0130ndirgeyici bilimin ba\u015f\u0131m\u0131za sard\u0131\u011f\u0131 ve ne pahas\u0131na olursa olsun uzak durmam\u0131z gereken tehlikelerin art\u0131k ciddi bir \u015fekilde fark\u0131na varmam\u0131z gerekiyor. <\/p>\n","protected":false},"excerpt":{"rendered":"<p>Zerrelerden k\u00fcrelere hi\u00e7bir zaman bilmedi\u011fimiz kadar \u00e7ok \u015fey biliyoruz. Ne var ki hakk\u0131nda k\u0131r\u0131k d\u00f6k\u00fck bilgi sahibi olunan bunca \u015fey ancak cehaleti da\u011f\u0131tmaya yetiyor, hamakat baki<span class=\"excerpt-hellip\"> [\u2026]<\/span><\/p>\n","protected":false},"featured_media":0,"template":"","meta":{"_monsterinsights_skip_tracking":false,"_monsterinsights_sitenote_active":false,"_monsterinsights_sitenote_note":"","_monsterinsights_sitenote_category":0},"product_brand":[],"product_cat":[12389,12388],"product_tag":[],"class_list":{"0":"post-698440","1":"product","2":"type-product","3":"status-publish","5":"product_cat-diger-felsefe","6":"product_cat-felsefe","7":"pa_cilt-ciltsiz","8":"pa_tur-kitap","9":"pa_yayinevi-say-yayinlari","10":"pa_yazar-arthur-schopenhauer","12":"first","13":"instock","14":"sale","15":"shipping-taxable","16":"purchasable","17":"product-type-simple"},"_links":{"self":[{"href":"https:\/\/roveyayinevi.com.tr\/index.php\/wp-json\/wp\/v2\/product\/698440","targetHints":{"allow":["GET"]}}],"collection":[{"href":"https:\/\/roveyayinevi.com.tr\/index.php\/wp-json\/wp\/v2\/product"}],"about":[{"href":"https:\/\/roveyayinevi.com.tr\/index.php\/wp-json\/wp\/v2\/types\/product"}],"wp:attachment":[{"href":"https:\/\/roveyayinevi.com.tr\/index.php\/wp-json\/wp\/v2\/media?parent=698440"}],"wp:term":[{"taxonomy":"product_brand","embeddable":true,"href":"https:\/\/roveyayinevi.com.tr\/index.php\/wp-json\/wp\/v2\/product_brand?post=698440"},{"taxonomy":"product_cat","embeddable":true,"href":"https:\/\/roveyayinevi.com.tr\/index.php\/wp-json\/wp\/v2\/product_cat?post=698440"},{"taxonomy":"product_tag","embeddable":true,"href":"https:\/\/roveyayinevi.com.tr\/index.php\/wp-json\/wp\/v2\/product_tag?post=698440"}],"curies":[{"name":"wp","href":"https:\/\/api.w.org\/{rel}","templated":true}]}}