{"id":698437,"date":"2025-08-27T14:45:28","date_gmt":"2025-08-27T11:45:28","guid":{"rendered":"https:\/\/roveyayinevi.com.tr\/index.php\/urun\/canavar-pesinde-serisi-21-avantianin-tilsimi-magara-trolu-rasuk\/"},"modified":"2026-04-13T02:09:45","modified_gmt":"2026-04-12T23:09:45","slug":"canavar-pesinde-serisi-21-avantianin-tilsimi-magara-trolu-rasuk","status":"publish","type":"product","link":"https:\/\/roveyayinevi.com.tr\/index.php\/urun\/canavar-pesinde-serisi-21-avantianin-tilsimi-magara-trolu-rasuk\/","title":{"rendered":"Canavar Pe\u015finde Serisi 21 &#8211; Avantia&#8217;n\u0131n T\u0131ls\u0131m\u0131 (Ma\u011fara Trol\u00fc Ra\u015fuk)"},"content":{"rendered":"<p>Yepyeni Canavar Pe\u015finde maceras\u0131na ho\u015f geldiniz: Avantia&#8217;n\u0131n T\u0131ls\u0131m\u0131 Tom, sonunda babas\u0131n\u0131 buldu. Fakat babas\u0131 Taladon, ger\u00e7ek d\u00fcnya ile ruhlar d\u00fcnyas\u0131 aras\u0131nda s\u0131k\u0131\u015f\u0131p kalm\u0131\u015f durumda. Tom&#8217;un onu kurtarabilmesi i\u00e7in Hayalet Canavarlarla sava\u015fmas\u0131 ve par\u00e7alar\u0131na ayr\u0131lm\u0131\u015f olan Avantia&#8217;n\u0131n T\u0131ls\u0131m\u0131&#8217;n\u0131 birle\u015ftirmesi gerekiyor. Tom&#8217;un sava\u015faca\u011f\u0131 \u00fc\u00e7\u00fcnc\u00fc Hayalet Canavar, Ma\u011fara Trol\u00fc Ra\u015fuk. \u00d6l\u00fc Da\u011flar&#8217;daki ma\u011faras\u0131nda gizlenen Ra\u015fuk, kurbanlar\u0131n\u0131 ta\u015fa \u00e7eviren korkun\u00e7 bir canavar.  Tom&#8217;un Ra\u015fuk&#8217;tan t\u0131ls\u0131m\u0131n \u00fc\u00e7\u00fcnc\u00fc par\u00e7as\u0131n\u0131 almas\u0131 hi\u00e7 de kolay de\u011fil ama ba\u015far\u0131s\u0131z olursa babas\u0131n\u0131 bir daha asla g\u00f6remeyecek&#8230;<\/p>\n","protected":false},"excerpt":{"rendered":"<p>Yepyeni Canavar Pe\u015finde maceras\u0131na ho\u015f geldiniz: Avantia&#8217;n\u0131n T\u0131ls\u0131m\u0131 Tom, sonunda babas\u0131n\u0131 buldu. Fakat babas\u0131 Taladon, ger\u00e7ek d\u00fcnya ile ruhlar d\u00fcnyas\u0131 aras\u0131nda s\u0131k\u0131\u015f\u0131p kalm\u0131\u015f durumda. Tom&#8217;un onu<span class=\"excerpt-hellip\"> [\u2026]<\/span><\/p>\n","protected":false},"featured_media":0,"template":"","meta":{"_monsterinsights_skip_tracking":false,"_monsterinsights_sitenote_active":false,"_monsterinsights_sitenote_note":"","_monsterinsights_sitenote_category":0},"product_brand":[],"product_cat":[12275,12274],"product_tag":[],"class_list":{"0":"post-698437","1":"product","2":"type-product","3":"status-publish","5":"product_cat-6-12-yas-kitaplari","6":"product_cat-cocuk-ve-genclik-kitaplari","7":"pa_cilt-ciltsiz","8":"pa_tur-kitap","9":"pa_yayinevi-beyaz-balina-yayinlari","10":"pa_yazar-adam-blade","12":"first","13":"instock","14":"sale","15":"shipping-taxable","16":"purchasable","17":"product-type-simple"},"_links":{"self":[{"href":"https:\/\/roveyayinevi.com.tr\/index.php\/wp-json\/wp\/v2\/product\/698437","targetHints":{"allow":["GET"]}}],"collection":[{"href":"https:\/\/roveyayinevi.com.tr\/index.php\/wp-json\/wp\/v2\/product"}],"about":[{"href":"https:\/\/roveyayinevi.com.tr\/index.php\/wp-json\/wp\/v2\/types\/product"}],"wp:attachment":[{"href":"https:\/\/roveyayinevi.com.tr\/index.php\/wp-json\/wp\/v2\/media?parent=698437"}],"wp:term":[{"taxonomy":"product_brand","embeddable":true,"href":"https:\/\/roveyayinevi.com.tr\/index.php\/wp-json\/wp\/v2\/product_brand?post=698437"},{"taxonomy":"product_cat","embeddable":true,"href":"https:\/\/roveyayinevi.com.tr\/index.php\/wp-json\/wp\/v2\/product_cat?post=698437"},{"taxonomy":"product_tag","embeddable":true,"href":"https:\/\/roveyayinevi.com.tr\/index.php\/wp-json\/wp\/v2\/product_tag?post=698437"}],"curies":[{"name":"wp","href":"https:\/\/api.w.org\/{rel}","templated":true}]}}