{"id":698419,"date":"2025-08-27T14:45:18","date_gmt":"2025-08-27T11:45:18","guid":{"rendered":"https:\/\/roveyayinevi.com.tr\/index.php\/urun\/bir-kuran-sairi\/"},"modified":"2026-04-16T02:07:54","modified_gmt":"2026-04-15T23:07:54","slug":"bir-kuran-sairi","status":"publish","type":"product","link":"https:\/\/roveyayinevi.com.tr\/index.php\/urun\/bir-kuran-sairi\/","title":{"rendered":"Bir Kur\u2019an \u015eairi"},"content":{"rendered":"<p>Kur\u2019an \u015e\u00e2iri, kolay kolay eskimeyen bir sesin ve s\u00f6z\u00fcn sahibiydi. \u0130nanan ve inand\u0131\u011f\u0131 gibi ya\u015fayan biriydi! D\u00fcr\u00fcst muhaliflerinin bile ahl\u00e2k\u0131na ve bilgisine toz kondurmad\u0131klar\u0131, konduramad\u0131klar\u0131 bir d\u00e2v\u00e2 adam\u0131yd\u0131. \u0130ddias\u0131 vard\u0131, d\u00e2v\u00e2s\u0131 vard\u0131, u\u011frunda her t\u00fcrl\u00fc eziyet ve cef\u00e2ya katland\u0131\u011f\u0131 sevd\u00e2s\u0131 vard\u0131. Kur\u2019an \u015e\u00e2iri hakk\u0131nda birileri,  hurafelere tak\u0131lan adam  tabirini kullanm\u0131\u015ft\u0131. Binaenaleyh bu kitap, onu o  hurafeler den tezkiye etmek i\u00e7in de\u011fil, bil\u00e2kis onun  hurafelerini  h\u00e2l\u00e2 takip edenlerin bulundu\u011funu ve dah\u00ee,  hurafelerinin  zerresini bile fed\u00e2 etmeyi d\u00fc\u015f\u00fcnmediklerini hat\u0131rlatmak i\u00e7in yaz\u0131ld\u0131. <\/p>\n","protected":false},"excerpt":{"rendered":"<p>Kur\u2019an \u015e\u00e2iri, kolay kolay eskimeyen bir sesin ve s\u00f6z\u00fcn sahibiydi. \u0130nanan ve inand\u0131\u011f\u0131 gibi ya\u015fayan biriydi! D\u00fcr\u00fcst muhaliflerinin bile ahl\u00e2k\u0131na ve bilgisine toz kondurmad\u0131klar\u0131, konduramad\u0131klar\u0131 bir<span class=\"excerpt-hellip\"> [\u2026]<\/span><\/p>\n","protected":false},"featured_media":0,"template":"","meta":{"_monsterinsights_skip_tracking":false,"_monsterinsights_sitenote_active":false,"_monsterinsights_sitenote_note":"","_monsterinsights_sitenote_category":0},"product_brand":[],"product_cat":[13036,12718,12719],"product_tag":[],"class_list":{"0":"post-698419","1":"product","2":"type-product","3":"status-publish","5":"product_cat-arastirma-inceleme-islam","6":"product_cat-din","7":"product_cat-islam","8":"pa_cilt-ciltsiz","9":"pa_tur-kitap","10":"pa_yayinevi-kapi-yayinlari","11":"pa_yazar-ducane-cundioglu","13":"first","14":"instock","15":"sale","16":"shipping-taxable","17":"purchasable","18":"product-type-simple"},"_links":{"self":[{"href":"https:\/\/roveyayinevi.com.tr\/index.php\/wp-json\/wp\/v2\/product\/698419","targetHints":{"allow":["GET"]}}],"collection":[{"href":"https:\/\/roveyayinevi.com.tr\/index.php\/wp-json\/wp\/v2\/product"}],"about":[{"href":"https:\/\/roveyayinevi.com.tr\/index.php\/wp-json\/wp\/v2\/types\/product"}],"wp:attachment":[{"href":"https:\/\/roveyayinevi.com.tr\/index.php\/wp-json\/wp\/v2\/media?parent=698419"}],"wp:term":[{"taxonomy":"product_brand","embeddable":true,"href":"https:\/\/roveyayinevi.com.tr\/index.php\/wp-json\/wp\/v2\/product_brand?post=698419"},{"taxonomy":"product_cat","embeddable":true,"href":"https:\/\/roveyayinevi.com.tr\/index.php\/wp-json\/wp\/v2\/product_cat?post=698419"},{"taxonomy":"product_tag","embeddable":true,"href":"https:\/\/roveyayinevi.com.tr\/index.php\/wp-json\/wp\/v2\/product_tag?post=698419"}],"curies":[{"name":"wp","href":"https:\/\/api.w.org\/{rel}","templated":true}]}}