{"id":698416,"date":"2025-08-27T14:45:17","date_gmt":"2025-08-27T11:45:17","guid":{"rendered":"https:\/\/roveyayinevi.com.tr\/index.php\/urun\/sihirli-krallik-denizkizi-kayaliklari-4-kitap\/"},"modified":"2026-04-16T02:07:54","modified_gmt":"2026-04-15T23:07:54","slug":"sihirli-krallik-denizkizi-kayaliklari-4-kitap","status":"publish","type":"product","link":"https:\/\/roveyayinevi.com.tr\/index.php\/urun\/sihirli-krallik-denizkizi-kayaliklari-4-kitap\/","title":{"rendered":"Sihirli Krall\u0131k Denizk\u0131z\u0131 Kayal\u0131klar\u0131 4. Kitap"},"content":{"rendered":"<p>S\u0131rad\u0131\u015f\u0131 bir yolculu\u011fa \u00e7\u0131karak Sihirli Krall\u0131k\u2019\u0131 ke\u015ffetmeye haz\u0131r m\u0131s\u0131n? Suyun alt\u0131nda b\u00fcy\u00fcl\u00fc bir maceraya at\u0131lan Ellie, Summer ve Yasmin, denizk\u0131zlar\u0131yla tan\u0131\u015f\u0131yor! D\u00f6rd\u00fcnc\u00fc y\u0131ld\u0131r\u0131m\u0131n\u0131, denizin derinliklerine saklayan Fesat Krali\u00e7e, bu kez dilek incisinin pe\u015finde. \u00dc\u00e7 arkada\u015f, sahip olan ki\u015finin t\u00fcm isteklerini yerine getiren bu de\u011ferli inciyi koruyabilecek mi? T\u00fcm ser\u00fcvene ortak olmak i\u00e7in dizinin di\u011fer kitaplar\u0131n\u0131 okumay\u0131 unutma! <\/p>\n","protected":false},"excerpt":{"rendered":"<p>S\u0131rad\u0131\u015f\u0131 bir yolculu\u011fa \u00e7\u0131karak Sihirli Krall\u0131k\u2019\u0131 ke\u015ffetmeye haz\u0131r m\u0131s\u0131n? Suyun alt\u0131nda b\u00fcy\u00fcl\u00fc bir maceraya at\u0131lan Ellie, Summer ve Yasmin, denizk\u0131zlar\u0131yla tan\u0131\u015f\u0131yor! D\u00f6rd\u00fcnc\u00fc y\u0131ld\u0131r\u0131m\u0131n\u0131, denizin derinliklerine saklayan<span class=\"excerpt-hellip\"> [\u2026]<\/span><\/p>\n","protected":false},"featured_media":0,"template":"","meta":{"_monsterinsights_skip_tracking":false,"_monsterinsights_sitenote_active":false,"_monsterinsights_sitenote_note":"","_monsterinsights_sitenote_category":0},"product_brand":[],"product_cat":[12275,12274],"product_tag":[],"class_list":{"0":"post-698416","1":"product","2":"type-product","3":"status-publish","5":"product_cat-6-12-yas-kitaplari","6":"product_cat-cocuk-ve-genclik-kitaplari","7":"pa_cilt-ciltsiz","8":"pa_tur-kitap","9":"pa_yayinevi-dogan-egmont-yayincilik","10":"pa_yazar-rosie-banks","12":"first","13":"instock","14":"sale","15":"shipping-taxable","16":"purchasable","17":"product-type-simple"},"_links":{"self":[{"href":"https:\/\/roveyayinevi.com.tr\/index.php\/wp-json\/wp\/v2\/product\/698416","targetHints":{"allow":["GET"]}}],"collection":[{"href":"https:\/\/roveyayinevi.com.tr\/index.php\/wp-json\/wp\/v2\/product"}],"about":[{"href":"https:\/\/roveyayinevi.com.tr\/index.php\/wp-json\/wp\/v2\/types\/product"}],"wp:attachment":[{"href":"https:\/\/roveyayinevi.com.tr\/index.php\/wp-json\/wp\/v2\/media?parent=698416"}],"wp:term":[{"taxonomy":"product_brand","embeddable":true,"href":"https:\/\/roveyayinevi.com.tr\/index.php\/wp-json\/wp\/v2\/product_brand?post=698416"},{"taxonomy":"product_cat","embeddable":true,"href":"https:\/\/roveyayinevi.com.tr\/index.php\/wp-json\/wp\/v2\/product_cat?post=698416"},{"taxonomy":"product_tag","embeddable":true,"href":"https:\/\/roveyayinevi.com.tr\/index.php\/wp-json\/wp\/v2\/product_tag?post=698416"}],"curies":[{"name":"wp","href":"https:\/\/api.w.org\/{rel}","templated":true}]}}