{"id":698413,"date":"2025-08-27T14:45:16","date_gmt":"2025-08-27T11:45:16","guid":{"rendered":"https:\/\/roveyayinevi.com.tr\/index.php\/urun\/21-yuzyilda-planlama\/"},"modified":"2026-04-16T02:07:53","modified_gmt":"2026-04-15T23:07:53","slug":"21-yuzyilda-planlama","status":"publish","type":"product","link":"https:\/\/roveyayinevi.com.tr\/index.php\/urun\/21-yuzyilda-planlama\/","title":{"rendered":"21. Y\u00fczy\u0131l&#8217;da Planlama"},"content":{"rendered":"<p>Son otuz y\u0131l\u0131n d\u00fcnya tablosu, insanl\u0131\u011f\u0131 i\u00e7inden nas\u0131l \u00e7\u0131k\u0131laca\u011f\u0131 belli olmayan bir sorunlar yuma\u011f\u0131n\u0131n i\u00e7inde g\u00f6stermektedir. Bu tablo d\u00fcnya ekonomisinin ve siyasetinin ufkunu belirsizle\u015ftirmektedir. Bu durum, T\u00fcrkiye i\u00e7in de ge\u00e7erlidir. Belirsizlik, olas\u0131 kazan\u00e7lardan \u00e7ok, olas\u0131 zaiyat\u0131n artaca\u011f\u0131na i\u015farettir. Ekonomide d\u00fcnyaya a\u00e7\u0131lma, b\u00fct\u00fcnle\u015fme ak\u0131m\u0131n\u0131n vazge\u00e7ilmeyen bir moda niteli\u011fine b\u00fcr\u00fcnmesi, planlama akl\u0131n\u0131 gitgide zay\u0131flatm\u0131\u015ft\u0131r. \u00dclkenin insan kaynaklar\u0131 potansiyelinin toplum i\u00e7in yararl\u0131 bir \u015fekilde de\u011ferlendirilmesi, planlama akl\u0131na sahip olmaktan ge\u00e7mektedir.  21. y\u00fczy\u0131l i\u00e7in planlamay\u0131 d\u00fc\u015f\u00fcnmek ve yayabilmek arzusu, i\u015fin analiz edilen \u00e7es?itli boyutlar\u0131n\u0131n \u00fcr\u00fcn\u00fcd\u00fcr ve bu yayg\u0131nla\u015facak bir arzudur. Planlamaya duyulan ihtiya\u00e7, sorunlar\u0131n ve \u00f6n\u00fcm\u00fczdeki ufkun sundu\u011fu bu \u00e7e\u015fitli boyutlar\u0131n bir araya geli\u015fi ile somutluk kazan\u0131yor. Bu kitapta yer alan makalelerin temel sorunu da, planlama konusunda zay\u0131flayan ak\u0131l ve bu kolektif akl\u0131n yeniden in\u015fas\u0131d\u0131r. <\/p>\n","protected":false},"excerpt":{"rendered":"<p>Son otuz y\u0131l\u0131n d\u00fcnya tablosu, insanl\u0131\u011f\u0131 i\u00e7inden nas\u0131l \u00e7\u0131k\u0131laca\u011f\u0131 belli olmayan bir sorunlar yuma\u011f\u0131n\u0131n i\u00e7inde g\u00f6stermektedir. Bu tablo d\u00fcnya ekonomisinin ve siyasetinin ufkunu belirsizle\u015ftirmektedir. Bu durum,<span class=\"excerpt-hellip\"> [\u2026]<\/span><\/p>\n","protected":false},"featured_media":0,"template":"","meta":{"_monsterinsights_skip_tracking":false,"_monsterinsights_sitenote_active":false,"_monsterinsights_sitenote_note":"","_monsterinsights_sitenote_category":0},"product_brand":[],"product_cat":[12304,13650],"product_tag":[],"class_list":{"0":"post-698413","1":"product","2":"type-product","3":"status-publish","5":"product_cat-tarih","6":"product_cat-turk-tarihi-arastirmalari","7":"pa_cilt-ciltsiz","8":"pa_tur-kitap","9":"pa_yayinevi-nika-yayinevi","10":"pa_yazar-gulbiye-yenimahalleli-yasar","11":"pa_yazar-hakan-mihci-der","13":"first","14":"instock","15":"sale","16":"shipping-taxable","17":"purchasable","18":"product-type-simple"},"_links":{"self":[{"href":"https:\/\/roveyayinevi.com.tr\/index.php\/wp-json\/wp\/v2\/product\/698413","targetHints":{"allow":["GET"]}}],"collection":[{"href":"https:\/\/roveyayinevi.com.tr\/index.php\/wp-json\/wp\/v2\/product"}],"about":[{"href":"https:\/\/roveyayinevi.com.tr\/index.php\/wp-json\/wp\/v2\/types\/product"}],"wp:attachment":[{"href":"https:\/\/roveyayinevi.com.tr\/index.php\/wp-json\/wp\/v2\/media?parent=698413"}],"wp:term":[{"taxonomy":"product_brand","embeddable":true,"href":"https:\/\/roveyayinevi.com.tr\/index.php\/wp-json\/wp\/v2\/product_brand?post=698413"},{"taxonomy":"product_cat","embeddable":true,"href":"https:\/\/roveyayinevi.com.tr\/index.php\/wp-json\/wp\/v2\/product_cat?post=698413"},{"taxonomy":"product_tag","embeddable":true,"href":"https:\/\/roveyayinevi.com.tr\/index.php\/wp-json\/wp\/v2\/product_tag?post=698413"}],"curies":[{"name":"wp","href":"https:\/\/api.w.org\/{rel}","templated":true}]}}