{"id":698412,"date":"2025-08-27T14:45:16","date_gmt":"2025-08-27T11:45:16","guid":{"rendered":"https:\/\/roveyayinevi.com.tr\/index.php\/urun\/arabistandan-oteye-cilt1\/"},"modified":"2026-04-16T02:07:53","modified_gmt":"2026-04-15T23:07:53","slug":"arabistandan-oteye-cilt1","status":"publish","type":"product","link":"https:\/\/roveyayinevi.com.tr\/index.php\/urun\/arabistandan-oteye-cilt1\/","title":{"rendered":"Arabistan&#8217;dan \u00d6teye Cilt:1"},"content":{"rendered":"<p>Arap tarihinin \u00e7o\u011funlukla \u0130slamiyet\u2019le ba\u015flad\u0131\u011f\u0131 varsay\u0131l\u0131r. Oysa Arap tarihinin biny\u0131llarca \u00f6ncesine dayanan, Avrupa tarihi ve kimli\u011fiyle i\u00e7 i\u00e7e geli\u015fen uzun bir ge\u00e7mi\u015fi vard\u0131r. Nitekim Araplar\u0131n atalar\u0131 Fenikeliler M\u00d6 birinci biny\u0131l\u0131n ba\u015flar\u0131nda \u0130ngiltere ve Bat\u0131 Afrika k\u0131y\u0131lar\u0131na ke\u015fif seferleri d\u00fczenledikleri gibi \u0130spanya, Sicilya ve Kuzey Afrika\u2019da koloniler kurmu\u015flard\u0131. Dolay\u0131s\u0131yla Fenikeliler ve Araplar, hem Avrupal\u0131 hem de Asyal\u0131 yanlar\u0131 bulunan Avrupa tarihinin bir par\u00e7as\u0131n\u0131 meydana getirirler. Avrupa\u2019y\u0131 Avrupa yapan da tarihinin bu \u00f6zelli\u011fidir.Arabistan\u2019dan \u00d6teye Araplar\u0131n yan\u0131 s\u0131ra di\u011fer Sami halk ve k\u00fclt\u00fcrlerin \u201cBat\u0131 Uygarl\u0131\u011f\u0131\u201d \u00fczerindeki etkilerini anlatan m\u00fckemmel ve ayd\u0131nlat\u0131c\u0131 bir incelemedir. \u201cDo\u011fu\u201d \/ \u201cOrta Do\u011fu\u201d k\u00f6kenli \u00e7e\u015fitli halk ve k\u00fclt\u00fcrlerin \u201cBat\u0131\u2019da\u201d b\u0131rakt\u0131klar\u0131 izlerin ele al\u0131nd\u0131\u011f\u0131 d\u00f6rt ciltlik \u201cAvrupa\u2019daki Asya ve Bat\u0131\u2019n\u0131n \u015eekilleni\u015fi\u201d adl\u0131 dizinin de ilk cildidir. Baz\u0131 hat\u0131r\u0131 say\u0131l\u0131r ara\u015ft\u0131rmac\u0131lar dahil \u00e7ok say\u0131da insan, Bat\u0131 uygarl\u0131\u011f\u0131n\u0131n kendi kendini yaratt\u0131\u011f\u0131 kan\u0131s\u0131yla hareket etmekte, Bat\u0131\u2019y\u0131 \u015fekillendirmekte \u00f6nemli rol oynayan ama Avrupa d\u0131\u015f\u0131ndan gelen uygarl\u0131klar\u0131n miras\u0131n\u0131 dikkate almamaktad\u0131r. Ne yaz\u0131k ki \u00f6teki say\u0131lan bu k\u00fclt\u00fcrlerin felsefe, tarih yaz\u0131c\u0131l\u0131\u011f\u0131, hukuk, siyasa, matematik, fen ve di\u011fer y\u00fcksek k\u00fclt\u00fcr unsurlar\u0131na katk\u0131lar\u0131 g\u00f6rmezden gelinmi\u015f, bunlar sadece Avrupa\u2019n\u0131n eserleri say\u0131lm\u0131\u015ft\u0131r.Warwick Ball bu incelemesinde Arap tarihine \u00f6zg\u00fcn ve k\u0131\u015fk\u0131rt\u0131c\u0131 ama ayn\u0131 \u00f6l\u00e7\u00fcde ikna edici bir bak\u0131\u015f a\u00e7\u0131s\u0131yla yakla\u015fmaktad\u0131r. Onun zihninde canland\u0131rd\u0131\u011f\u0131 Arap halifesiyle Roma imparatoru imgeleri al\u0131\u015f\u0131lageldiklerimizden \u00e7ok farkl\u0131d\u0131r. Halife sar\u0131 sa\u00e7l\u0131 mavi g\u00f6zl\u00fc, Roma imparatoru da Suriye\u2019deki bir ta\u015fra kasabas\u0131 \u015feyhinin o\u011fludur. \u0130lki onuncu y\u00fczy\u0131lda End\u00fcl\u00fcs\u2019e h\u00fckmeden, Arap tarihinin en \u00f6nemli emirlerinden Halife III. Abdurrahman\u2019d\u0131r. Di\u011feriyse \u00fc\u00e7\u00fcnc\u00fc y\u00fczy\u0131lda Roma\u2019n\u0131n bininci kurulu\u015f y\u0131ld\u00f6n\u00fcm\u00fcn\u00fc kutlayan \u0130mparator Arap Philippus\u2019tur. Ayn\u0131 zamanda hem Avrupal\u0131 hem de Arap olan bu iki tarihi \u015fahsiyet, binlerce y\u0131la yay\u0131lan ortak bir tarihin \u00e7apra\u015f\u0131kl\u0131\u011f\u0131n\u0131, Avrupa\u2019n\u0131n Arabistan ve Yak\u0131ndo\u011fu\u2019yla ne kadar i\u00e7 i\u00e7e ge\u00e7ti\u011fini g\u00f6stermektedir.<\/p>\n","protected":false},"excerpt":{"rendered":"<p>Arap tarihinin \u00e7o\u011funlukla \u0130slamiyet\u2019le ba\u015flad\u0131\u011f\u0131 varsay\u0131l\u0131r. Oysa Arap tarihinin biny\u0131llarca \u00f6ncesine dayanan, Avrupa tarihi ve kimli\u011fiyle i\u00e7 i\u00e7e geli\u015fen uzun bir ge\u00e7mi\u015fi vard\u0131r. Nitekim Araplar\u0131n atalar\u0131<span class=\"excerpt-hellip\"> [\u2026]<\/span><\/p>\n","protected":false},"featured_media":0,"template":"","meta":{"_monsterinsights_skip_tracking":false,"_monsterinsights_sitenote_active":false,"_monsterinsights_sitenote_note":"","_monsterinsights_sitenote_category":0},"product_brand":[],"product_cat":[13590,12337],"product_tag":[],"class_list":{"0":"post-698412","1":"product","2":"type-product","3":"status-publish","5":"product_cat-arastirma-inceleme-politika-siyaset","6":"product_cat-politika-siyaset","7":"pa_cilt-ciltsiz","8":"pa_tur-kitap","9":"pa_yayinevi-ayrinti-yayinlari","10":"pa_yazar-warwick-ball","12":"first","13":"instock","14":"sale","15":"shipping-taxable","16":"purchasable","17":"product-type-simple"},"_links":{"self":[{"href":"https:\/\/roveyayinevi.com.tr\/index.php\/wp-json\/wp\/v2\/product\/698412","targetHints":{"allow":["GET"]}}],"collection":[{"href":"https:\/\/roveyayinevi.com.tr\/index.php\/wp-json\/wp\/v2\/product"}],"about":[{"href":"https:\/\/roveyayinevi.com.tr\/index.php\/wp-json\/wp\/v2\/types\/product"}],"wp:attachment":[{"href":"https:\/\/roveyayinevi.com.tr\/index.php\/wp-json\/wp\/v2\/media?parent=698412"}],"wp:term":[{"taxonomy":"product_brand","embeddable":true,"href":"https:\/\/roveyayinevi.com.tr\/index.php\/wp-json\/wp\/v2\/product_brand?post=698412"},{"taxonomy":"product_cat","embeddable":true,"href":"https:\/\/roveyayinevi.com.tr\/index.php\/wp-json\/wp\/v2\/product_cat?post=698412"},{"taxonomy":"product_tag","embeddable":true,"href":"https:\/\/roveyayinevi.com.tr\/index.php\/wp-json\/wp\/v2\/product_tag?post=698412"}],"curies":[{"name":"wp","href":"https:\/\/api.w.org\/{rel}","templated":true}]}}