{"id":698407,"date":"2025-08-27T14:45:14","date_gmt":"2025-08-27T11:45:14","guid":{"rendered":"https:\/\/roveyayinevi.com.tr\/index.php\/urun\/muzigin-ruhundan-tragedyanin-dogusu\/"},"modified":"2026-04-16T02:07:53","modified_gmt":"2026-04-15T23:07:53","slug":"muzigin-ruhundan-tragedyanin-dogusu","status":"publish","type":"product","link":"https:\/\/roveyayinevi.com.tr\/index.php\/urun\/muzigin-ruhundan-tragedyanin-dogusu\/","title":{"rendered":"M\u00fczi\u011fin Ruhundan Tragedyan\u0131n Do\u011fu\u015fu"},"content":{"rendered":"<p>Dionysos m\u00fczi\u011fine inanan g\u00f6n\u00fclde\u015flerim, siz tragedyan\u0131n bizim i\u00e7in ta\u015f\u0131d\u0131\u011f\u0131 anlam\u0131 da bilirsiniz. Biz onda, m\u00fczikten yeniden do\u011fan tragedya s\u00f6ylencesini buluyoruz. Biz bu s\u00f6ylencede t\u00fcm nesneleri umar ve en etkili ac\u0131y\u0131 unutabiliriz! En etkili ac\u0131, bizim i\u00e7in her \u015feydir. Bu s\u00f6zc\u00fc\u011f\u00fc anl\u0131yorsan\u0131z, sonunda benim umutlar\u0131m\u0131 da anlayacaks\u0131n\u0131z. -Friedrich Nietzsche- \ufffcTan\u0131t\u0131m Metni<\/p>\n","protected":false},"excerpt":{"rendered":"<p>Dionysos m\u00fczi\u011fine inanan g\u00f6n\u00fclde\u015flerim, siz tragedyan\u0131n bizim i\u00e7in ta\u015f\u0131d\u0131\u011f\u0131 anlam\u0131 da bilirsiniz. Biz onda, m\u00fczikten yeniden do\u011fan tragedya s\u00f6ylencesini buluyoruz. Biz bu s\u00f6ylencede t\u00fcm nesneleri umar<span class=\"excerpt-hellip\"> [\u2026]<\/span><\/p>\n","protected":false},"featured_media":0,"template":"","meta":{"_monsterinsights_skip_tracking":false,"_monsterinsights_sitenote_active":false,"_monsterinsights_sitenote_note":"","_monsterinsights_sitenote_category":0},"product_brand":[],"product_cat":[12409,12408],"product_tag":[],"class_list":{"0":"post-698407","1":"product","2":"type-product","3":"status-publish","5":"product_cat-fotograf-sinema-tiyatro","6":"product_cat-sanat","7":"pa_tur-kitap","8":"pa_yayinevi-say-yayinlari","9":"pa_yazar-friedrich-wilhelm-nietzsche","11":"first","12":"instock","13":"sale","14":"shipping-taxable","15":"purchasable","16":"product-type-simple"},"_links":{"self":[{"href":"https:\/\/roveyayinevi.com.tr\/index.php\/wp-json\/wp\/v2\/product\/698407","targetHints":{"allow":["GET"]}}],"collection":[{"href":"https:\/\/roveyayinevi.com.tr\/index.php\/wp-json\/wp\/v2\/product"}],"about":[{"href":"https:\/\/roveyayinevi.com.tr\/index.php\/wp-json\/wp\/v2\/types\/product"}],"wp:attachment":[{"href":"https:\/\/roveyayinevi.com.tr\/index.php\/wp-json\/wp\/v2\/media?parent=698407"}],"wp:term":[{"taxonomy":"product_brand","embeddable":true,"href":"https:\/\/roveyayinevi.com.tr\/index.php\/wp-json\/wp\/v2\/product_brand?post=698407"},{"taxonomy":"product_cat","embeddable":true,"href":"https:\/\/roveyayinevi.com.tr\/index.php\/wp-json\/wp\/v2\/product_cat?post=698407"},{"taxonomy":"product_tag","embeddable":true,"href":"https:\/\/roveyayinevi.com.tr\/index.php\/wp-json\/wp\/v2\/product_tag?post=698407"}],"curies":[{"name":"wp","href":"https:\/\/api.w.org\/{rel}","templated":true}]}}