{"id":698404,"date":"2025-08-27T14:45:14","date_gmt":"2025-08-27T11:45:14","guid":{"rendered":"https:\/\/roveyayinevi.com.tr\/index.php\/urun\/kucuk-sari-cesaret-kitabi\/"},"modified":"2026-04-12T02:09:29","modified_gmt":"2026-04-11T23:09:29","slug":"kucuk-sari-cesaret-kitabi","status":"publish","type":"product","link":"https:\/\/roveyayinevi.com.tr\/index.php\/urun\/kucuk-sari-cesaret-kitabi\/","title":{"rendered":"K\u00fc\u00e7\u00fck Sar\u0131 Cesaret Kitab\u0131"},"content":{"rendered":"<p>Ba\u015faramayaca\u011f\u0131n\u0131z d\u00fc\u015f\u00fcncesi, reddedilme korkunuzu, kaybetme korkunuzu, yaln\u0131z kalma korkunuzu besler ve at\u0131l\u0131m yapman\u0131z\u0131 engeller. \ufffcTan\u0131t\u0131m Metni<\/p>\n","protected":false},"excerpt":{"rendered":"<p>Ba\u015faramayaca\u011f\u0131n\u0131z d\u00fc\u015f\u00fcncesi, reddedilme korkunuzu, kaybetme korkunuzu, yaln\u0131z kalma korkunuzu besler ve at\u0131l\u0131m yapman\u0131z\u0131 engeller. \ufffcTan\u0131t\u0131m Metni<\/p>\n","protected":false},"featured_media":0,"template":"","meta":{"_monsterinsights_skip_tracking":false,"_monsterinsights_sitenote_active":false,"_monsterinsights_sitenote_note":"","_monsterinsights_sitenote_category":0},"product_brand":[],"product_cat":[12364,12376],"product_tag":[],"class_list":{"0":"post-698404","1":"product","2":"type-product","3":"status-publish","5":"product_cat-genel-konular","6":"product_cat-kisisel-gelisim","7":"pa_tur-kitap","8":"pa_yayinevi-kuraldisi-yayinevi","9":"pa_yazar-nil-gun","11":"first","12":"instock","13":"sale","14":"shipping-taxable","15":"purchasable","16":"product-type-simple"},"_links":{"self":[{"href":"https:\/\/roveyayinevi.com.tr\/index.php\/wp-json\/wp\/v2\/product\/698404","targetHints":{"allow":["GET"]}}],"collection":[{"href":"https:\/\/roveyayinevi.com.tr\/index.php\/wp-json\/wp\/v2\/product"}],"about":[{"href":"https:\/\/roveyayinevi.com.tr\/index.php\/wp-json\/wp\/v2\/types\/product"}],"wp:attachment":[{"href":"https:\/\/roveyayinevi.com.tr\/index.php\/wp-json\/wp\/v2\/media?parent=698404"}],"wp:term":[{"taxonomy":"product_brand","embeddable":true,"href":"https:\/\/roveyayinevi.com.tr\/index.php\/wp-json\/wp\/v2\/product_brand?post=698404"},{"taxonomy":"product_cat","embeddable":true,"href":"https:\/\/roveyayinevi.com.tr\/index.php\/wp-json\/wp\/v2\/product_cat?post=698404"},{"taxonomy":"product_tag","embeddable":true,"href":"https:\/\/roveyayinevi.com.tr\/index.php\/wp-json\/wp\/v2\/product_tag?post=698404"}],"curies":[{"name":"wp","href":"https:\/\/api.w.org\/{rel}","templated":true}]}}