{"id":698403,"date":"2025-08-27T14:45:13","date_gmt":"2025-08-27T11:45:13","guid":{"rendered":"https:\/\/roveyayinevi.com.tr\/index.php\/urun\/agabeyler-anlatiyor-1\/"},"modified":"2026-04-16T02:07:53","modified_gmt":"2026-04-15T23:07:53","slug":"agabeyler-anlatiyor-1","status":"publish","type":"product","link":"https:\/\/roveyayinevi.com.tr\/index.php\/urun\/agabeyler-anlatiyor-1\/","title":{"rendered":"A\u011fabeyler Anlat\u0131yor 1"},"content":{"rendered":"<p>Peygamber Efendimiz (a.s.m.) &#8220;Size iki \u015fey b\u0131rak\u0131yorum. Onlara temess\u00fck etseniz necat bulursunuz. Biri Kitabullah, biri \u00c2l-i Beytim&#8221; buyuruyor. \u015eu hizmet-i Kur\u2019aniye yolunda v\u00e2risi Peygamber\u00ee olan Hz. \u00dcstad\u2019\u0131n da, onun s\u00fcnnetine ittibaen bize kitaplar\u0131n\u0131 ve &#8220;evl\u00e2d\u0131 maneviyelerim&#8221; dedi\u011fi a\u011fabeyleri b\u0131rakt\u0131\u011f\u0131 a\u015fik\u00e2rd\u0131r.Yine a\u015fik\u00e2rd\u0131r ki, Nur talebeleri, ihl\u00e2s\u0131, sadakati, fedak\u00e2rl\u0131\u011f\u0131 vb. hizmet d\u00fcsturlar\u0131n\u0131, Risale-i Nurlardan okuyarak \u00f6\u011frendiler, tatbikat\u0131n\u0131 da muhtelif me\u015frepteki a\u011fabeylerden g\u00f6rd\u00fcler; hususan &#8220;v\u00e2risim&#8221;, &#8220;mutlak vekilim&#8221; dedi\u011fi a\u011fabeylerden.. \u00dcstad hazretleri, Emirda\u011f L\u00e2hikas\u0131\u2019nda, Ben yan\u0131mdaki vasiyetnamemdeki evl\u00e2t kabul etti\u011fim k\u00fc\u00e7\u00fck evl\u00e2tlar\u0131 tevkil ediyorum.. (Emirda\u011f L\u00e2hikas\u0131-II,227) diyor. \u0130\u015fte bu eser, 1968\u2019den beri, onlarla konu\u015fularak haz\u0131rlanm\u0131\u015f, sayfalarca hat\u0131ra, y\u00fczlerce orijinal resim, onlarca kasetin \u00fcr\u00fcn\u00fcd\u00fcr. <\/p>\n","protected":false},"excerpt":{"rendered":"<p>Peygamber Efendimiz (a.s.m.) &#8220;Size iki \u015fey b\u0131rak\u0131yorum. Onlara temess\u00fck etseniz necat bulursunuz. Biri Kitabullah, biri \u00c2l-i Beytim&#8221; buyuruyor. \u015eu hizmet-i Kur\u2019aniye yolunda v\u00e2risi Peygamber\u00ee olan Hz.<span class=\"excerpt-hellip\"> [\u2026]<\/span><\/p>\n","protected":false},"featured_media":0,"template":"","meta":{"_monsterinsights_skip_tracking":false,"_monsterinsights_sitenote_active":false,"_monsterinsights_sitenote_note":"","_monsterinsights_sitenote_category":0},"product_brand":[],"product_cat":[12312,12304],"product_tag":[],"class_list":{"0":"post-698403","1":"product","2":"type-product","3":"status-publish","5":"product_cat-diger","6":"product_cat-tarih","7":"pa_cilt-ciltsiz","8":"pa_tur-kitap","9":"pa_yayinevi-nesil-yayinlari","10":"pa_yazar-omer-ozcan","12":"first","13":"instock","14":"sale","15":"shipping-taxable","16":"purchasable","17":"product-type-simple"},"_links":{"self":[{"href":"https:\/\/roveyayinevi.com.tr\/index.php\/wp-json\/wp\/v2\/product\/698403","targetHints":{"allow":["GET"]}}],"collection":[{"href":"https:\/\/roveyayinevi.com.tr\/index.php\/wp-json\/wp\/v2\/product"}],"about":[{"href":"https:\/\/roveyayinevi.com.tr\/index.php\/wp-json\/wp\/v2\/types\/product"}],"wp:attachment":[{"href":"https:\/\/roveyayinevi.com.tr\/index.php\/wp-json\/wp\/v2\/media?parent=698403"}],"wp:term":[{"taxonomy":"product_brand","embeddable":true,"href":"https:\/\/roveyayinevi.com.tr\/index.php\/wp-json\/wp\/v2\/product_brand?post=698403"},{"taxonomy":"product_cat","embeddable":true,"href":"https:\/\/roveyayinevi.com.tr\/index.php\/wp-json\/wp\/v2\/product_cat?post=698403"},{"taxonomy":"product_tag","embeddable":true,"href":"https:\/\/roveyayinevi.com.tr\/index.php\/wp-json\/wp\/v2\/product_tag?post=698403"}],"curies":[{"name":"wp","href":"https:\/\/api.w.org\/{rel}","templated":true}]}}