{"id":698401,"date":"2025-08-27T14:45:13","date_gmt":"2025-08-27T11:45:13","guid":{"rendered":"https:\/\/roveyayinevi.com.tr\/index.php\/urun\/italyanca-cep-sozlugu\/"},"modified":"2026-04-16T02:07:53","modified_gmt":"2026-04-15T23:07:53","slug":"italyanca-cep-sozlugu","status":"publish","type":"product","link":"https:\/\/roveyayinevi.com.tr\/index.php\/urun\/italyanca-cep-sozlugu\/","title":{"rendered":"\u0130talyanca Cep S\u00f6zl\u00fc\u011f\u00fc"},"content":{"rendered":"<p>Elinizdeki, \u201cCep S\u00f6zl\u00fc\u011f\u00fc\u201d, yakla\u015f\u0131k 6000 sayfaya varan, \u201cb\u00fcy\u00fck\u201d, \u201corta\u201d, \u201ck\u00fc\u00e7\u00fck\u201d (\u0130talyanca-T\u00fcrk\u00e7e\u0130talyanca) s\u00f6zl\u00fckler dizisini sona erdirmi\u015f oluyor. Kullanacaklara yard\u0131mc\u0131 olmas\u0131 ve ba\u015far\u0131 dileklerimizle! <\/p>\n","protected":false},"excerpt":{"rendered":"<p>Elinizdeki, \u201cCep S\u00f6zl\u00fc\u011f\u00fc\u201d, yakla\u015f\u0131k 6000 sayfaya varan, \u201cb\u00fcy\u00fck\u201d, \u201corta\u201d, \u201ck\u00fc\u00e7\u00fck\u201d (\u0130talyanca-T\u00fcrk\u00e7e\u0130talyanca) s\u00f6zl\u00fckler dizisini sona erdirmi\u015f oluyor. Kullanacaklara yard\u0131mc\u0131 olmas\u0131 ve ba\u015far\u0131 dileklerimizle!<\/p>\n","protected":false},"featured_media":0,"template":"","meta":{"_monsterinsights_skip_tracking":false,"_monsterinsights_sitenote_active":false,"_monsterinsights_sitenote_note":"","_monsterinsights_sitenote_category":0},"product_brand":[],"product_cat":[14597,12566,25527],"product_tag":[],"class_list":{"0":"post-698401","1":"product","2":"type-product","3":"status-publish","5":"product_cat-dil-ogrenimi","6":"product_cat-egitim","7":"product_cat-italyanca","8":"pa_cilt-ciltsiz","9":"pa_tur-kitap","10":"pa_yayinevi-inkilap-kitabevi","11":"pa_yazar-asim-tanis-damla-tanis","13":"first","14":"instock","15":"sale","16":"shipping-taxable","17":"purchasable","18":"product-type-simple"},"_links":{"self":[{"href":"https:\/\/roveyayinevi.com.tr\/index.php\/wp-json\/wp\/v2\/product\/698401","targetHints":{"allow":["GET"]}}],"collection":[{"href":"https:\/\/roveyayinevi.com.tr\/index.php\/wp-json\/wp\/v2\/product"}],"about":[{"href":"https:\/\/roveyayinevi.com.tr\/index.php\/wp-json\/wp\/v2\/types\/product"}],"wp:attachment":[{"href":"https:\/\/roveyayinevi.com.tr\/index.php\/wp-json\/wp\/v2\/media?parent=698401"}],"wp:term":[{"taxonomy":"product_brand","embeddable":true,"href":"https:\/\/roveyayinevi.com.tr\/index.php\/wp-json\/wp\/v2\/product_brand?post=698401"},{"taxonomy":"product_cat","embeddable":true,"href":"https:\/\/roveyayinevi.com.tr\/index.php\/wp-json\/wp\/v2\/product_cat?post=698401"},{"taxonomy":"product_tag","embeddable":true,"href":"https:\/\/roveyayinevi.com.tr\/index.php\/wp-json\/wp\/v2\/product_tag?post=698401"}],"curies":[{"name":"wp","href":"https:\/\/api.w.org\/{rel}","templated":true}]}}