{"id":698400,"date":"2025-08-27T14:45:13","date_gmt":"2025-08-27T11:45:13","guid":{"rendered":"https:\/\/roveyayinevi.com.tr\/index.php\/urun\/osman-gazi\/"},"modified":"2026-04-16T02:07:53","modified_gmt":"2026-04-15T23:07:53","slug":"osman-gazi","status":"publish","type":"product","link":"https:\/\/roveyayinevi.com.tr\/index.php\/urun\/osman-gazi\/","title":{"rendered":"Osman Gazi"},"content":{"rendered":"<p>Elinizdeki eser, s\u0131radan bir biyografi de\u011fil. Ayn\u0131 zamanda bir tarih sosyolojisidir. Osmanl\u0131 Devleti&#8217;nin temelinde bulunan manan\u0131n, g\u00f6zler \u00f6n\u00fcne serilmesidir. Osmanl\u0131 Devleti&#8217;nin Tarihi misyonunu anlamak i\u00e7in, Osman Gazi&#8217;yi anlamak gerekir.Tarihi romanlar\u0131yla yak\u0131ndan tan\u0131d\u0131\u011f\u0131n\u0131z Yavuz Bahad\u0131ro\u011flu, eserinde bunlar\u0131 anlat\u0131yor. Bir roman gibi, zevkle ve heyecanla okuyacaks\u0131n\u0131z. <\/p>\n","protected":false},"excerpt":{"rendered":"<p>Elinizdeki eser, s\u0131radan bir biyografi de\u011fil. Ayn\u0131 zamanda bir tarih sosyolojisidir. Osmanl\u0131 Devleti&#8217;nin temelinde bulunan manan\u0131n, g\u00f6zler \u00f6n\u00fcne serilmesidir. Osmanl\u0131 Devleti&#8217;nin Tarihi misyonunu anlamak i\u00e7in, Osman<span class=\"excerpt-hellip\"> [\u2026]<\/span><\/p>\n","protected":false},"featured_media":0,"template":"","meta":{"_monsterinsights_skip_tracking":false,"_monsterinsights_sitenote_active":false,"_monsterinsights_sitenote_note":"","_monsterinsights_sitenote_category":0},"product_brand":[],"product_cat":[13946,12304],"product_tag":[],"class_list":{"0":"post-698400","1":"product","2":"type-product","3":"status-publish","5":"product_cat-biyografi-otobiyografi","6":"product_cat-tarih","7":"pa_cilt-ciltsiz","8":"pa_tur-kitap","9":"pa_yayinevi-nesil-yayinlari","10":"pa_yazar-yavuz-bahadiroglu","12":"first","13":"instock","14":"sale","15":"shipping-taxable","16":"purchasable","17":"product-type-simple"},"_links":{"self":[{"href":"https:\/\/roveyayinevi.com.tr\/index.php\/wp-json\/wp\/v2\/product\/698400","targetHints":{"allow":["GET"]}}],"collection":[{"href":"https:\/\/roveyayinevi.com.tr\/index.php\/wp-json\/wp\/v2\/product"}],"about":[{"href":"https:\/\/roveyayinevi.com.tr\/index.php\/wp-json\/wp\/v2\/types\/product"}],"wp:attachment":[{"href":"https:\/\/roveyayinevi.com.tr\/index.php\/wp-json\/wp\/v2\/media?parent=698400"}],"wp:term":[{"taxonomy":"product_brand","embeddable":true,"href":"https:\/\/roveyayinevi.com.tr\/index.php\/wp-json\/wp\/v2\/product_brand?post=698400"},{"taxonomy":"product_cat","embeddable":true,"href":"https:\/\/roveyayinevi.com.tr\/index.php\/wp-json\/wp\/v2\/product_cat?post=698400"},{"taxonomy":"product_tag","embeddable":true,"href":"https:\/\/roveyayinevi.com.tr\/index.php\/wp-json\/wp\/v2\/product_tag?post=698400"}],"curies":[{"name":"wp","href":"https:\/\/api.w.org\/{rel}","templated":true}]}}