{"id":698398,"date":"2025-08-27T14:45:12","date_gmt":"2025-08-27T11:45:12","guid":{"rendered":"https:\/\/roveyayinevi.com.tr\/index.php\/urun\/orhan-gazi\/"},"modified":"2026-04-16T02:07:53","modified_gmt":"2026-04-15T23:07:53","slug":"orhan-gazi","status":"publish","type":"product","link":"https:\/\/roveyayinevi.com.tr\/index.php\/urun\/orhan-gazi\/","title":{"rendered":"Orhan Gazi"},"content":{"rendered":"<p>Bu kitapta, &#8211; Orhan Gazinin, beyli\u011fin toprak geni\u015fli\u011fini alt\u0131 kat artt\u0131rarak 95 bin kilometrekareye \u00e7\u0131kard\u0131\u011f\u0131n\u0131, &#8211; Devletin n\u00fcfusunu 3 binden 3 milyona vard\u0131rd\u0131\u011f\u0131n\u0131, &#8211; 40 bin ki\u015filik bir ordu besledi\u011fini ve bu ordunun sefer an\u0131nda 100 bine ula\u015ft\u0131\u011f\u0131n\u0131, &#8211; \u0130lim adamlar\u0131yla el ele vererek devleti imar etti\u011fini, &#8211; H\u0131ristiyan halk\u0131n, idarecilerin zulm\u00fcnden b\u0131karak Orhan Gazi\u2019nin adaletine s\u0131\u011f\u0131nd\u0131klar\u0131n\u0131, &#8211; K\u00fc\u00e7\u00fck bir beylikten koca devletin temelinin nas\u0131l at\u0131ld\u0131\u011f\u0131n\u0131 bulacaks\u0131n\u0131z.<\/p>\n","protected":false},"excerpt":{"rendered":"<p>Bu kitapta, &#8211; Orhan Gazinin, beyli\u011fin toprak geni\u015fli\u011fini alt\u0131 kat artt\u0131rarak 95 bin kilometrekareye \u00e7\u0131kard\u0131\u011f\u0131n\u0131, &#8211; Devletin n\u00fcfusunu 3 binden 3 milyona vard\u0131rd\u0131\u011f\u0131n\u0131, &#8211; 40 bin<span class=\"excerpt-hellip\"> [\u2026]<\/span><\/p>\n","protected":false},"featured_media":0,"template":"","meta":{"_monsterinsights_skip_tracking":false,"_monsterinsights_sitenote_active":false,"_monsterinsights_sitenote_note":"","_monsterinsights_sitenote_category":0},"product_brand":[],"product_cat":[12370,12304],"product_tag":[],"class_list":{"0":"post-698398","1":"product","2":"type-product","3":"status-publish","5":"product_cat-arastirma-inceleme","6":"product_cat-tarih","7":"pa_cilt-ciltsiz","8":"pa_tur-kitap","9":"pa_yayinevi-nesil-yayinlari","10":"pa_yazar-yavuz-bahadiroglu","12":"first","13":"instock","14":"sale","15":"shipping-taxable","16":"purchasable","17":"product-type-simple"},"_links":{"self":[{"href":"https:\/\/roveyayinevi.com.tr\/index.php\/wp-json\/wp\/v2\/product\/698398","targetHints":{"allow":["GET"]}}],"collection":[{"href":"https:\/\/roveyayinevi.com.tr\/index.php\/wp-json\/wp\/v2\/product"}],"about":[{"href":"https:\/\/roveyayinevi.com.tr\/index.php\/wp-json\/wp\/v2\/types\/product"}],"wp:attachment":[{"href":"https:\/\/roveyayinevi.com.tr\/index.php\/wp-json\/wp\/v2\/media?parent=698398"}],"wp:term":[{"taxonomy":"product_brand","embeddable":true,"href":"https:\/\/roveyayinevi.com.tr\/index.php\/wp-json\/wp\/v2\/product_brand?post=698398"},{"taxonomy":"product_cat","embeddable":true,"href":"https:\/\/roveyayinevi.com.tr\/index.php\/wp-json\/wp\/v2\/product_cat?post=698398"},{"taxonomy":"product_tag","embeddable":true,"href":"https:\/\/roveyayinevi.com.tr\/index.php\/wp-json\/wp\/v2\/product_tag?post=698398"}],"curies":[{"name":"wp","href":"https:\/\/api.w.org\/{rel}","templated":true}]}}