{"id":698396,"date":"2025-08-27T14:45:12","date_gmt":"2025-08-27T11:45:12","guid":{"rendered":"https:\/\/roveyayinevi.com.tr\/index.php\/urun\/mr-norris-aktarma-yapiyor\/"},"modified":"2026-04-16T02:07:53","modified_gmt":"2026-04-15T23:07:53","slug":"mr-norris-aktarma-yapiyor","status":"publish","type":"product","link":"https:\/\/roveyayinevi.com.tr\/index.php\/urun\/mr-norris-aktarma-yapiyor\/","title":{"rendered":"Mr. Norris Aktarma Yap\u0131yor"},"content":{"rendered":"<p>Christopher Isherwood, 1929-1933 y\u0131llar\u0131 aras\u0131nda ya\u015fad\u0131\u011f\u0131 kozmopolit Berlin\u2019i ve orada tan\u0131\u015ft\u0131\u011f\u0131 birbirinden ilgin\u00e7 ki\u015fileri tek bir uzun romanda \u00f6l\u00fcms\u00fczle\u015ftirmeyi hayal etmi\u015f, bu tasar\u0131s\u0131 daha sonra iki ayr\u0131 romana d\u00f6n\u00fc\u015fm\u00fc\u015ft\u00fc: Ho\u015f\u00e7a Kal Berlin ve Mr. Norris Aktarma Yap\u0131yor. Arthur Norris adl\u0131 tuhaf, sevimli doland\u0131r\u0131c\u0131n\u0131n ve Nazilerden kom\u00fcnistlere bir dizi yan karakterin etraf\u0131nda \u00f6r\u00fclm\u00fc\u015f olan Mr. Norris Aktarma Yap\u0131yor, Nazi iktidar\u0131n\u0131n \u00f6ncesindeki Berlin\u2019i William Bradshaw adl\u0131 yar\u0131 otobiyografik bir anlat\u0131c\u0131n\u0131n g\u00f6z\u00fcnden, yine Isherwood\u2019un kendine \u00f6zg\u00fc sinematografik tarz\u0131yla aktar\u0131yor. Isherwood\u2019un \u00fcnl\u00fc \u201cBerlin romanlar\u0131\u201dn\u0131n birincisi olan Mr. Norris Aktarma Yap\u0131yor, yazar\u0131n ba\u015fyap\u0131t\u0131 Ho\u015f\u00e7a Kal Berlin\u2019in vazge\u00e7ilmez e\u015flik\u00e7isi niteli\u011finde.   Parlak bir d\u00fczyaz\u0131 ritmiyle leziz diyaloglar\u0131n bir araya geli\u015finin \u00fcst d\u00fczey bir \u00f6rne\u011fi.                                                                                                Sebastian Barry   Isherwood\u2019un tarih ve hayal g\u00fcc\u00fcn\u00fcn sihirli bir bile\u015fimi olan eserlerinde i\u015fitilen ses berrakt\u0131r ve ka\u00e7\u0131nc\u0131 kez dinliyor olursak olal\u0131m ilk kez konu\u015fuyor gibidir.                                                                 The New York Times Book Review<\/p>\n","protected":false},"excerpt":{"rendered":"<p>Christopher Isherwood, 1929-1933 y\u0131llar\u0131 aras\u0131nda ya\u015fad\u0131\u011f\u0131 kozmopolit Berlin\u2019i ve orada tan\u0131\u015ft\u0131\u011f\u0131 birbirinden ilgin\u00e7 ki\u015fileri tek bir uzun romanda \u00f6l\u00fcms\u00fczle\u015ftirmeyi hayal etmi\u015f, bu tasar\u0131s\u0131 daha sonra iki<span class=\"excerpt-hellip\"> [\u2026]<\/span><\/p>\n","protected":false},"featured_media":0,"template":"","meta":{"_monsterinsights_skip_tracking":false,"_monsterinsights_sitenote_active":false,"_monsterinsights_sitenote_note":"","_monsterinsights_sitenote_category":0},"product_brand":[],"product_cat":[12291,12711],"product_tag":[],"class_list":{"0":"post-698396","1":"product","2":"type-product","3":"status-publish","5":"product_cat-edebiyat","6":"product_cat-roman-oyku","7":"pa_cilt-ciltsiz","8":"pa_tur-kitap","9":"pa_yayinevi-yapi-kredi-yayinlari","10":"pa_yazar-cristopher-isherwood","12":"first","13":"instock","14":"sale","15":"shipping-taxable","16":"purchasable","17":"product-type-simple"},"_links":{"self":[{"href":"https:\/\/roveyayinevi.com.tr\/index.php\/wp-json\/wp\/v2\/product\/698396","targetHints":{"allow":["GET"]}}],"collection":[{"href":"https:\/\/roveyayinevi.com.tr\/index.php\/wp-json\/wp\/v2\/product"}],"about":[{"href":"https:\/\/roveyayinevi.com.tr\/index.php\/wp-json\/wp\/v2\/types\/product"}],"wp:attachment":[{"href":"https:\/\/roveyayinevi.com.tr\/index.php\/wp-json\/wp\/v2\/media?parent=698396"}],"wp:term":[{"taxonomy":"product_brand","embeddable":true,"href":"https:\/\/roveyayinevi.com.tr\/index.php\/wp-json\/wp\/v2\/product_brand?post=698396"},{"taxonomy":"product_cat","embeddable":true,"href":"https:\/\/roveyayinevi.com.tr\/index.php\/wp-json\/wp\/v2\/product_cat?post=698396"},{"taxonomy":"product_tag","embeddable":true,"href":"https:\/\/roveyayinevi.com.tr\/index.php\/wp-json\/wp\/v2\/product_tag?post=698396"}],"curies":[{"name":"wp","href":"https:\/\/api.w.org\/{rel}","templated":true}]}}