{"id":698394,"date":"2025-08-27T14:45:11","date_gmt":"2025-08-27T11:45:11","guid":{"rendered":"https:\/\/roveyayinevi.com.tr\/index.php\/urun\/mesneviden-hikayeler-2\/"},"modified":"2026-04-16T02:07:53","modified_gmt":"2026-04-15T23:07:53","slug":"mesneviden-hikayeler-2","status":"publish","type":"product","link":"https:\/\/roveyayinevi.com.tr\/index.php\/urun\/mesneviden-hikayeler-2\/","title":{"rendered":"Mesnevi\u2019den Hikayeler"},"content":{"rendered":"<p>\u00dcnl\u00fc \u015fair ve d\u00fc\u015f\u00fcn\u00fcr Mevl\u00e2n\u00e2 Cel\u00e2leddin R\u00fbm\u00ee\u2019nin her kelimesinde bilgelik emaresi bar\u0131nd\u0131ran ve en \u00e7ok bilinen eseri Mesnevi\u2019den \u00f6zenle se\u00e7ilen bu hik\u00e2yeler, insan do\u011fas\u0131n\u0131n \u00f6z\u00fcne inerek ya\u015fam denen s\u00fcrecin inceliklerini g\u00f6zler \u00f6n\u00fcne seriyor. Mesnevi\u2019nin ana \u00e7er\u00e7evesindeki hik\u00e2ye korunarak ak\u0131c\u0131 bir \u00f6yk\u00fc diliyle sunulan ve Mesnevi\u2019nin \u00f6z\u00fcn\u00fc bar\u0131nd\u0131ran bu kitap, okuyucunun erdem, ahlak ve tecr\u00fcbe denizinde yelken a\u00e7mas\u0131n\u0131 sa\u011flayan nitelikli bir kaynak. <\/p>\n","protected":false},"excerpt":{"rendered":"<p>\u00dcnl\u00fc \u015fair ve d\u00fc\u015f\u00fcn\u00fcr Mevl\u00e2n\u00e2 Cel\u00e2leddin R\u00fbm\u00ee\u2019nin her kelimesinde bilgelik emaresi bar\u0131nd\u0131ran ve en \u00e7ok bilinen eseri Mesnevi\u2019den \u00f6zenle se\u00e7ilen bu hik\u00e2yeler, insan do\u011fas\u0131n\u0131n \u00f6z\u00fcne inerek<span class=\"excerpt-hellip\"> [\u2026]<\/span><\/p>\n","protected":false},"featured_media":0,"template":"","meta":{"_monsterinsights_skip_tracking":false,"_monsterinsights_sitenote_active":false,"_monsterinsights_sitenote_note":"","_monsterinsights_sitenote_category":0},"product_brand":[],"product_cat":[12718,12719,15238],"product_tag":[],"class_list":{"0":"post-698394","1":"product","2":"type-product","3":"status-publish","5":"product_cat-din","6":"product_cat-islam","7":"product_cat-tasavvuf","8":"pa_cilt-ciltsiz","9":"pa_tur-kitap","10":"pa_yayinevi-say-yayinlari","11":"pa_yazar-mevlana-celaleddin-rumi","13":"first","14":"instock","15":"sale","16":"shipping-taxable","17":"purchasable","18":"product-type-simple"},"_links":{"self":[{"href":"https:\/\/roveyayinevi.com.tr\/index.php\/wp-json\/wp\/v2\/product\/698394","targetHints":{"allow":["GET"]}}],"collection":[{"href":"https:\/\/roveyayinevi.com.tr\/index.php\/wp-json\/wp\/v2\/product"}],"about":[{"href":"https:\/\/roveyayinevi.com.tr\/index.php\/wp-json\/wp\/v2\/types\/product"}],"wp:attachment":[{"href":"https:\/\/roveyayinevi.com.tr\/index.php\/wp-json\/wp\/v2\/media?parent=698394"}],"wp:term":[{"taxonomy":"product_brand","embeddable":true,"href":"https:\/\/roveyayinevi.com.tr\/index.php\/wp-json\/wp\/v2\/product_brand?post=698394"},{"taxonomy":"product_cat","embeddable":true,"href":"https:\/\/roveyayinevi.com.tr\/index.php\/wp-json\/wp\/v2\/product_cat?post=698394"},{"taxonomy":"product_tag","embeddable":true,"href":"https:\/\/roveyayinevi.com.tr\/index.php\/wp-json\/wp\/v2\/product_tag?post=698394"}],"curies":[{"name":"wp","href":"https:\/\/api.w.org\/{rel}","templated":true}]}}