{"id":698393,"date":"2025-08-27T14:45:11","date_gmt":"2025-08-27T11:45:11","guid":{"rendered":"https:\/\/roveyayinevi.com.tr\/index.php\/urun\/aska-ve-kadinlara-dair\/"},"modified":"2026-04-16T02:07:53","modified_gmt":"2026-04-15T23:07:53","slug":"aska-ve-kadinlara-dair","status":"publish","type":"product","link":"https:\/\/roveyayinevi.com.tr\/index.php\/urun\/aska-ve-kadinlara-dair\/","title":{"rendered":"A\u015fka ve Kad\u0131nlara Dair"},"content":{"rendered":"<p>Bir \u015fey ne kadar soylu ve m\u00fckemmel ise onun olgunlu\u011fa eri\u015fmesi de o kadar ge\u00e7 ve yava\u015ft\u0131r. Erkek akli melekesinin ve ruhi kabiliyetlerinin olgunlu\u011funa yirmi sekizinden \u00f6nce nadiren ula\u015f\u0131r; kad\u0131nlar ise hen\u00fcz on sekiz ya\u015flar\u0131nda; fakat kad\u0131nlar\u0131n durumunda bu \u00e7ok zay\u0131f ve dar s\u0131n\u0131rlar dahilinde ger\u00e7ekle\u015fir. Bu sebepten \u00f6t\u00fcr\u00fcd\u00fcr ki kad\u0131nlar b\u00fct\u00fcn hayatlar\u0131 boyunca \u00e7ocuk kal\u0131rlar, \u00e7\u00fcnk\u00fc her zaman i\u00e7inde bulunduklar\u0131 an\u0131 s\u0131k\u0131 s\u0131k\u0131ya ba\u011fl\u0131 kalarak sadece kendilerine en yak\u0131n olan\u0131, olmak \u00fczere olan\u0131 g\u00f6r\u00fcrler, ger\u00e7ek yerine bir \u015feyin g\u00f6r\u00fcn\u00fc\u015f\u00fcne teslim olurlar ve en \u00f6nemli i\u015flere kar\u015f\u0131 \u00f6nemsiz \u015feyleri tercih ederler. Eski zamanlarda Almanlar\u0131n yapt\u0131\u011f\u0131 gibi, g\u00fc\u00e7 ve nazik meselelerde kad\u0131nlara dan\u0131\u015fmak hi\u00e7bir surette hafife al\u0131nacak bir mevzu de\u011fildir; \u00e7\u00fcnk\u00fc onlar\u0131n meseleleri kavray\u0131\u015f ve de\u011ferlendiri\u015f \u015fekli bizimkinden olduk\u00e7a farkl\u0131d\u0131r. &#8211; A. Schopenhauer \ufffcTan\u0131t\u0131m Metni<\/p>\n","protected":false},"excerpt":{"rendered":"<p>Bir \u015fey ne kadar soylu ve m\u00fckemmel ise onun olgunlu\u011fa eri\u015fmesi de o kadar ge\u00e7 ve yava\u015ft\u0131r. Erkek akli melekesinin ve ruhi kabiliyetlerinin olgunlu\u011funa yirmi sekizinden<span class=\"excerpt-hellip\"> [\u2026]<\/span><\/p>\n","protected":false},"featured_media":0,"template":"","meta":{"_monsterinsights_skip_tracking":false,"_monsterinsights_sitenote_active":false,"_monsterinsights_sitenote_note":"","_monsterinsights_sitenote_category":0},"product_brand":[],"product_cat":[12389,12388],"product_tag":[],"class_list":{"0":"post-698393","1":"product","2":"type-product","3":"status-publish","5":"product_cat-diger-felsefe","6":"product_cat-felsefe","7":"pa_cilt-ciltsiz","8":"pa_tur-kitap","9":"pa_yayinevi-say-yayinlari","10":"pa_yazar-arthur-schopenhauer","12":"first","13":"instock","14":"sale","15":"shipping-taxable","16":"purchasable","17":"product-type-simple"},"_links":{"self":[{"href":"https:\/\/roveyayinevi.com.tr\/index.php\/wp-json\/wp\/v2\/product\/698393","targetHints":{"allow":["GET"]}}],"collection":[{"href":"https:\/\/roveyayinevi.com.tr\/index.php\/wp-json\/wp\/v2\/product"}],"about":[{"href":"https:\/\/roveyayinevi.com.tr\/index.php\/wp-json\/wp\/v2\/types\/product"}],"wp:attachment":[{"href":"https:\/\/roveyayinevi.com.tr\/index.php\/wp-json\/wp\/v2\/media?parent=698393"}],"wp:term":[{"taxonomy":"product_brand","embeddable":true,"href":"https:\/\/roveyayinevi.com.tr\/index.php\/wp-json\/wp\/v2\/product_brand?post=698393"},{"taxonomy":"product_cat","embeddable":true,"href":"https:\/\/roveyayinevi.com.tr\/index.php\/wp-json\/wp\/v2\/product_cat?post=698393"},{"taxonomy":"product_tag","embeddable":true,"href":"https:\/\/roveyayinevi.com.tr\/index.php\/wp-json\/wp\/v2\/product_tag?post=698393"}],"curies":[{"name":"wp","href":"https:\/\/api.w.org\/{rel}","templated":true}]}}