{"id":698391,"date":"2025-08-27T14:45:10","date_gmt":"2025-08-27T11:45:10","guid":{"rendered":"https:\/\/roveyayinevi.com.tr\/index.php\/urun\/nukleer-enerji-cozum-degil\/"},"modified":"2026-04-16T02:07:53","modified_gmt":"2026-04-15T23:07:53","slug":"nukleer-enerji-cozum-degil","status":"publish","type":"product","link":"https:\/\/roveyayinevi.com.tr\/index.php\/urun\/nukleer-enerji-cozum-degil\/","title":{"rendered":"N\u00fckleer Enerji \u00c7\u00f6z\u00fcm De\u011fil"},"content":{"rendered":"<p>D\u00fcnyaca \u00fcnl\u00fc aktivist ve yazar Helen Caldicott, ilk defa T\u00fcrk\u00e7e&#8217;ye \u00e7evrildi. \u00dcstelik \u00e7ok yeni bir eseriyle. Dilimize N\u00fckleersiz aktivisti Korol Diker \u00e7evirdi. N\u00fckleersiz aktivisti ve Yeni \u0130nsan Yay\u0131nevi Ivan Illich Serisi edit\u00f6r\u00fc, \u00dcmit \u015eahin kitab\u0131n edit\u00f6rl\u00fc\u011f\u00fcn\u00fc yapt\u0131. Okumay\u0131 kolayl\u0131\u015ft\u0131c\u0131 pek \u00e7ok dip not titizlikle eklendi. \u0130ki y\u0131l\u0131 bulan ve yo\u011fun emek y\u00fckl\u00fc bir s\u00fcre\u00e7 b\u00f6yle ge\u00e7ildi. <\/p>\n","protected":false},"excerpt":{"rendered":"<p>D\u00fcnyaca \u00fcnl\u00fc aktivist ve yazar Helen Caldicott, ilk defa T\u00fcrk\u00e7e&#8217;ye \u00e7evrildi. \u00dcstelik \u00e7ok yeni bir eseriyle. Dilimize N\u00fckleersiz aktivisti Korol Diker \u00e7evirdi. N\u00fckleersiz aktivisti ve Yeni<span class=\"excerpt-hellip\"> [\u2026]<\/span><\/p>\n","protected":false},"featured_media":0,"template":"","meta":{"_monsterinsights_skip_tracking":false,"_monsterinsights_sitenote_active":false,"_monsterinsights_sitenote_note":"","_monsterinsights_sitenote_category":0},"product_brand":[],"product_cat":[13059,12337],"product_tag":[],"class_list":{"0":"post-698391","1":"product","2":"type-product","3":"status-publish","5":"product_cat-diger-politika-siyaset","6":"product_cat-politika-siyaset","7":"pa_tur-kitap","8":"pa_yayinevi-yeni-insan-yayinlari","9":"pa_yazar-helen-caldicott","11":"first","12":"instock","13":"sale","14":"shipping-taxable","15":"purchasable","16":"product-type-simple"},"_links":{"self":[{"href":"https:\/\/roveyayinevi.com.tr\/index.php\/wp-json\/wp\/v2\/product\/698391","targetHints":{"allow":["GET"]}}],"collection":[{"href":"https:\/\/roveyayinevi.com.tr\/index.php\/wp-json\/wp\/v2\/product"}],"about":[{"href":"https:\/\/roveyayinevi.com.tr\/index.php\/wp-json\/wp\/v2\/types\/product"}],"wp:attachment":[{"href":"https:\/\/roveyayinevi.com.tr\/index.php\/wp-json\/wp\/v2\/media?parent=698391"}],"wp:term":[{"taxonomy":"product_brand","embeddable":true,"href":"https:\/\/roveyayinevi.com.tr\/index.php\/wp-json\/wp\/v2\/product_brand?post=698391"},{"taxonomy":"product_cat","embeddable":true,"href":"https:\/\/roveyayinevi.com.tr\/index.php\/wp-json\/wp\/v2\/product_cat?post=698391"},{"taxonomy":"product_tag","embeddable":true,"href":"https:\/\/roveyayinevi.com.tr\/index.php\/wp-json\/wp\/v2\/product_tag?post=698391"}],"curies":[{"name":"wp","href":"https:\/\/api.w.org\/{rel}","templated":true}]}}