{"id":698390,"date":"2025-08-27T14:45:10","date_gmt":"2025-08-27T11:45:10","guid":{"rendered":"https:\/\/roveyayinevi.com.tr\/index.php\/urun\/deliduman\/"},"modified":"2026-04-16T02:07:53","modified_gmt":"2026-04-15T23:07:53","slug":"deliduman","status":"publish","type":"product","link":"https:\/\/roveyayinevi.com.tr\/index.php\/urun\/deliduman\/","title":{"rendered":"Deliduman"},"content":{"rendered":"<p>Tek ba\u015f\u0131ma da kalsam, d\u00fcnyan\u0131n b\u00fct\u00fcn h\u00fck\u00fcmetleri ve onlara oy verenler bana kar\u015f\u0131 da olsa, d\u00fcnyan\u0131n b\u00fct\u00fcn h\u00fck\u00fcmetlerine kar\u015f\u0131 ayaklananlar ve onlara destek verenler bana kar\u015f\u0131 da olsa; b\u00fct\u00fcn d\u00fcnya, yedi milyar k\u00fcsur insan tek tek bana kar\u015f\u0131 da olsa&#8230; On yedi ya\u015f\u0131ndaki \u00c7a\u011flar \u0130yice konu\u015fuyor. K\u0131z karde\u015fi \u00c7i\u011fdem\u2019i, onu me\u015fhur etme \u00fcmitlerini, belediye ba\u015fkan\u0131 day\u0131s\u0131n\u0131, yak\u0131n arkada\u015f\u0131 Mikrop Cengiz\u2019i, ta\u015fra muhabbetlerini, depresyonun e\u015fi\u011findeki annesini, eski sevgilisini, hi\u00e7 unutamad\u0131\u011f\u0131 dedesini, hat\u0131rlarken kahretti\u011fi babas\u0131n\u0131 anlat\u0131yor. Deliduman, dermans\u0131z ve g\u00fcd\u00fck bir il\u00e7eden hayk\u0131rmaya ba\u015fl\u0131yor, \u0130stanbul\u2019a uzan\u0131yor. \u00c7ocuklu\u011fumuzun, hat\u0131ralar\u0131m\u0131z\u0131n ve b\u00fct\u00fcn sokaklar\u0131m\u0131z\u0131n \u00fczerinden dang\u0131r dungur ge\u00e7en imar ve para i\u015ftah\u0131na lanet! Riyak\u00e2r d\u00fcnyaya, Allahs\u0131z sermayeye, mart\u0131lara, k\u00fc\u00e7\u00fck bir k\u0131z\u0131n kalbini k\u0131ranlara isyan ediyor. Barikatlar\u0131n arkas\u0131nda, soluk solu\u011fa, yapayaln\u0131z, erken kaybeden bir deliduman\u0131n \u00f6fkesini \u00e7emkiriyor. Emrah Serbes, zaman\u0131n ruhunu, Gezi\u2019nin isyanc\u0131lar\u0131n\u0131, h\u00fcrriyetleri i\u00e7in \u00f6ks\u00fcrenleri, yerinde duramayanlar\u0131, k\u00fcfredenleri, a\u011flamay\u0131 unutmak i\u00e7in yumru\u011funu s\u0131kanlar\u0131 resmediyor. Deliduman, b\u00fcy\u00fck zaman\u0131n ve her zaman kenarda kalanlar\u0131n roman\u0131.<\/p>\n","protected":false},"excerpt":{"rendered":"<p>Tek ba\u015f\u0131ma da kalsam, d\u00fcnyan\u0131n b\u00fct\u00fcn h\u00fck\u00fcmetleri ve onlara oy verenler bana kar\u015f\u0131 da olsa, d\u00fcnyan\u0131n b\u00fct\u00fcn h\u00fck\u00fcmetlerine kar\u015f\u0131 ayaklananlar ve onlara destek verenler bana kar\u015f\u0131<span class=\"excerpt-hellip\"> [\u2026]<\/span><\/p>\n","protected":false},"featured_media":0,"template":"","meta":{"_monsterinsights_skip_tracking":false,"_monsterinsights_sitenote_active":false,"_monsterinsights_sitenote_note":"","_monsterinsights_sitenote_category":0},"product_brand":[],"product_cat":[12291,12292],"product_tag":[],"class_list":{"0":"post-698390","1":"product","2":"type-product","3":"status-publish","5":"product_cat-edebiyat","6":"product_cat-turk-edebiyati","7":"pa_cilt-ciltsiz","8":"pa_tur-kitap","9":"pa_yayinevi-iletisim-yayinlari","10":"pa_yazar-emrah-serbes","12":"first","13":"instock","14":"sale","15":"shipping-taxable","16":"purchasable","17":"product-type-simple"},"_links":{"self":[{"href":"https:\/\/roveyayinevi.com.tr\/index.php\/wp-json\/wp\/v2\/product\/698390","targetHints":{"allow":["GET"]}}],"collection":[{"href":"https:\/\/roveyayinevi.com.tr\/index.php\/wp-json\/wp\/v2\/product"}],"about":[{"href":"https:\/\/roveyayinevi.com.tr\/index.php\/wp-json\/wp\/v2\/types\/product"}],"wp:attachment":[{"href":"https:\/\/roveyayinevi.com.tr\/index.php\/wp-json\/wp\/v2\/media?parent=698390"}],"wp:term":[{"taxonomy":"product_brand","embeddable":true,"href":"https:\/\/roveyayinevi.com.tr\/index.php\/wp-json\/wp\/v2\/product_brand?post=698390"},{"taxonomy":"product_cat","embeddable":true,"href":"https:\/\/roveyayinevi.com.tr\/index.php\/wp-json\/wp\/v2\/product_cat?post=698390"},{"taxonomy":"product_tag","embeddable":true,"href":"https:\/\/roveyayinevi.com.tr\/index.php\/wp-json\/wp\/v2\/product_tag?post=698390"}],"curies":[{"name":"wp","href":"https:\/\/api.w.org\/{rel}","templated":true}]}}