{"id":698383,"date":"2025-08-27T14:45:08","date_gmt":"2025-08-27T11:45:08","guid":{"rendered":"https:\/\/roveyayinevi.com.tr\/index.php\/urun\/ekonomik-krizi-beklerken\/"},"modified":"2026-04-16T02:07:53","modified_gmt":"2026-04-15T23:07:53","slug":"ekonomik-krizi-beklerken","status":"publish","type":"product","link":"https:\/\/roveyayinevi.com.tr\/index.php\/urun\/ekonomik-krizi-beklerken\/","title":{"rendered":"Ekonomik Krizi Beklerken"},"content":{"rendered":"<p>\u00dclkemizin b\u00fcy\u00fck bankalar\u0131ndan birine, \u201cy\u00f6netici aday\u0131\u201d olarak A\u011fustos 2008\u2019de i\u015fe al\u0131nan bir bankac\u0131 \u00f6\u011frencim, \u015eubat 2009\u2019da, bir e\u011fitim aras\u0131nda yan\u0131ma yakla\u015ft\u0131 ve ne kadar mutsuz oldu\u011funu anlatt\u0131. A\u011fustos 2008\u2019de i\u015fe ba\u015flam\u0131\u015f ve hemen iki ay s\u00fcrecek bir e\u011fitime al\u0131nm\u0131\u015ft\u0131. 2 ay\u0131n ard\u0131ndan da \u00e7al\u0131\u015faca\u011f\u0131 banka \u015fubesinde i\u015fba\u015f\u0131 yapm\u0131\u015ft\u0131. KOB\u0130\u2019lere kredi vermekti g\u00f6revi, hem de krizin tam ortas\u0131nda. Elbette kredi veremiyorlard\u0131, dahas\u0131 \u00e7ok \u015fa\u015fk\u0131nd\u0131: \u201c\u0130\u015fe ba\u015flar ba\u015flamaz bu mu olacakt\u0131? Ne \u015fanss\u0131zd\u0131\u201d. Hakl\u0131 gibiydi\u2026 Ben ise i\u015f ya\u015fam\u0131na 90\u2019lar\u0131n hemen ba\u015f\u0131nda ba\u015flad\u0131m ve o g\u00fcnden bu yana, 1990 y\u0131l\u0131ndaki K\u00f6rfez Sava\u015f\u0131 Krizini, 1994 \u00c7iller Krizini, 1997-1998 Rusya-Asya Krizini, 2001 Nasdaq ve T\u00fcrkiye krizlerini, 2008 Konut Krizini, 2020 y\u0131l\u0131nda Pandemi\u2019yi, 2022 y\u0131l\u0131nda ise Ukrayna Sava\u015f\u0131 ve krizini g\u00f6rd\u00fcm. Bunlar benim bug\u00fcne kadar g\u00f6rd\u00fc\u011f\u00fcm krizler\u2026 Ayr\u0131ca d\u00fcnyada da 1600 y\u0131l\u0131ndan bu yana irili ufakl\u0131 150 civar\u0131nda kriz oldu\u011funu biliyor musunuz? Yani d\u00fcnyada 3-4 y\u0131lda bir kriz oldu\u011funu\u2026 Bence olaya bir de \u015f\u00f6yle bakal\u0131m: Allah \u00f6m\u00fcr versin, ya\u015fam\u0131n\u0131z boyunca daha en az 4 kriz g\u00f6receksiniz. Hem yapacak pek bir \u015fey de yok. Can\u0131n\u0131z\u0131 s\u0131kmay\u0131n, keyfini \u00e7\u0131kar\u0131n. Askerlere e\u011fitimde s\u00f6yletilen slogan\u0131 biraz geli\u015ftirelim: HER T\u00dcRK ASKER DO\u011eAR HER T\u00dcRK KR\u0130Z G\u00d6R\u00dcR Oldu mu?  Bence oldu. <\/p>\n","protected":false},"excerpt":{"rendered":"<p>\u00dclkemizin b\u00fcy\u00fck bankalar\u0131ndan birine, \u201cy\u00f6netici aday\u0131\u201d olarak A\u011fustos 2008\u2019de i\u015fe al\u0131nan bir bankac\u0131 \u00f6\u011frencim, \u015eubat 2009\u2019da, bir e\u011fitim aras\u0131nda yan\u0131ma yakla\u015ft\u0131 ve ne kadar mutsuz oldu\u011funu<span class=\"excerpt-hellip\"> [\u2026]<\/span><\/p>\n","protected":false},"featured_media":0,"template":"","meta":{"_monsterinsights_skip_tracking":false,"_monsterinsights_sitenote_active":false,"_monsterinsights_sitenote_note":"","_monsterinsights_sitenote_category":0},"product_brand":[],"product_cat":[13043,17647],"product_tag":[],"class_list":{"0":"post-698383","1":"product","2":"type-product","3":"status-publish","5":"product_cat-ekonomi","6":"product_cat-is-dunyasi","7":"pa_cilt-ciltsiz","8":"pa_tur-kitap","9":"pa_yayinevi-elma-yayinevi","10":"pa_yazar-hakan-ozerol","12":"first","13":"instock","14":"sale","15":"shipping-taxable","16":"purchasable","17":"product-type-simple"},"_links":{"self":[{"href":"https:\/\/roveyayinevi.com.tr\/index.php\/wp-json\/wp\/v2\/product\/698383","targetHints":{"allow":["GET"]}}],"collection":[{"href":"https:\/\/roveyayinevi.com.tr\/index.php\/wp-json\/wp\/v2\/product"}],"about":[{"href":"https:\/\/roveyayinevi.com.tr\/index.php\/wp-json\/wp\/v2\/types\/product"}],"wp:attachment":[{"href":"https:\/\/roveyayinevi.com.tr\/index.php\/wp-json\/wp\/v2\/media?parent=698383"}],"wp:term":[{"taxonomy":"product_brand","embeddable":true,"href":"https:\/\/roveyayinevi.com.tr\/index.php\/wp-json\/wp\/v2\/product_brand?post=698383"},{"taxonomy":"product_cat","embeddable":true,"href":"https:\/\/roveyayinevi.com.tr\/index.php\/wp-json\/wp\/v2\/product_cat?post=698383"},{"taxonomy":"product_tag","embeddable":true,"href":"https:\/\/roveyayinevi.com.tr\/index.php\/wp-json\/wp\/v2\/product_tag?post=698383"}],"curies":[{"name":"wp","href":"https:\/\/api.w.org\/{rel}","templated":true}]}}