{"id":698382,"date":"2025-08-27T14:45:08","date_gmt":"2025-08-27T11:45:08","guid":{"rendered":"https:\/\/roveyayinevi.com.tr\/index.php\/urun\/bilimin-toplumsal-kullanimlari\/"},"modified":"2026-04-16T02:07:53","modified_gmt":"2026-04-15T23:07:53","slug":"bilimin-toplumsal-kullanimlari","status":"publish","type":"product","link":"https:\/\/roveyayinevi.com.tr\/index.php\/urun\/bilimin-toplumsal-kullanimlari\/","title":{"rendered":"Bilimin Toplumsal Kullan\u0131mlar\u0131"},"content":{"rendered":"<p>Bilim sosyolojisi en sade tan\u0131m\u0131yla, bilimsel bilginin kendisinin, \u00fcreticilerinin, \u00fcretim mahallerinin ve s\u00fcre\u00e7lerinin bilgi sosyolojisinin kapsama alan\u0131na sokulmas\u0131d\u0131r. Kuru ve malumat\u00e7\u0131 bir epistemoloji, bilim tarihi veya bilim felsefesi ile yetinilmemesi, analiz seviyesinin e\u015f zamanl\u0131 olarak bilim yap\u0131lan yerlere, kurumlara, buradaki akt\u00f6rlere, yap\u0131lanmalara, \u00e7at\u0131\u015fmalara, \u00e7\u0131karlara \u00e7ekilmesi, k\u0131sacas\u0131 &#8220;bilim mutfa\u011f\u0131n\u0131n&#8221; kendisinin yine bilimin projeksiyonlar\u0131yla ayd\u0131nlat\u0131lmas\u0131d\u0131r. Di\u011fer bir ifadeyle, bilimin mahremine girmektir s\u00f6z konusu olan biraz da; bilim insanlar\u0131n\u0131n yapt\u0131klar\u0131n\u0131 s\u00f6yleyip yapmad\u0131klar\u0131 \u015feyleri veya yapt\u0131klar\u0131 ancak s\u00f6ylemedikleri \u015feyleri if\u015fa etmektir zaman zaman. Dolay\u0131s\u0131yla &#8220;ezber bozucu&#8221;, &#8220;y\u0131k\u0131c\u0131&#8221;, hatta ve hatta &#8220;yedi\u011fi kaba t\u00fck\u00fcrme&#8221; izlenimi verir bilim sosyolojisi. Lakin bu &#8220;hay\u0131rl\u0131&#8221; sorgulamalar\u0131n, bilimin t\u00fcm sigortalar\u0131n\u0131 att\u0131rma riski de bir o kadar sabittir. Le\u011fendeki kirli suyla beraber bebe\u011fi de f\u0131rlat\u0131p atmak, baz\u0131 yakla\u015f\u0131mlar\u0131n (\u00f6zellikle r\u00f6lativizmin) varaca\u011f\u0131 ka\u00e7\u0131n\u0131lmaz nokta gibidir.Bourdieu&#8217;n\u00fcn bilim sosyolojisi bu ba\u011flamda bir alternatif sunabilir. Kendisinin de bir fail olarak i\u00e7erisinde yer ald\u0131\u011f\u0131 bilimsel alan\u0131n bilimini ve bir alt alan olarak da sosyolojinin sosyolojisini yapma derdi Bourdieu&#8217;de olduk\u00e7a erken bir d\u00f6nemde, sembolik \u00fcr\u00fcnler sosyolojisinin bir uzant\u0131s\u0131 ve bilhassa bilimsel bir sosyolojik bilginin m\u00fcmk\u00fcnl\u00fc\u011f\u00fcn\u00fcn ko\u015fullar\u0131na ili\u015fkin epistemolojik sorgulamalar\u0131n\u0131n (ba\u015fta refleksivite olmak \u00fczere) zorunlu bir gere\u011fi olarak kendini hissettirir. \u00d6yle ki, devam\u0131nda birbirinden ayr\u0131lmaz bi\u00e7imde in\u015fa edece\u011fi \u00fc\u00e7l\u00fc sa\u00e7 aya\u011f\u0131 (epistemoloji-bilgi sosyolojisi-bilim sosyolojisi) Bourdieu&#8217;n\u00fcn temel \u00e7al\u0131\u015fma alanlar\u0131ndan birini te\u015fkil edecektir. Bu minvalde, elinizdeki kitap bilimsel alan\u0131n, alan teorisi \u00fczerinden nas\u0131l verimli bi\u00e7imde tahlil edilebilece\u011fine ili\u015fkin zihin a\u00e7\u0131kl\u0131\u011f\u0131 veren bir \u00e7er\u00e7eve sunuyor. K\u0131sacas\u0131 Bourdieu burada, bir sembolik \u00fcr\u00fcnler alan\u0131 olarak bilimsel alan\u0131n morfolojisinin, yani Bilimsel Alan\u0131n Klinik Bir Sosyolojisi&#8217;nin nas\u0131l y\u00fcr\u00fct\u00fclebilece\u011finin ipu\u00e7lar\u0131n\u0131 veriyor. <\/p>\n","protected":false},"excerpt":{"rendered":"<p>Bilim sosyolojisi en sade tan\u0131m\u0131yla, bilimsel bilginin kendisinin, \u00fcreticilerinin, \u00fcretim mahallerinin ve s\u00fcre\u00e7lerinin bilgi sosyolojisinin kapsama alan\u0131na sokulmas\u0131d\u0131r. Kuru ve malumat\u00e7\u0131 bir epistemoloji, bilim tarihi veya<span class=\"excerpt-hellip\"> [\u2026]<\/span><\/p>\n","protected":false},"featured_media":0,"template":"","meta":{"_monsterinsights_skip_tracking":false,"_monsterinsights_sitenote_active":false,"_monsterinsights_sitenote_note":"","_monsterinsights_sitenote_category":0},"product_brand":[],"product_cat":[12835,12324],"product_tag":[],"class_list":{"0":"post-698382","1":"product","2":"type-product","3":"status-publish","5":"product_cat-genel-sosyoloji","6":"product_cat-sosyoloji","7":"pa_cilt-ciltsiz","8":"pa_tur-kitap","9":"pa_yayinevi-heretik-yayincilik","10":"pa_yazar-pierre-bourdieu","12":"first","13":"instock","14":"sale","15":"shipping-taxable","16":"purchasable","17":"product-type-simple"},"_links":{"self":[{"href":"https:\/\/roveyayinevi.com.tr\/index.php\/wp-json\/wp\/v2\/product\/698382","targetHints":{"allow":["GET"]}}],"collection":[{"href":"https:\/\/roveyayinevi.com.tr\/index.php\/wp-json\/wp\/v2\/product"}],"about":[{"href":"https:\/\/roveyayinevi.com.tr\/index.php\/wp-json\/wp\/v2\/types\/product"}],"wp:attachment":[{"href":"https:\/\/roveyayinevi.com.tr\/index.php\/wp-json\/wp\/v2\/media?parent=698382"}],"wp:term":[{"taxonomy":"product_brand","embeddable":true,"href":"https:\/\/roveyayinevi.com.tr\/index.php\/wp-json\/wp\/v2\/product_brand?post=698382"},{"taxonomy":"product_cat","embeddable":true,"href":"https:\/\/roveyayinevi.com.tr\/index.php\/wp-json\/wp\/v2\/product_cat?post=698382"},{"taxonomy":"product_tag","embeddable":true,"href":"https:\/\/roveyayinevi.com.tr\/index.php\/wp-json\/wp\/v2\/product_tag?post=698382"}],"curies":[{"name":"wp","href":"https:\/\/api.w.org\/{rel}","templated":true}]}}