{"id":698373,"date":"2025-08-27T14:45:05","date_gmt":"2025-08-27T11:45:05","guid":{"rendered":"https:\/\/roveyayinevi.com.tr\/index.php\/urun\/cilgin-ve-ozgur\/"},"modified":"2026-04-16T02:07:53","modified_gmt":"2026-04-15T23:07:53","slug":"cilgin-ve-ozgur","status":"publish","type":"product","link":"https:\/\/roveyayinevi.com.tr\/index.php\/urun\/cilgin-ve-ozgur\/","title":{"rendered":"\u00c7\u0131lg\u0131n ve \u00d6zg\u00fcr"},"content":{"rendered":"<p>H\u0131fz\u0131 Tpuz, bu kez ini\u015fli \u00e7\u0131k\u0131\u015fl\u0131 \u00f6mr\u00fc birbirinden renkli ser\u00fcvenlerle ge\u00e7en, T\u00fcrk ayd\u0131nlar\u0131 aras\u0131nda kendine \u00f6zg\u00fc duru\u015fuyla dikkat \u00e7eken Neyzen Tevfik\u2019in ya\u015fam\u0131n\u0131 romanla\u015ft\u0131rd\u0131. \ufffc<\/p>\n","protected":false},"excerpt":{"rendered":"<p>H\u0131fz\u0131 Tpuz, bu kez ini\u015fli \u00e7\u0131k\u0131\u015fl\u0131 \u00f6mr\u00fc birbirinden renkli ser\u00fcvenlerle ge\u00e7en, T\u00fcrk ayd\u0131nlar\u0131 aras\u0131nda kendine \u00f6zg\u00fc duru\u015fuyla dikkat \u00e7eken Neyzen Tevfik\u2019in ya\u015fam\u0131n\u0131 romanla\u015ft\u0131rd\u0131. \ufffc<\/p>\n","protected":false},"featured_media":0,"template":"","meta":{"_monsterinsights_skip_tracking":false,"_monsterinsights_sitenote_active":false,"_monsterinsights_sitenote_note":"","_monsterinsights_sitenote_category":0},"product_brand":[],"product_cat":[12291,12292],"product_tag":[],"class_list":{"0":"post-698373","1":"product","2":"type-product","3":"status-publish","5":"product_cat-edebiyat","6":"product_cat-turk-edebiyati","7":"pa_cilt-ciltsiz","8":"pa_tur-kitap","9":"pa_yayinevi-remzi-kitabevi","10":"pa_yazar-hifzi-topuz","12":"first","13":"instock","14":"sale","15":"shipping-taxable","16":"purchasable","17":"product-type-simple"},"_links":{"self":[{"href":"https:\/\/roveyayinevi.com.tr\/index.php\/wp-json\/wp\/v2\/product\/698373","targetHints":{"allow":["GET"]}}],"collection":[{"href":"https:\/\/roveyayinevi.com.tr\/index.php\/wp-json\/wp\/v2\/product"}],"about":[{"href":"https:\/\/roveyayinevi.com.tr\/index.php\/wp-json\/wp\/v2\/types\/product"}],"wp:attachment":[{"href":"https:\/\/roveyayinevi.com.tr\/index.php\/wp-json\/wp\/v2\/media?parent=698373"}],"wp:term":[{"taxonomy":"product_brand","embeddable":true,"href":"https:\/\/roveyayinevi.com.tr\/index.php\/wp-json\/wp\/v2\/product_brand?post=698373"},{"taxonomy":"product_cat","embeddable":true,"href":"https:\/\/roveyayinevi.com.tr\/index.php\/wp-json\/wp\/v2\/product_cat?post=698373"},{"taxonomy":"product_tag","embeddable":true,"href":"https:\/\/roveyayinevi.com.tr\/index.php\/wp-json\/wp\/v2\/product_tag?post=698373"}],"curies":[{"name":"wp","href":"https:\/\/api.w.org\/{rel}","templated":true}]}}