{"id":698372,"date":"2025-08-27T14:45:05","date_gmt":"2025-08-27T11:45:05","guid":{"rendered":"https:\/\/roveyayinevi.com.tr\/index.php\/urun\/altin-ulke-cocukluk\/"},"modified":"2026-04-16T02:07:53","modified_gmt":"2026-04-15T23:07:53","slug":"altin-ulke-cocukluk","status":"publish","type":"product","link":"https:\/\/roveyayinevi.com.tr\/index.php\/urun\/altin-ulke-cocukluk\/","title":{"rendered":"Alt\u0131n \u00dclke: \u00c7ocukluk"},"content":{"rendered":"<p>\u0130stanbul\u2019dan Tunceli\u2019ye T\u00fcrkiye Atlas\u0131ndan Bir D\u00f6nemin \u00c7ocukluk Foto\u011fraf\u0131 Alt\u0131n \u00dclke: \u00c7ocukluk, 20. y\u00fczy\u0131l\u0131n ikinci yar\u0131s\u0131nda, \u00f6zellikle de de\u011ferler ku\u015fa\u011f\u0131n\u0131n de\u011fi\u015fmesinde birk\u0131r\u0131lma noktas\u0131 olan 1980 \u00f6ncesinde T\u00fcrkiye\u2019de \u00e7ocuklu\u011fa, art\u0131k \u201ckay\u0131p bir zaman\u201da odaklanmas\u0131 bak\u0131m\u0131ndan bir belge niteli\u011finde.Bu kitapta \u00e7ocukluklar\u0131n\u0131 anlatan yazarlar, \u0130stanbul\u2019dan Tunceli\u2019ye, Kayseri\u2019ye, Erzincan\u2019a, Samsun\u2019a, Kars\u2019a ve daha nicelerine kadar T\u00fcrkiye\u2019nin \u00e7e\u015fitli \u015fehirlerinde, farkl\u0131 ko\u015fullarda do\u011fup b\u00fcy\u00fcm\u00fc\u015fler. \u00c7ocukken bakt\u0131klar\u0131, etkilendikleri, biriktirdikleri ne varsa, nereye giderlerse gitsinler, hep o \u201c\u00e7ocuklu\u011fun g\u00f6r\u00fcnmeyen bavulu\u201dyla ta\u015f\u0131m\u0131\u015flar yanlar\u0131nda. Sonunda hepsi yazarl\u0131kta, kitaplarda bulu\u015fmu\u015f. Alt\u0131n \u00dclke: \u00c7ocukluk \/ 15 Yazar \u00c7ocuklu\u011funu Anlat\u0131yor, 20. y\u00fczy\u0131l\u0131n ikinci yar\u0131s\u0131nda, \u00f6zellikle de de\u011ferler ku\u015fa\u011f\u0131n\u0131n de\u011fi\u015fmesinde bir k\u0131r\u0131lma noktas\u0131 olan 1980 \u00f6ncesinde T\u00fcrkiye\u2019de \u00e7ocuklu\u011fa odaklanmas\u0131 bak\u0131m\u0131ndan bir belge niteli\u011finde. Do\u011fum tarihleri 1940\u2019lar ile 1970\u2019ler aras\u0131nda de\u011fi\u015fen yazarlar\u0131n \u00e7ocuklu\u011funa ayna tutan bu metinler, en \u00fccra k\u00f6y\u00fcnden, ta\u015fras\u0131na, b\u00fcy\u00fck \u015fehirlerine kadar T\u00fcrkiye\u2019de farkl\u0131 co\u011frafya, k\u00fclt\u00fcr ve etnik renklere sahip hayatlar\u0131n da billurla\u015ft\u0131\u011f\u0131 bir \u00e7al\u0131\u015fma. Ay\u015feg\u00fcl \u00c7elik, Berat Alanyal\u0131, Do\u011fan Yar\u0131c\u0131, \u201cEmine\u201d Sevgi \u00d6zdamar, Faruk Duman, Filiz \u00d6zdem, G\u00fcrsel Korat, G\u00fcven Turan, Haydar Erg\u00fclen, \u0130nan \u00c7etin, Mine S\u00f6\u011f\u00fct, Murat Yal\u00e7\u0131n, Nursel Duruel, Semra Topal ve Yekta Kopan\u2019\u0131n \u00e7ocukluklar\u0131n\u0131 anlatt\u0131\u011f\u0131 bu kitapta metinlere e\u015flik eden 144 foto\u011fraf yer al\u0131yor. Filiz \u00d6zdem\u2019in haz\u0131rlad\u0131\u011f\u0131, her ya\u015ftan okura seslenen bu etkileyici kitaptaki otobiyografik metinler sadece bir \u201c\u00e7ocukluk arkeolojisi\u201d yapmakla kalm\u0131yor; ayr\u0131ca, bir d\u00f6nemin sosyolojik panoramas\u0131n\u0131 sundu\u011fu gibi, \u201cbir \u00e7ocuk olarak yazar\u0131n portresi\u201dni de a\u00e7\u0131\u011fa \u00e7\u0131kar\u0131yor. Ne de olsa, kimseye belli etmeden, gizlice ezberlenmi\u015f bir \u015fiirdir \u00e7ocukluk. Sonra hayat, kendi bildi\u011fi gibi gelir, b\u00fct\u00fcn ezberleri bozmaya kalk\u0131\u015f\u0131r. Neyse ki \u00e7ocukluk, her zaman \u015fiirine sahip \u00e7\u0131kar. \u00c7\u00fcnk\u00fc ne kadar b\u00fcy\u00fcrsek b\u00fcy\u00fcyelim, d\u00fcnyaya her zaman \u00e7ocuklu\u011fumuzda bakt\u0131\u011f\u0131m\u0131z pencerelerden bakar\u0131z ister istemez. <\/p>\n","protected":false},"excerpt":{"rendered":"<p>\u0130stanbul\u2019dan Tunceli\u2019ye T\u00fcrkiye Atlas\u0131ndan Bir D\u00f6nemin \u00c7ocukluk Foto\u011fraf\u0131 Alt\u0131n \u00dclke: \u00c7ocukluk, 20. y\u00fczy\u0131l\u0131n ikinci yar\u0131s\u0131nda, \u00f6zellikle de de\u011ferler ku\u015fa\u011f\u0131n\u0131n de\u011fi\u015fmesinde birk\u0131r\u0131lma noktas\u0131 olan 1980 \u00f6ncesinde T\u00fcrkiye\u2019de<span class=\"excerpt-hellip\"> [\u2026]<\/span><\/p>\n","protected":false},"featured_media":0,"template":"","meta":{"_monsterinsights_skip_tracking":false,"_monsterinsights_sitenote_active":false,"_monsterinsights_sitenote_note":"","_monsterinsights_sitenote_category":0},"product_brand":[],"product_cat":[13701,12291],"product_tag":[],"class_list":{"0":"post-698372","1":"product","2":"type-product","3":"status-publish","5":"product_cat-ani-mektup-gunluk","6":"product_cat-edebiyat","7":"pa_tur-kitap","8":"pa_yayinevi-yapi-kredi-yayinlari","9":"pa_yazar-kolektif","11":"first","12":"instock","13":"sale","14":"shipping-taxable","15":"purchasable","16":"product-type-simple"},"_links":{"self":[{"href":"https:\/\/roveyayinevi.com.tr\/index.php\/wp-json\/wp\/v2\/product\/698372","targetHints":{"allow":["GET"]}}],"collection":[{"href":"https:\/\/roveyayinevi.com.tr\/index.php\/wp-json\/wp\/v2\/product"}],"about":[{"href":"https:\/\/roveyayinevi.com.tr\/index.php\/wp-json\/wp\/v2\/types\/product"}],"wp:attachment":[{"href":"https:\/\/roveyayinevi.com.tr\/index.php\/wp-json\/wp\/v2\/media?parent=698372"}],"wp:term":[{"taxonomy":"product_brand","embeddable":true,"href":"https:\/\/roveyayinevi.com.tr\/index.php\/wp-json\/wp\/v2\/product_brand?post=698372"},{"taxonomy":"product_cat","embeddable":true,"href":"https:\/\/roveyayinevi.com.tr\/index.php\/wp-json\/wp\/v2\/product_cat?post=698372"},{"taxonomy":"product_tag","embeddable":true,"href":"https:\/\/roveyayinevi.com.tr\/index.php\/wp-json\/wp\/v2\/product_tag?post=698372"}],"curies":[{"name":"wp","href":"https:\/\/api.w.org\/{rel}","templated":true}]}}