{"id":698368,"date":"2025-08-27T14:45:04","date_gmt":"2025-08-27T11:45:04","guid":{"rendered":"https:\/\/roveyayinevi.com.tr\/index.php\/urun\/demiryolu-cocuklari-5\/"},"modified":"2026-04-16T02:07:52","modified_gmt":"2026-04-15T23:07:52","slug":"demiryolu-cocuklari-5","status":"publish","type":"product","link":"https:\/\/roveyayinevi.com.tr\/index.php\/urun\/demiryolu-cocuklari-5\/","title":{"rendered":"Demiryolu \u00c7ocuklar\u0131"},"content":{"rendered":"<p>Roberta, Peter ve Phyllis, Londra\u2019n\u0131n zengin mahallelerinden birinde, g\u00fczel bir evde, anne-babalar\u0131yla birlikte ya\u015farlar. Ancak beklenmedik bir anda babalar\u0131n\u0131n ortadan kaybolmas\u0131, \u00fc\u00e7 karde\u015fin hayat\u0131n\u0131 tamamen de\u011fi\u015ftirir. Londra\u2019daki g\u00fczel evlerini terk edip anneleriyle bir k\u00f6ye ta\u015f\u0131n\u0131rlar. Babalar\u0131n\u0131n yoklu\u011funda yeni hayatlar\u0131n\u0131n getirdi\u011fi \u00e7e\u015fitli g\u00fc\u00e7l\u00fcklere g\u00f6\u011f\u00fcs germek zorunda kalan \u00e7ocuklar, g\u00fcnlerinin b\u00fcy\u00fck k\u0131sm\u0131n\u0131 evlerinin yak\u0131n\u0131ndaki istasyonda ge\u00e7irmeye ba\u015flarlar. Demiryolu sayesinde bir\u00e7ok dost edinen, \u00e7e\u015fitli ser\u00fcvenler ya\u015fayan \u00e7ocuklar, o dostlardan biri sayesinde babalar\u0131n\u0131n izini bulacaklard\u0131r. \ufffcTan\u0131t\u0131m Metni<\/p>\n","protected":false},"excerpt":{"rendered":"<p>Roberta, Peter ve Phyllis, Londra\u2019n\u0131n zengin mahallelerinden birinde, g\u00fczel bir evde, anne-babalar\u0131yla birlikte ya\u015farlar. Ancak beklenmedik bir anda babalar\u0131n\u0131n ortadan kaybolmas\u0131, \u00fc\u00e7 karde\u015fin hayat\u0131n\u0131 tamamen de\u011fi\u015ftirir.<span class=\"excerpt-hellip\"> [\u2026]<\/span><\/p>\n","protected":false},"featured_media":0,"template":"","meta":{"_monsterinsights_skip_tracking":false,"_monsterinsights_sitenote_active":false,"_monsterinsights_sitenote_note":"","_monsterinsights_sitenote_category":0},"product_brand":[],"product_cat":[12274,12467],"product_tag":[],"class_list":{"0":"post-698368","1":"product","2":"type-product","3":"status-publish","5":"product_cat-cocuk-ve-genclik-kitaplari","6":"product_cat-dunya-klasikleri","7":"pa_cilt-ciltsiz","8":"pa_tur-kitap","9":"pa_yayinevi-kirmizi-kedi-yayinevi","10":"pa_yazar-edith-nesbit","12":"first","13":"instock","14":"sale","15":"shipping-taxable","16":"purchasable","17":"product-type-simple"},"_links":{"self":[{"href":"https:\/\/roveyayinevi.com.tr\/index.php\/wp-json\/wp\/v2\/product\/698368","targetHints":{"allow":["GET"]}}],"collection":[{"href":"https:\/\/roveyayinevi.com.tr\/index.php\/wp-json\/wp\/v2\/product"}],"about":[{"href":"https:\/\/roveyayinevi.com.tr\/index.php\/wp-json\/wp\/v2\/types\/product"}],"wp:attachment":[{"href":"https:\/\/roveyayinevi.com.tr\/index.php\/wp-json\/wp\/v2\/media?parent=698368"}],"wp:term":[{"taxonomy":"product_brand","embeddable":true,"href":"https:\/\/roveyayinevi.com.tr\/index.php\/wp-json\/wp\/v2\/product_brand?post=698368"},{"taxonomy":"product_cat","embeddable":true,"href":"https:\/\/roveyayinevi.com.tr\/index.php\/wp-json\/wp\/v2\/product_cat?post=698368"},{"taxonomy":"product_tag","embeddable":true,"href":"https:\/\/roveyayinevi.com.tr\/index.php\/wp-json\/wp\/v2\/product_tag?post=698368"}],"curies":[{"name":"wp","href":"https:\/\/api.w.org\/{rel}","templated":true}]}}