{"id":698367,"date":"2025-08-27T14:45:04","date_gmt":"2025-08-27T11:45:04","guid":{"rendered":"https:\/\/roveyayinevi.com.tr\/index.php\/urun\/ana-baba-ve-cocuk\/"},"modified":"2026-04-16T02:07:52","modified_gmt":"2026-04-15T23:07:52","slug":"ana-baba-ve-cocuk","status":"publish","type":"product","link":"https:\/\/roveyayinevi.com.tr\/index.php\/urun\/ana-baba-ve-cocuk\/","title":{"rendered":"Ana &#8211; Baba ve \u00c7ocuk"},"content":{"rendered":"<p>G\u00fcn\u00fcm\u00fczde \u00e7ocuk \u00f6nemle ele al\u0131nmas\u0131 gereken bir bireydir.\u00d6zellikle uyum ve davran\u0131\u015f bozuklu\u011fu g\u00f6steren ve su\u00e7a itilen \u00e7ocuklar\u0131n giderek artmas\u0131 ana baba ve e\u011fitimcilerin &#8216;\u00c7ocuk e\u011fitimi&#8217; konusunda daha dikkatli ve bilimsel bir yakla\u015f\u0131m i\u00e7inde olmalar\u0131n\u0131 zorunlu hale getirmektedir.G\u00fcn\u00fcm\u00fcz anne ve babas\u0131 art\u0131k geleneksel \u00e7ocuk terbiyesi metotlar\u0131n\u0131n yetersizli\u011finin bilincinde oldu\u011fu gibi \u00e7a\u011fda\u015f kitle ileti\u015fim ara\u00e7lar\u0131n\u0131n olumsuz etkilerinden de haberdard\u0131r.Bu durum ana-babalar\u0131 &#8216;en sa\u011fl\u0131kl\u0131 e\u011fitim ko\u015fullar\u0131 &#8216;konusunda bir aray\u0131\u015fa itmektedir. Ana-Baba ve \u00c7ocuk adl\u0131 kitab\u0131m\u0131z bu ihtiyaca cevap vermek amac\u0131yla haz\u0131rlanm\u0131\u015ft\u0131r. Bu kitapta, sade ve anla\u015f\u0131l\u0131r bir dil kullan\u0131lmaya \u00f6zen g\u00f6sterilerek, \u00e7ocukla ileti\u015fim kurma teknikleri ve \u00e7ocu\u011fu y\u00f6nlendirmede ailenin rol\u00fc a\u00e7\u0131klanmaktad\u0131r.Her ev, her aile ve her e\u011fitimci i\u00e7in vazge\u00e7ilmez bir kaynak.<\/p>\n","protected":false},"excerpt":{"rendered":"<p>G\u00fcn\u00fcm\u00fczde \u00e7ocuk \u00f6nemle ele al\u0131nmas\u0131 gereken bir bireydir.\u00d6zellikle uyum ve davran\u0131\u015f bozuklu\u011fu g\u00f6steren ve su\u00e7a itilen \u00e7ocuklar\u0131n giderek artmas\u0131 ana baba ve e\u011fitimcilerin &#8216;\u00c7ocuk e\u011fitimi&#8217; konusunda<span class=\"excerpt-hellip\"> [\u2026]<\/span><\/p>\n","protected":false},"featured_media":0,"template":"","meta":{"_monsterinsights_skip_tracking":false,"_monsterinsights_sitenote_active":false,"_monsterinsights_sitenote_note":"","_monsterinsights_sitenote_category":0},"product_brand":[],"product_cat":[12679,12357],"product_tag":[],"class_list":{"0":"post-698367","1":"product","2":"type-product","3":"status-publish","5":"product_cat-cocuk-psikolojisi","6":"product_cat-psikoloji","7":"pa_cilt-ciltsiz","8":"pa_tur-kitap","9":"pa_yayinevi-remzi-kitabevi","10":"pa_yazar-haluk-yavuzer","12":"first","13":"instock","14":"sale","15":"shipping-taxable","16":"purchasable","17":"product-type-simple"},"_links":{"self":[{"href":"https:\/\/roveyayinevi.com.tr\/index.php\/wp-json\/wp\/v2\/product\/698367","targetHints":{"allow":["GET"]}}],"collection":[{"href":"https:\/\/roveyayinevi.com.tr\/index.php\/wp-json\/wp\/v2\/product"}],"about":[{"href":"https:\/\/roveyayinevi.com.tr\/index.php\/wp-json\/wp\/v2\/types\/product"}],"wp:attachment":[{"href":"https:\/\/roveyayinevi.com.tr\/index.php\/wp-json\/wp\/v2\/media?parent=698367"}],"wp:term":[{"taxonomy":"product_brand","embeddable":true,"href":"https:\/\/roveyayinevi.com.tr\/index.php\/wp-json\/wp\/v2\/product_brand?post=698367"},{"taxonomy":"product_cat","embeddable":true,"href":"https:\/\/roveyayinevi.com.tr\/index.php\/wp-json\/wp\/v2\/product_cat?post=698367"},{"taxonomy":"product_tag","embeddable":true,"href":"https:\/\/roveyayinevi.com.tr\/index.php\/wp-json\/wp\/v2\/product_tag?post=698367"}],"curies":[{"name":"wp","href":"https:\/\/api.w.org\/{rel}","templated":true}]}}