{"id":698366,"date":"2025-08-27T14:45:03","date_gmt":"2025-08-27T11:45:03","guid":{"rendered":"https:\/\/roveyayinevi.com.tr\/index.php\/urun\/yeni-baslayanlar-icin-portre-cizimi\/"},"modified":"2026-04-16T02:07:52","modified_gmt":"2026-04-15T23:07:52","slug":"yeni-baslayanlar-icin-portre-cizimi","status":"publish","type":"product","link":"https:\/\/roveyayinevi.com.tr\/index.php\/urun\/yeni-baslayanlar-icin-portre-cizimi\/","title":{"rendered":"Yeni Ba\u015flayanlar i\u00e7in Portre \u00c7izimi"},"content":{"rendered":"<p>Mark ve Mary Willenbrink\u2019in Yeni Ba\u015flayanlar \u0130\u00e7in kitaplar\u0131 binlerce aceminin i\u00e7indeki ressam\u0131 bulmas\u0131na yard\u0131mc\u0131 oldu. Mark ve Mary bu kitapta da isteyen herkesin y\u00fcz resimleri \u00e7izebilece\u011fini g\u00f6stererek yolun ba\u015f\u0131ndaki ressamlar\u0131n portre \u00e7izimine ge\u00e7melerine yard\u0131m ediyor; cesaretlendirici, kolay anla\u015f\u0131l\u0131r a\u00e7\u0131klamalar\u0131 ile \u00f6\u011frenmeyi son derece e\u011flenceli h\u00e2le getiriyorlar. Ne kadar k\u0131sa zamanda etkileyici sonu\u00e7lar ald\u0131\u011f\u0131n\u0131z\u0131 g\u00f6r\u00fcnce siz de \u00e7ok \u015fa\u015f\u0131racaks\u0131n\u0131z. \u015eimdi bir yeni ba\u015flayan olabilirsiniz, ama bu uzun s\u00fcrmeyecek! Yeni Ba\u015flayanlar \u0130\u00e7in Portre \u00c7izimi kitab\u0131nda eskizlerle \u0131s\u0131nmadan y\u00fcz ifadelerini yakalamaya, biten \u00e7al\u0131\u015fman\u0131z\u0131 \u00e7er\u00e7evelemeye kadar her \u015fey var. Sayfa sayfa, arkada\u015flar\u0131n\u0131z\u0131n ve aile \u00fcyelerinizin capcanl\u0131 portrelerini yapabilmek i\u00e7in ihtiyac\u0131n\u0131z olan beceriyi ve g\u00fcveni kazanacaks\u0131n\u0131z. <\/p>\n","protected":false},"excerpt":{"rendered":"<p>Mark ve Mary Willenbrink\u2019in Yeni Ba\u015flayanlar \u0130\u00e7in kitaplar\u0131 binlerce aceminin i\u00e7indeki ressam\u0131 bulmas\u0131na yard\u0131mc\u0131 oldu. Mark ve Mary bu kitapta da isteyen herkesin y\u00fcz resimleri \u00e7izebilece\u011fini<span class=\"excerpt-hellip\"> [\u2026]<\/span><\/p>\n","protected":false},"featured_media":0,"template":"","meta":{"_monsterinsights_skip_tracking":false,"_monsterinsights_sitenote_active":false,"_monsterinsights_sitenote_note":"","_monsterinsights_sitenote_category":0},"product_brand":[],"product_cat":[15733,12408],"product_tag":[],"class_list":{"0":"post-698366","1":"product","2":"type-product","3":"status-publish","5":"product_cat-resim","6":"product_cat-sanat","7":"pa_cilt-ciltsiz","8":"pa_tur-kitap","9":"pa_yayinevi-bilge-kultur-sanat","10":"pa_yazar-mary-willenbrink","12":"first","13":"instock","14":"sale","15":"shipping-taxable","16":"purchasable","17":"product-type-simple"},"_links":{"self":[{"href":"https:\/\/roveyayinevi.com.tr\/index.php\/wp-json\/wp\/v2\/product\/698366","targetHints":{"allow":["GET"]}}],"collection":[{"href":"https:\/\/roveyayinevi.com.tr\/index.php\/wp-json\/wp\/v2\/product"}],"about":[{"href":"https:\/\/roveyayinevi.com.tr\/index.php\/wp-json\/wp\/v2\/types\/product"}],"wp:attachment":[{"href":"https:\/\/roveyayinevi.com.tr\/index.php\/wp-json\/wp\/v2\/media?parent=698366"}],"wp:term":[{"taxonomy":"product_brand","embeddable":true,"href":"https:\/\/roveyayinevi.com.tr\/index.php\/wp-json\/wp\/v2\/product_brand?post=698366"},{"taxonomy":"product_cat","embeddable":true,"href":"https:\/\/roveyayinevi.com.tr\/index.php\/wp-json\/wp\/v2\/product_cat?post=698366"},{"taxonomy":"product_tag","embeddable":true,"href":"https:\/\/roveyayinevi.com.tr\/index.php\/wp-json\/wp\/v2\/product_tag?post=698366"}],"curies":[{"name":"wp","href":"https:\/\/api.w.org\/{rel}","templated":true}]}}