{"id":698365,"date":"2025-08-27T14:45:03","date_gmt":"2025-08-27T11:45:03","guid":{"rendered":"https:\/\/roveyayinevi.com.tr\/index.php\/urun\/ana-baba-el-kitabi\/"},"modified":"2026-04-16T02:07:52","modified_gmt":"2026-04-15T23:07:52","slug":"ana-baba-el-kitabi","status":"publish","type":"product","link":"https:\/\/roveyayinevi.com.tr\/index.php\/urun\/ana-baba-el-kitabi\/","title":{"rendered":"Ana &#8211; Baba El Kitab\u0131"},"content":{"rendered":"<p>\u00c7ocuklarla ili\u015fkilerimizde hayatla ilgili genel bilgilerimiz her zaman yeterli olmaz. \u00c7ocuklar\u0131n her d\u00f6nemi, geli\u015fimlerine ba\u011fl\u0131 olarak farkl\u0131 \u00f6zellikler g\u00f6sterir. Bu nedenle, anne-baba olarak ne zaman, nas\u0131l davranmam\u0131z gerekti\u011fi b\u00fcy\u00fck \u00f6nem kazan\u0131r. \u00c7ocuklar\u0131m\u0131za vereceklerimiz, d\u00f6nemi ge\u00e7tikten sonra yeterince etkili olmaz.\u0130\u015fte bu y\u00f6nde Prof. Balta\u015f\u2019\u0131n deneyimlerinden s\u00fcz\u00fclm\u00fc\u015f bir rehber\u2026\u00c7ocuklar\u0131n\u0131za;\u2022 Olumlu davran\u0131\u015flar ve \u00f6zsayg\u0131 kazand\u0131r\u0131n!\u2022 Hayat\u0131 sevdirip, potansiyelini hayata yans\u0131tmas\u0131na imk\u00e2n verin!\u2022 \u0130\u015fbirli\u011fi ve sorumluluk duygusu verin!\u2022 Kendisiyle bar\u0131\u015f\u0131k, olgun insan kimli\u011fi kazand\u0131r\u0131n!\u2022 Enerjisini nereye koyarsa, hayat\u0131n\u0131n orada g\u00fczelle\u015fece\u011fini \u00f6\u011fretin!\u2022 \u201cD\u00fcnyada en iyi olmak\u201d gibi belirsiz bir hedefe y\u00f6neltmek yerine,ona D\u00fcnya i\u00e7in iyi bir insan olmak anlay\u0131\u015f\u0131n\u0131 benimsetin! <\/p>\n","protected":false},"excerpt":{"rendered":"<p>\u00c7ocuklarla ili\u015fkilerimizde hayatla ilgili genel bilgilerimiz her zaman yeterli olmaz. \u00c7ocuklar\u0131n her d\u00f6nemi, geli\u015fimlerine ba\u011fl\u0131 olarak farkl\u0131 \u00f6zellikler g\u00f6sterir. Bu nedenle, anne-baba olarak ne zaman, nas\u0131l<span class=\"excerpt-hellip\"> [\u2026]<\/span><\/p>\n","protected":false},"featured_media":0,"template":"","meta":{"_monsterinsights_skip_tracking":false,"_monsterinsights_sitenote_active":false,"_monsterinsights_sitenote_note":"","_monsterinsights_sitenote_category":0},"product_brand":[],"product_cat":[12679,12357],"product_tag":[],"class_list":{"0":"post-698365","1":"product","2":"type-product","3":"status-publish","5":"product_cat-cocuk-psikolojisi","6":"product_cat-psikoloji","7":"pa_cilt-ciltsiz","8":"pa_tur-kitap","9":"pa_yayinevi-remzi-kitabevi","10":"pa_yazar-acar-baltas","12":"first","13":"instock","14":"sale","15":"shipping-taxable","16":"purchasable","17":"product-type-simple"},"_links":{"self":[{"href":"https:\/\/roveyayinevi.com.tr\/index.php\/wp-json\/wp\/v2\/product\/698365","targetHints":{"allow":["GET"]}}],"collection":[{"href":"https:\/\/roveyayinevi.com.tr\/index.php\/wp-json\/wp\/v2\/product"}],"about":[{"href":"https:\/\/roveyayinevi.com.tr\/index.php\/wp-json\/wp\/v2\/types\/product"}],"wp:attachment":[{"href":"https:\/\/roveyayinevi.com.tr\/index.php\/wp-json\/wp\/v2\/media?parent=698365"}],"wp:term":[{"taxonomy":"product_brand","embeddable":true,"href":"https:\/\/roveyayinevi.com.tr\/index.php\/wp-json\/wp\/v2\/product_brand?post=698365"},{"taxonomy":"product_cat","embeddable":true,"href":"https:\/\/roveyayinevi.com.tr\/index.php\/wp-json\/wp\/v2\/product_cat?post=698365"},{"taxonomy":"product_tag","embeddable":true,"href":"https:\/\/roveyayinevi.com.tr\/index.php\/wp-json\/wp\/v2\/product_tag?post=698365"}],"curies":[{"name":"wp","href":"https:\/\/api.w.org\/{rel}","templated":true}]}}