{"id":698364,"date":"2025-08-27T14:45:03","date_gmt":"2025-08-27T11:45:03","guid":{"rendered":"https:\/\/roveyayinevi.com.tr\/index.php\/urun\/neden-avrupa-tarihi\/"},"modified":"2026-04-16T02:07:52","modified_gmt":"2026-04-15T23:07:52","slug":"neden-avrupa-tarihi","status":"publish","type":"product","link":"https:\/\/roveyayinevi.com.tr\/index.php\/urun\/neden-avrupa-tarihi\/","title":{"rendered":"Neden Avrupa Tarihi ?"},"content":{"rendered":"<p>Elinizdeki bu kitap\u00e7\u0131k, tarihin ne kadar e\u011flenceli oldu\u011funun, olabilece\u011finin k\u00fc\u00e7\u00fck bir kan\u0131t\u0131. Huricihan \u0130slamo\u011flu\u2019nun \u00e7er\u00e7evesini \u00e7izdi\u011fi, Avrupa tarihinin de\u011fi\u015fik ve\u00e7helerinden yola \u00e7\u0131kan \u00fc\u00e7 tebli\u011f etraf\u0131nda y\u00fcr\u00fct\u00fclen tart\u0131\u015fma, Avrupa tarihinin \u00f6zelliklerinden \u00e7ok daha fazlas\u0131n\u0131 sunuyor. Modernli\u011fin tarihsel geli\u015fme s\u00fcreci ve bu s\u00fcre\u00e7te Avrupa\u2019n\u0131n ne \u00f6l\u00e7\u00fcde benzersiz\/biricik oldu\u011fu meselesi, s\u00fcrekli etraf\u0131nda d\u00f6n\u00fclen tart\u0131\u015fma oda\u011f\u0131n\u0131 olu\u015fturuyor. Kitaptaki \u00fc\u00e7 yaz\u0131 da, bu genel tart\u0131\u015fmay\u0131 de\u011fi\u015fik a\u00e7\u0131lardan tahrik ediyor.Neden Avrupa Tarihi?, \u00f6nemli teorik sorular i\u00e7eriyor, ama en az bunun kadar \u00f6nemlisi, tarihin \u201ce\u011flenceli bir \u00f6\u011fretmen\u201d olma vasf\u0131n\u0131 hat\u0131rlat\u0131yor.\u201c&#8230;Kar\u015f\u0131la\u015ft\u0131rmal\u0131 tarih yaz\u0131m\u0131, Bat\u0131 ve Bat\u0131-d\u0131\u015f\u0131 b\u00f6lgenin \u00f6zelliklerini tan\u0131mlayan mutlak kategorilerin kar\u015f\u0131 kar\u015f\u0131ya getirilip \u00f6nceden belirlenmi\u015f ba\u015far\u0131 ve ba\u015far\u0131s\u0131zl\u0131k re\u00e7eteleri sunmaktan vazge\u00e7ip Bat\u0131 veBat\u0131-d\u0131\u015f\u0131 b\u00f6lgelerin kapitalist geli\u015fmeleri s\u00fcrecinde kar\u015f\u0131la\u015ft\u0131klar\u0131 ortak sorunlar \u00fczerinde yo\u011funla\u015ft\u0131\u011f\u0131nda, ge\u00e7mi\u015fin kolayc\u0131 ideolojik kal\u0131plara s\u0131\u011fd\u0131r\u0131lamayacak kadar \u00e7eli\u015fkili, karma\u015f\u0131k s\u00fcre\u00e7lerden olu\u015ftu\u011fu g\u00f6r\u00fclecektir.(&#8230;) Yani, m\u00fcmk\u00fcn olup da ger\u00e7ekle\u015femeyenler ve yar\u0131m kalm\u0131\u015f m\u00fccadeleler, gercekle\u015fmi\u015f ve ba\u015far\u0131ya ula\u015fm\u0131\u015f deneyimler kadar ger\u00e7ek ve d\u00fcnya tarihinin par\u00e7alar\u0131d\u0131rlar. Bu nedenle ba\u015far\u0131y\u0131 ba\u015far\u0131s\u0131zl\u0131ktan ay\u0131ran keskin bir \u00e7izgiden s\u00f6z edilemez.\u201d <\/p>\n","protected":false},"excerpt":{"rendered":"<p>Elinizdeki bu kitap\u00e7\u0131k, tarihin ne kadar e\u011flenceli oldu\u011funun, olabilece\u011finin k\u00fc\u00e7\u00fck bir kan\u0131t\u0131. Huricihan \u0130slamo\u011flu\u2019nun \u00e7er\u00e7evesini \u00e7izdi\u011fi, Avrupa tarihinin de\u011fi\u015fik ve\u00e7helerinden yola \u00e7\u0131kan \u00fc\u00e7 tebli\u011f etraf\u0131nda y\u00fcr\u00fct\u00fclen<span class=\"excerpt-hellip\"> [\u2026]<\/span><\/p>\n","protected":false},"featured_media":0,"template":"","meta":{"_monsterinsights_skip_tracking":false,"_monsterinsights_sitenote_active":false,"_monsterinsights_sitenote_note":"","_monsterinsights_sitenote_category":0},"product_brand":[],"product_cat":[12305,12304],"product_tag":[],"class_list":{"0":"post-698364","1":"product","2":"type-product","3":"status-publish","5":"product_cat-dunya-tarihi","6":"product_cat-tarih","7":"pa_cilt-ciltsiz","8":"pa_tur-kitap","9":"pa_yayinevi-iletisim-yayinlari","10":"pa_yazar-huri-islamoglu-der","12":"first","13":"instock","14":"sale","15":"shipping-taxable","16":"purchasable","17":"product-type-simple"},"_links":{"self":[{"href":"https:\/\/roveyayinevi.com.tr\/index.php\/wp-json\/wp\/v2\/product\/698364","targetHints":{"allow":["GET"]}}],"collection":[{"href":"https:\/\/roveyayinevi.com.tr\/index.php\/wp-json\/wp\/v2\/product"}],"about":[{"href":"https:\/\/roveyayinevi.com.tr\/index.php\/wp-json\/wp\/v2\/types\/product"}],"wp:attachment":[{"href":"https:\/\/roveyayinevi.com.tr\/index.php\/wp-json\/wp\/v2\/media?parent=698364"}],"wp:term":[{"taxonomy":"product_brand","embeddable":true,"href":"https:\/\/roveyayinevi.com.tr\/index.php\/wp-json\/wp\/v2\/product_brand?post=698364"},{"taxonomy":"product_cat","embeddable":true,"href":"https:\/\/roveyayinevi.com.tr\/index.php\/wp-json\/wp\/v2\/product_cat?post=698364"},{"taxonomy":"product_tag","embeddable":true,"href":"https:\/\/roveyayinevi.com.tr\/index.php\/wp-json\/wp\/v2\/product_tag?post=698364"}],"curies":[{"name":"wp","href":"https:\/\/api.w.org\/{rel}","templated":true}]}}