{"id":698362,"date":"2025-08-27T14:45:02","date_gmt":"2025-08-27T11:45:02","guid":{"rendered":"https:\/\/roveyayinevi.com.tr\/index.php\/urun\/akilda-ve-yurekte-iz-birakan-sunus\/"},"modified":"2026-04-16T02:07:52","modified_gmt":"2026-04-15T23:07:52","slug":"akilda-ve-yurekte-iz-birakan-sunus","status":"publish","type":"product","link":"https:\/\/roveyayinevi.com.tr\/index.php\/urun\/akilda-ve-yurekte-iz-birakan-sunus\/","title":{"rendered":"Ak\u0131lda ve Y\u00fcrekte \u0130z B\u0131rakan Sunu\u015f"},"content":{"rendered":"<p>Etkili bir sunu\u015f yapmak, dinleyenlerin akl\u0131nda ve y\u00fcre\u011finde iz b\u0131rakmak ve hat\u0131rlanmakt\u0131r. Sunu\u015f yapan ki\u015fi, sunu\u015f tekni\u011fine ve prati\u011fine hakim olman\u0131n yan\u0131 s\u0131ra mesajlar\u0131n\u0131 tutkuyla, co\u015fkuyla ve inan\u00e7la aktarmal\u0131d\u0131r. Anlaml\u0131, anla\u015f\u0131l\u0131r ve gruba hakim bir konu\u015fman\u0131n temelini bu olu\u015fturur. Etkili, keyifli ve ba\u015far\u0131l\u0131 bir sunu\u015f s\u00fcreci, konu\u015fmac\u0131n\u0131n kendisinde ba\u015flar, kat\u0131l\u0131mc\u0131lar\u0131yla g\u00fc\u00e7lenir ve yine konu\u015fmac\u0131da biter. Ak\u0131lda ve Y\u00fcrekte \u0130z B\u0131rakan Sunu\u015f, etkilemek ve iz b\u0131rakmak isteyen konu\u015fmac\u0131lara rehber olacakt\u0131r. Kutadgu Bilig\u2019den al\u0131nan \u015fu s\u00f6z k\u0131lavuzunuz olsun:  Aman s\u00f6z\u00fcn ayd\u0131n olsun, \u00f6z olsun I\u015f\u0131k sa\u00e7s\u0131n, bakan k\u00f6re g\u00f6z olsun. <\/p>\n","protected":false},"excerpt":{"rendered":"<p>Etkili bir sunu\u015f yapmak, dinleyenlerin akl\u0131nda ve y\u00fcre\u011finde iz b\u0131rakmak ve hat\u0131rlanmakt\u0131r. Sunu\u015f yapan ki\u015fi, sunu\u015f tekni\u011fine ve prati\u011fine hakim olman\u0131n yan\u0131 s\u0131ra mesajlar\u0131n\u0131 tutkuyla, co\u015fkuyla<span class=\"excerpt-hellip\"> [\u2026]<\/span><\/p>\n","protected":false},"featured_media":0,"template":"","meta":{"_monsterinsights_skip_tracking":false,"_monsterinsights_sitenote_active":false,"_monsterinsights_sitenote_note":"","_monsterinsights_sitenote_category":0},"product_brand":[],"product_cat":[12364,12376],"product_tag":[],"class_list":{"0":"post-698362","1":"product","2":"type-product","3":"status-publish","5":"product_cat-genel-konular","6":"product_cat-kisisel-gelisim","7":"pa_cilt-ciltsiz","8":"pa_tur-kitap","9":"pa_yayinevi-remzi-kitabevi","10":"pa_yazar-zuhal-baltas","12":"first","13":"instock","14":"sale","15":"shipping-taxable","16":"purchasable","17":"product-type-simple"},"_links":{"self":[{"href":"https:\/\/roveyayinevi.com.tr\/index.php\/wp-json\/wp\/v2\/product\/698362","targetHints":{"allow":["GET"]}}],"collection":[{"href":"https:\/\/roveyayinevi.com.tr\/index.php\/wp-json\/wp\/v2\/product"}],"about":[{"href":"https:\/\/roveyayinevi.com.tr\/index.php\/wp-json\/wp\/v2\/types\/product"}],"wp:attachment":[{"href":"https:\/\/roveyayinevi.com.tr\/index.php\/wp-json\/wp\/v2\/media?parent=698362"}],"wp:term":[{"taxonomy":"product_brand","embeddable":true,"href":"https:\/\/roveyayinevi.com.tr\/index.php\/wp-json\/wp\/v2\/product_brand?post=698362"},{"taxonomy":"product_cat","embeddable":true,"href":"https:\/\/roveyayinevi.com.tr\/index.php\/wp-json\/wp\/v2\/product_cat?post=698362"},{"taxonomy":"product_tag","embeddable":true,"href":"https:\/\/roveyayinevi.com.tr\/index.php\/wp-json\/wp\/v2\/product_tag?post=698362"}],"curies":[{"name":"wp","href":"https:\/\/api.w.org\/{rel}","templated":true}]}}