{"id":698361,"date":"2025-08-27T14:45:02","date_gmt":"2025-08-27T11:45:02","guid":{"rendered":"https:\/\/roveyayinevi.com.tr\/index.php\/urun\/orneklerle-kolay-ekonomi\/"},"modified":"2026-04-16T02:07:52","modified_gmt":"2026-04-15T23:07:52","slug":"orneklerle-kolay-ekonomi","status":"publish","type":"product","link":"https:\/\/roveyayinevi.com.tr\/index.php\/urun\/orneklerle-kolay-ekonomi\/","title":{"rendered":"\u00d6rneklerle Kolay Ekonomi"},"content":{"rendered":"<p>Ekonomiyi herkes i\u00e7in bir ba\u015far\u0131 kayna\u011f\u0131 ve k\u0131lavuz haline getiren kitap\u2026Bu kitab\u0131n amac\u0131, yaln\u0131zca ekonomiyi en basit haliyle anlatmak ve okuyan herkesin ekonomiyle ilgili s\u00f6ylenenleri, yaz\u0131lanlar\u0131, tart\u0131\u015f\u0131lanlar\u0131 rahat\u00e7a izleyebilmesini sa\u011flamakla s\u0131n\u0131rl\u0131d\u0131r.Thomas Sowell \u015f\u00f6yle diyor: \u201cEkonomide ilk ders k\u0131tl\u0131kt\u0131r. Buna g\u00f6re ihtiya\u00e7lar\u0131 kar\u015f\u0131lamakta kullan\u0131lan her \u015fey k\u0131tt\u0131r. Siyasetteki ilk ders ise ekonomideki ilk dersin dikkate al\u0131nmamas\u0131d\u0131r.\u201d Robert W. Sarnoff ise \u015f\u00f6yle diyor:\u201cFinans, paray\u0131 elden ele ge\u00e7irip sonunda kaybetme sanat\u0131d\u0131r.\u201d H. G. Wells\u2019ten de bir \u00f6zdeyi\u015f:\u201cBug\u00fcn\u00fcn krizi yar\u0131n\u0131n \u015fakas\u0131 olur.\u201d <\/p>\n","protected":false},"excerpt":{"rendered":"<p>Ekonomiyi herkes i\u00e7in bir ba\u015far\u0131 kayna\u011f\u0131 ve k\u0131lavuz haline getiren kitap\u2026Bu kitab\u0131n amac\u0131, yaln\u0131zca ekonomiyi en basit haliyle anlatmak ve okuyan herkesin ekonomiyle ilgili s\u00f6ylenenleri, yaz\u0131lanlar\u0131,<span class=\"excerpt-hellip\"> [\u2026]<\/span><\/p>\n","protected":false},"featured_media":0,"template":"","meta":{"_monsterinsights_skip_tracking":false,"_monsterinsights_sitenote_active":false,"_monsterinsights_sitenote_note":"","_monsterinsights_sitenote_category":0},"product_brand":[],"product_cat":[13043,14144],"product_tag":[],"class_list":{"0":"post-698361","1":"product","2":"type-product","3":"status-publish","5":"product_cat-ekonomi","6":"product_cat-turkiye-ekonomisi","7":"pa_cilt-ciltsiz","8":"pa_tur-kitap","9":"pa_yayinevi-remzi-kitabevi","10":"pa_yazar-mahfi-egilmez","12":"first","13":"instock","14":"sale","15":"shipping-taxable","16":"purchasable","17":"product-type-simple"},"_links":{"self":[{"href":"https:\/\/roveyayinevi.com.tr\/index.php\/wp-json\/wp\/v2\/product\/698361","targetHints":{"allow":["GET"]}}],"collection":[{"href":"https:\/\/roveyayinevi.com.tr\/index.php\/wp-json\/wp\/v2\/product"}],"about":[{"href":"https:\/\/roveyayinevi.com.tr\/index.php\/wp-json\/wp\/v2\/types\/product"}],"wp:attachment":[{"href":"https:\/\/roveyayinevi.com.tr\/index.php\/wp-json\/wp\/v2\/media?parent=698361"}],"wp:term":[{"taxonomy":"product_brand","embeddable":true,"href":"https:\/\/roveyayinevi.com.tr\/index.php\/wp-json\/wp\/v2\/product_brand?post=698361"},{"taxonomy":"product_cat","embeddable":true,"href":"https:\/\/roveyayinevi.com.tr\/index.php\/wp-json\/wp\/v2\/product_cat?post=698361"},{"taxonomy":"product_tag","embeddable":true,"href":"https:\/\/roveyayinevi.com.tr\/index.php\/wp-json\/wp\/v2\/product_tag?post=698361"}],"curies":[{"name":"wp","href":"https:\/\/api.w.org\/{rel}","templated":true}]}}