{"id":698360,"date":"2025-08-27T14:45:02","date_gmt":"2025-08-27T11:45:02","guid":{"rendered":"https:\/\/roveyayinevi.com.tr\/index.php\/urun\/sanatta-ve-gunluk-yasamda-iletisim-catismalari-ve-empati\/"},"modified":"2026-04-16T02:07:52","modified_gmt":"2026-04-15T23:07:52","slug":"sanatta-ve-gunluk-yasamda-iletisim-catismalari-ve-empati","status":"publish","type":"product","link":"https:\/\/roveyayinevi.com.tr\/index.php\/urun\/sanatta-ve-gunluk-yasamda-iletisim-catismalari-ve-empati\/","title":{"rendered":"Sanatta ve G\u00fcnl\u00fck Ya\u015famda \u0130leti\u015fim \u00c7at\u0131\u015fmalar\u0131 ve Empati"},"content":{"rendered":"<p>Bu kitapta \u00f6ncelikle ki\u015fileraras\u0131 ileti\u015fimle ilgili baz\u0131 bilgiler veriliyor. Bu bilgiler, hem \u00e7ocuklar\u0131n e\u011fitiminde yararl\u0131 olabilir, hem de ailede, i\u015fyerinde ve benzeri ortamlarda g\u00f6r\u00fclen \u00e7at\u0131\u015fmalar\u0131n \u00e7\u00f6z\u00fcm\u00fcne \u0131\u015f\u0131k tutabilir. \ufffcTan\u0131t\u0131m Metni<\/p>\n","protected":false},"excerpt":{"rendered":"<p>Bu kitapta \u00f6ncelikle ki\u015fileraras\u0131 ileti\u015fimle ilgili baz\u0131 bilgiler veriliyor. Bu bilgiler, hem \u00e7ocuklar\u0131n e\u011fitiminde yararl\u0131 olabilir, hem de ailede, i\u015fyerinde ve benzeri ortamlarda g\u00f6r\u00fclen \u00e7at\u0131\u015fmalar\u0131n \u00e7\u00f6z\u00fcm\u00fcne<span class=\"excerpt-hellip\"> [\u2026]<\/span><\/p>\n","protected":false},"featured_media":0,"template":"","meta":{"_monsterinsights_skip_tracking":false,"_monsterinsights_sitenote_active":false,"_monsterinsights_sitenote_note":"","_monsterinsights_sitenote_category":0},"product_brand":[],"product_cat":[13633,12324],"product_tag":[],"class_list":{"0":"post-698360","1":"product","2":"type-product","3":"status-publish","5":"product_cat-kultur-ve-bilim","6":"product_cat-sosyoloji","7":"pa_cilt-ciltsiz","8":"pa_tur-kitap","9":"pa_yayinevi-remzi-kitabevi","10":"pa_yazar-ustun-dokmen","12":"first","13":"instock","14":"sale","15":"shipping-taxable","16":"purchasable","17":"product-type-simple"},"_links":{"self":[{"href":"https:\/\/roveyayinevi.com.tr\/index.php\/wp-json\/wp\/v2\/product\/698360","targetHints":{"allow":["GET"]}}],"collection":[{"href":"https:\/\/roveyayinevi.com.tr\/index.php\/wp-json\/wp\/v2\/product"}],"about":[{"href":"https:\/\/roveyayinevi.com.tr\/index.php\/wp-json\/wp\/v2\/types\/product"}],"wp:attachment":[{"href":"https:\/\/roveyayinevi.com.tr\/index.php\/wp-json\/wp\/v2\/media?parent=698360"}],"wp:term":[{"taxonomy":"product_brand","embeddable":true,"href":"https:\/\/roveyayinevi.com.tr\/index.php\/wp-json\/wp\/v2\/product_brand?post=698360"},{"taxonomy":"product_cat","embeddable":true,"href":"https:\/\/roveyayinevi.com.tr\/index.php\/wp-json\/wp\/v2\/product_cat?post=698360"},{"taxonomy":"product_tag","embeddable":true,"href":"https:\/\/roveyayinevi.com.tr\/index.php\/wp-json\/wp\/v2\/product_tag?post=698360"}],"curies":[{"name":"wp","href":"https:\/\/api.w.org\/{rel}","templated":true}]}}