{"id":698359,"date":"2025-08-27T14:45:01","date_gmt":"2025-08-27T11:45:01","guid":{"rendered":"https:\/\/roveyayinevi.com.tr\/index.php\/urun\/turancilik-milli-degerler-ve-genclik\/"},"modified":"2026-04-16T02:07:52","modified_gmt":"2026-04-15T23:07:52","slug":"turancilik-milli-degerler-ve-genclik","status":"publish","type":"product","link":"https:\/\/roveyayinevi.com.tr\/index.php\/urun\/turancilik-milli-degerler-ve-genclik\/","title":{"rendered":"Turanc\u0131l\u0131k Milli De\u011ferler ve Gen\u00e7lik"},"content":{"rendered":"<p>Turanc\u0131l\u0131k&#8221; deyince T\u00fcrkiye&#8217;de anla\u015f\u0131lan \u015fey, tarih\u00ee miraslar\u0131 da d\u00e2hil oldu\u011fu halde b\u00fct\u00fcn T\u00fcrkleri tek devlet halinde birle\u015ftirmek \u00fclk\u00fcs\u00fcd\u00fcr ve her \u00fclk\u00fc gibi nesillere bakan, kan ve can vergisi isteyen, g\u00f6n\u00fcllere heyecan katan bir inan\u00e7t\u0131r. Tarihi, sava\u015flar\u0131 ve f\u00fctuhat\u0131 dolay\u0131s\u0131yla hemen b\u00fct\u00fcn d\u00fcnyaya antipatik gelen T\u00fcrk milletinin yeniden birle\u015ferek \u015fahlanmas\u0131 bir\u00e7ok milleti korkuttu\u011fu i\u00e7in; bu \u015fahlan\u0131\u015f sonunda baz\u0131 devletler ortadan kalkaca\u011f\u0131 veya k\u00fc\u00e7\u00fclece\u011fi i\u00e7in; hatta d\u00fcnya \u00e7ap\u0131ndaki b\u00fcy\u00fck ticaret ortakl\u0131klar\u0131n\u0131n \u00e7\u0131karlar\u0131 baltalanaca\u011f\u0131 i\u00e7in Turanc\u0131l\u0131k \u00fclk\u00fcs\u00fc b\u00fcy\u00fck bir direni\u015fle kar\u015f\u0131lanmakta, bu direni\u015fin propagandas\u0131 ve fikriyat\u0131 yap\u0131lmakta, bu propaganda T\u00fcrkiye i\u00e7inde tesirli olmaktad\u0131r. Turanc\u0131l\u0131k \u00fclk\u00fcs\u00fcne kar\u015f\u0131 T\u00fcrkiye&#8217;deki muhalefet ya bunun T\u00fcrkiye&#8217;yi b\u00fcy\u00fck tehlikelere atacak bir macera say\u0131lmas\u0131ndan yahut T\u00fcrkiye d\u0131\u015f\u0131ndaki T\u00fcrklerin de en az bizim kadar T\u00fcrk olduklar\u0131n\u0131n bilinmeyi\u015finden, yahut da bug\u00fcnk\u00fc s\u0131n\u0131rlar\u0131m\u0131z i\u00e7inde 4000 y\u0131ldan beri \u00fcst\u00fcste y\u0131\u011f\u0131lan etnik z\u00fcmreleri ve k\u00fclt\u00fcrleri kar\u0131\u015ft\u0131r\u0131p bunlardan \u015fimdiki dili T\u00fcrk\u00e7e olan bir &#8220;halk&#8221;\u0131n peydahland\u0131\u011f\u0131n\u0131 kabul etmekten do\u011fmaktad\u0131r. Moskof u\u015fa\u011f\u0131 olduklar\u0131 i\u00e7in Turanc\u0131l\u0131\u011f\u0131n Rusya&#8217;y\u0131 devirmesinden korkanlar\u0131n muhalefetini kaale alm\u0131yorum\u2026<\/p>\n","protected":false},"excerpt":{"rendered":"<p>Turanc\u0131l\u0131k&#8221; deyince T\u00fcrkiye&#8217;de anla\u015f\u0131lan \u015fey, tarih\u00ee miraslar\u0131 da d\u00e2hil oldu\u011fu halde b\u00fct\u00fcn T\u00fcrkleri tek devlet halinde birle\u015ftirmek \u00fclk\u00fcs\u00fcd\u00fcr ve her \u00fclk\u00fc gibi nesillere bakan, kan ve<span class=\"excerpt-hellip\"> [\u2026]<\/span><\/p>\n","protected":false},"featured_media":0,"template":"","meta":{"_monsterinsights_skip_tracking":false,"_monsterinsights_sitenote_active":false,"_monsterinsights_sitenote_note":"","_monsterinsights_sitenote_category":0},"product_brand":[],"product_cat":[12777,12291],"product_tag":[],"class_list":{"0":"post-698359","1":"product","2":"type-product","3":"status-publish","5":"product_cat-deneme","6":"product_cat-edebiyat","7":"pa_cilt-ciltsiz","8":"pa_tur-kitap","9":"pa_yayinevi-otuken-nesriyat","10":"pa_yazar-huseyin-nihal-atsiz","12":"first","13":"instock","14":"sale","15":"shipping-taxable","16":"purchasable","17":"product-type-simple"},"_links":{"self":[{"href":"https:\/\/roveyayinevi.com.tr\/index.php\/wp-json\/wp\/v2\/product\/698359","targetHints":{"allow":["GET"]}}],"collection":[{"href":"https:\/\/roveyayinevi.com.tr\/index.php\/wp-json\/wp\/v2\/product"}],"about":[{"href":"https:\/\/roveyayinevi.com.tr\/index.php\/wp-json\/wp\/v2\/types\/product"}],"wp:attachment":[{"href":"https:\/\/roveyayinevi.com.tr\/index.php\/wp-json\/wp\/v2\/media?parent=698359"}],"wp:term":[{"taxonomy":"product_brand","embeddable":true,"href":"https:\/\/roveyayinevi.com.tr\/index.php\/wp-json\/wp\/v2\/product_brand?post=698359"},{"taxonomy":"product_cat","embeddable":true,"href":"https:\/\/roveyayinevi.com.tr\/index.php\/wp-json\/wp\/v2\/product_cat?post=698359"},{"taxonomy":"product_tag","embeddable":true,"href":"https:\/\/roveyayinevi.com.tr\/index.php\/wp-json\/wp\/v2\/product_tag?post=698359"}],"curies":[{"name":"wp","href":"https:\/\/api.w.org\/{rel}","templated":true}]}}