{"id":698349,"date":"2025-08-27T14:44:58","date_gmt":"2025-08-27T11:44:58","guid":{"rendered":"https:\/\/roveyayinevi.com.tr\/index.php\/urun\/gunluk-yasama-davranissal-bakis\/"},"modified":"2026-04-16T02:07:52","modified_gmt":"2026-04-15T23:07:52","slug":"gunluk-yasama-davranissal-bakis","status":"publish","type":"product","link":"https:\/\/roveyayinevi.com.tr\/index.php\/urun\/gunluk-yasama-davranissal-bakis\/","title":{"rendered":"G\u00fcnl\u00fck Ya\u015fama Davran\u0131\u015fsal Bak\u0131\u015f"},"content":{"rendered":"<p>Bu kitapta; g\u00fcn\u00fcm\u00fczde g\u00f6zlenen ebeveyn, \u00f6\u011frenci, y\u00f6netici,sat\u0131c\u0131, arkada\u015f davran\u0131\u015f\u0131 gibi farkl\u0131 davran\u0131\u015flar\u0131n olas\u0131nedenlerine ili\u015fkin a\u00e7\u0131klamalar, bu davran\u0131\u015flar\u0131n olumlu \u00f6rnekleriniart\u0131rmaya ve olumsuz \u00f6rneklerini azaltmaya y\u00f6nelik \u00f6nerilerve daha fazlas\u0131n\u0131 bulacaks\u0131n\u0131z\u2026<\/p>\n","protected":false},"excerpt":{"rendered":"<p>Bu kitapta; g\u00fcn\u00fcm\u00fczde g\u00f6zlenen ebeveyn, \u00f6\u011frenci, y\u00f6netici,sat\u0131c\u0131, arkada\u015f davran\u0131\u015f\u0131 gibi farkl\u0131 davran\u0131\u015flar\u0131n olas\u0131nedenlerine ili\u015fkin a\u00e7\u0131klamalar, bu davran\u0131\u015flar\u0131n olumlu \u00f6rnekleriniart\u0131rmaya ve olumsuz \u00f6rneklerini azaltmaya y\u00f6nelik \u00f6nerilerve daha<span class=\"excerpt-hellip\"> [\u2026]<\/span><\/p>\n","protected":false},"featured_media":0,"template":"","meta":{"_monsterinsights_skip_tracking":false,"_monsterinsights_sitenote_active":false,"_monsterinsights_sitenote_note":"","_monsterinsights_sitenote_category":0},"product_brand":[],"product_cat":[14902,13365],"product_tag":[],"class_list":{"0":"post-698349","1":"product","2":"type-product","3":"status-publish","5":"product_cat-annelik-ve-cocuk-bakimi","6":"product_cat-saglik","7":"pa_cilt-ciltsiz","8":"pa_tur-kitap","9":"pa_yayinevi-egiten-kitap","10":"pa_yazar-gonul-kircaali-iftar","12":"first","13":"instock","14":"sale","15":"shipping-taxable","16":"purchasable","17":"product-type-simple"},"_links":{"self":[{"href":"https:\/\/roveyayinevi.com.tr\/index.php\/wp-json\/wp\/v2\/product\/698349","targetHints":{"allow":["GET"]}}],"collection":[{"href":"https:\/\/roveyayinevi.com.tr\/index.php\/wp-json\/wp\/v2\/product"}],"about":[{"href":"https:\/\/roveyayinevi.com.tr\/index.php\/wp-json\/wp\/v2\/types\/product"}],"wp:attachment":[{"href":"https:\/\/roveyayinevi.com.tr\/index.php\/wp-json\/wp\/v2\/media?parent=698349"}],"wp:term":[{"taxonomy":"product_brand","embeddable":true,"href":"https:\/\/roveyayinevi.com.tr\/index.php\/wp-json\/wp\/v2\/product_brand?post=698349"},{"taxonomy":"product_cat","embeddable":true,"href":"https:\/\/roveyayinevi.com.tr\/index.php\/wp-json\/wp\/v2\/product_cat?post=698349"},{"taxonomy":"product_tag","embeddable":true,"href":"https:\/\/roveyayinevi.com.tr\/index.php\/wp-json\/wp\/v2\/product_tag?post=698349"}],"curies":[{"name":"wp","href":"https:\/\/api.w.org\/{rel}","templated":true}]}}