{"id":698342,"date":"2025-08-27T14:44:56","date_gmt":"2025-08-27T11:44:56","guid":{"rendered":"https:\/\/roveyayinevi.com.tr\/index.php\/urun\/dijital-film-yapimi\/"},"modified":"2026-04-16T02:07:52","modified_gmt":"2026-04-15T23:07:52","slug":"dijital-film-yapimi","status":"publish","type":"product","link":"https:\/\/roveyayinevi.com.tr\/index.php\/urun\/dijital-film-yapimi\/","title":{"rendered":"Dijital Film Yap\u0131m\u0131"},"content":{"rendered":"<p>Neredeyse her \u015feyin dijital hale geldi\u011fi \u00e7a\u011f\u0131m\u0131zda pek \u00e7ok hayali ger\u00e7ekle\u015ftirmek eskisine g\u00f6re daha kolay. \u00d6rne\u011fin kendi uzun metrajl\u0131 filminizi mi \u00e7ekmek istiyorsunuz? \u00c7ok iyi bir hik\u00e2yeniz ama olduk\u00e7a s\u0131n\u0131rl\u0131 bir b\u00fct\u00e7eniz mi var? Dale Newton ve John Gaspard da r\u00fcyalar\u0131n\u0131n pe\u015finden giderek kendi uzun metrajl\u0131 dijital filmlerini \u00e7eken iki sinemac\u0131. Bu kitapta sadece yola nas\u0131l \u00e7\u0131kt\u0131klar\u0131n\u0131 ve nas\u0131l ilerlediklerini de\u011fil, ayn\u0131 zamanda kendi maceralar\u0131n\u0131n t\u00fcm a\u015famalar\u0131n\u0131, edindikleri t\u00fcm ac\u0131 ve tatl\u0131 deneyimleri i\u00e7tenlikle payla\u015f\u0131yorlar. Bu yolculukta ilk ihtiyac\u0131n\u0131z olacak \u015feyler, cesaret, demirden bir irade, kararl\u0131l\u0131k ve ba\u015flad\u0131\u011f\u0131n\u0131z i\u015fi bitirebilme arzusu. Dijital Film Yap\u0131m\u0131, hayallerinizin ard\u0131ndan gitmenin buna de\u011fece\u011fini g\u00f6steren sahici bir rehber olarak size, kendi filmini \u00e7ekmenin nas\u0131l e\u015fsiz bir deneyim oldu\u011funu g\u00f6stermeyi vaat ediyor. Tek yapman\u0131z gereken \u015fey ilk ad\u0131m\u0131 atmak. \u201cBu muhte\u015fem kitapta senaryodan sahneye dek, \u00e7o\u011fu zaman son derece zorlu olan bu yolculukta her kuru\u015fun hakk\u0131n\u0131n nas\u0131l verilece\u011fi anlat\u0131l\u0131yor.\u201d \u2014 John Carpenter (Y\u00f6netmen, Halloween, Starman, Escape from New York) <\/p>\n","protected":false},"excerpt":{"rendered":"<p>Neredeyse her \u015feyin dijital hale geldi\u011fi \u00e7a\u011f\u0131m\u0131zda pek \u00e7ok hayali ger\u00e7ekle\u015ftirmek eskisine g\u00f6re daha kolay. \u00d6rne\u011fin kendi uzun metrajl\u0131 filminizi mi \u00e7ekmek istiyorsunuz? \u00c7ok iyi bir<span class=\"excerpt-hellip\"> [\u2026]<\/span><\/p>\n","protected":false},"featured_media":0,"template":"","meta":{"_monsterinsights_skip_tracking":false,"_monsterinsights_sitenote_active":false,"_monsterinsights_sitenote_note":"","_monsterinsights_sitenote_category":0},"product_brand":[],"product_cat":[12409,12408],"product_tag":[],"class_list":{"0":"post-698342","1":"product","2":"type-product","3":"status-publish","5":"product_cat-fotograf-sinema-tiyatro","6":"product_cat-sanat","7":"pa_cilt-ciltsiz","8":"pa_tur-kitap","9":"pa_yayinevi-say-yayinlari","10":"pa_yazar-dale-newton","12":"first","13":"instock","14":"sale","15":"shipping-taxable","16":"purchasable","17":"product-type-simple"},"_links":{"self":[{"href":"https:\/\/roveyayinevi.com.tr\/index.php\/wp-json\/wp\/v2\/product\/698342","targetHints":{"allow":["GET"]}}],"collection":[{"href":"https:\/\/roveyayinevi.com.tr\/index.php\/wp-json\/wp\/v2\/product"}],"about":[{"href":"https:\/\/roveyayinevi.com.tr\/index.php\/wp-json\/wp\/v2\/types\/product"}],"wp:attachment":[{"href":"https:\/\/roveyayinevi.com.tr\/index.php\/wp-json\/wp\/v2\/media?parent=698342"}],"wp:term":[{"taxonomy":"product_brand","embeddable":true,"href":"https:\/\/roveyayinevi.com.tr\/index.php\/wp-json\/wp\/v2\/product_brand?post=698342"},{"taxonomy":"product_cat","embeddable":true,"href":"https:\/\/roveyayinevi.com.tr\/index.php\/wp-json\/wp\/v2\/product_cat?post=698342"},{"taxonomy":"product_tag","embeddable":true,"href":"https:\/\/roveyayinevi.com.tr\/index.php\/wp-json\/wp\/v2\/product_tag?post=698342"}],"curies":[{"name":"wp","href":"https:\/\/api.w.org\/{rel}","templated":true}]}}