{"id":698341,"date":"2025-08-27T14:44:56","date_gmt":"2025-08-27T11:44:56","guid":{"rendered":"https:\/\/roveyayinevi.com.tr\/index.php\/urun\/kadim-felsefe\/"},"modified":"2026-04-16T02:07:52","modified_gmt":"2026-04-15T23:07:52","slug":"kadim-felsefe","status":"publish","type":"product","link":"https:\/\/roveyayinevi.com.tr\/index.php\/urun\/kadim-felsefe\/","title":{"rendered":"Kadim Felsefe"},"content":{"rendered":"<p>Cesur Yeni D\u00fcnya\u2019n\u0131n yazar\u0131 Aldous Huxley, Kadim Felsefe\u2019de okurlar\u0131n\u0131 Do\u011fu ve Bat\u0131\u2019n\u0131n eskimeyen felsefi ve dini geleneklerinde e\u015fsiz bir yolculu\u011fa \u00e7\u0131kar\u0131yor. Kitap, Eckhart ve Buddha\u2019dan Gazali ve Mevlana\u2019ya kadar, i\u00e7sel ayd\u0131nlanman\u0131n en \u00f6nemli \u00fcstatlar\u0131ndan yap\u0131lan al\u0131nt\u0131larla \u00e7ok \u00f6nemli bir antoloji g\u00f6revi de g\u00f6r\u00fcyor. \ufffcTan\u0131t\u0131m Metni<\/p>\n","protected":false},"excerpt":{"rendered":"<p>Cesur Yeni D\u00fcnya\u2019n\u0131n yazar\u0131 Aldous Huxley, Kadim Felsefe\u2019de okurlar\u0131n\u0131 Do\u011fu ve Bat\u0131\u2019n\u0131n eskimeyen felsefi ve dini geleneklerinde e\u015fsiz bir yolculu\u011fa \u00e7\u0131kar\u0131yor. Kitap, Eckhart ve Buddha\u2019dan Gazali<span class=\"excerpt-hellip\"> [\u2026]<\/span><\/p>\n","protected":false},"featured_media":0,"template":"","meta":{"_monsterinsights_skip_tracking":false,"_monsterinsights_sitenote_active":false,"_monsterinsights_sitenote_note":"","_monsterinsights_sitenote_category":0},"product_brand":[],"product_cat":[12389,12388],"product_tag":[],"class_list":{"0":"post-698341","1":"product","2":"type-product","3":"status-publish","5":"product_cat-diger-felsefe","6":"product_cat-felsefe","7":"pa_cilt-ciltsiz","8":"pa_tur-kitap","9":"pa_yayinevi-ithaki-yayinlari","10":"pa_yazar-aldous-huxley","12":"first","13":"instock","14":"sale","15":"shipping-taxable","16":"purchasable","17":"product-type-simple"},"_links":{"self":[{"href":"https:\/\/roveyayinevi.com.tr\/index.php\/wp-json\/wp\/v2\/product\/698341","targetHints":{"allow":["GET"]}}],"collection":[{"href":"https:\/\/roveyayinevi.com.tr\/index.php\/wp-json\/wp\/v2\/product"}],"about":[{"href":"https:\/\/roveyayinevi.com.tr\/index.php\/wp-json\/wp\/v2\/types\/product"}],"wp:attachment":[{"href":"https:\/\/roveyayinevi.com.tr\/index.php\/wp-json\/wp\/v2\/media?parent=698341"}],"wp:term":[{"taxonomy":"product_brand","embeddable":true,"href":"https:\/\/roveyayinevi.com.tr\/index.php\/wp-json\/wp\/v2\/product_brand?post=698341"},{"taxonomy":"product_cat","embeddable":true,"href":"https:\/\/roveyayinevi.com.tr\/index.php\/wp-json\/wp\/v2\/product_cat?post=698341"},{"taxonomy":"product_tag","embeddable":true,"href":"https:\/\/roveyayinevi.com.tr\/index.php\/wp-json\/wp\/v2\/product_tag?post=698341"}],"curies":[{"name":"wp","href":"https:\/\/api.w.org\/{rel}","templated":true}]}}