{"id":698332,"date":"2025-08-27T14:44:54","date_gmt":"2025-08-27T11:44:54","guid":{"rendered":"https:\/\/roveyayinevi.com.tr\/index.php\/urun\/hattusadan-kacis\/"},"modified":"2026-04-16T02:07:52","modified_gmt":"2026-04-15T23:07:52","slug":"hattusadan-kacis","status":"publish","type":"product","link":"https:\/\/roveyayinevi.com.tr\/index.php\/urun\/hattusadan-kacis\/","title":{"rendered":"Hattu\u015fa\u2019dan Ka\u00e7\u0131\u015f"},"content":{"rendered":"<p>Hititlerin gizemli d\u00fcnyas\u0131na bir \u00e7a\u011fr\u0131\u2026 Mahfi E\u011filmez Hititler \u00fczerine ilk \u00f6yk\u00fclerini 2002 y\u0131l\u0131nda Anitta\u2019n\u0131n Laneti adl\u0131 kitab\u0131nda yay\u0131mlad\u0131. Bu \u00f6yk\u00fcler b\u00fcy\u00fck ilgi g\u00f6rd\u00fc. Kitap, uzun s\u00fcre \u00e7ok satanlar listelerinde kald\u0131 ve arka arkaya defalarca bas\u0131ld\u0131. Hattu\u015fa\u2019dan Ka\u00e7\u0131\u015f, yine Hititlerle ilgili \u00f6yk\u00fcler \u00fczerine kurulu. Baz\u0131 \u00f6yk\u00fcler \u00fc\u00e7 bin be\u015f y\u00fcz y\u0131l \u00f6ncesine uzan\u0131rken baz\u0131 \u00f6yk\u00fcler de g\u00fcn\u00fcm\u00fczle ge\u00e7mi\u015f aras\u0131nda k\u00f6pr\u00fcler kuruyor.<\/p>\n","protected":false},"excerpt":{"rendered":"<p>Hititlerin gizemli d\u00fcnyas\u0131na bir \u00e7a\u011fr\u0131\u2026 Mahfi E\u011filmez Hititler \u00fczerine ilk \u00f6yk\u00fclerini 2002 y\u0131l\u0131nda Anitta\u2019n\u0131n Laneti adl\u0131 kitab\u0131nda yay\u0131mlad\u0131. Bu \u00f6yk\u00fcler b\u00fcy\u00fck ilgi g\u00f6rd\u00fc. Kitap, uzun s\u00fcre<span class=\"excerpt-hellip\"> [\u2026]<\/span><\/p>\n","protected":false},"featured_media":0,"template":"","meta":{"_monsterinsights_skip_tracking":false,"_monsterinsights_sitenote_active":false,"_monsterinsights_sitenote_note":"","_monsterinsights_sitenote_category":0},"product_brand":[],"product_cat":[12291,12745],"product_tag":[],"class_list":{"0":"post-698332","1":"product","2":"type-product","3":"status-publish","5":"product_cat-edebiyat","6":"product_cat-tarihi-roman","7":"pa_cilt-ciltsiz","8":"pa_tur-kitap","9":"pa_yayinevi-remzi-kitabevi","10":"pa_yazar-mahfi-egilmez","12":"first","13":"instock","14":"sale","15":"shipping-taxable","16":"purchasable","17":"product-type-simple"},"_links":{"self":[{"href":"https:\/\/roveyayinevi.com.tr\/index.php\/wp-json\/wp\/v2\/product\/698332","targetHints":{"allow":["GET"]}}],"collection":[{"href":"https:\/\/roveyayinevi.com.tr\/index.php\/wp-json\/wp\/v2\/product"}],"about":[{"href":"https:\/\/roveyayinevi.com.tr\/index.php\/wp-json\/wp\/v2\/types\/product"}],"wp:attachment":[{"href":"https:\/\/roveyayinevi.com.tr\/index.php\/wp-json\/wp\/v2\/media?parent=698332"}],"wp:term":[{"taxonomy":"product_brand","embeddable":true,"href":"https:\/\/roveyayinevi.com.tr\/index.php\/wp-json\/wp\/v2\/product_brand?post=698332"},{"taxonomy":"product_cat","embeddable":true,"href":"https:\/\/roveyayinevi.com.tr\/index.php\/wp-json\/wp\/v2\/product_cat?post=698332"},{"taxonomy":"product_tag","embeddable":true,"href":"https:\/\/roveyayinevi.com.tr\/index.php\/wp-json\/wp\/v2\/product_tag?post=698332"}],"curies":[{"name":"wp","href":"https:\/\/api.w.org\/{rel}","templated":true}]}}