{"id":698325,"date":"2025-08-27T14:44:52","date_gmt":"2025-08-27T11:44:52","guid":{"rendered":"https:\/\/roveyayinevi.com.tr\/index.php\/urun\/turkiye-ekonomisi-2\/"},"modified":"2026-04-16T02:07:52","modified_gmt":"2026-04-15T23:07:52","slug":"turkiye-ekonomisi-2","status":"publish","type":"product","link":"https:\/\/roveyayinevi.com.tr\/index.php\/urun\/turkiye-ekonomisi-2\/","title":{"rendered":"T\u00fcrkiye Ekonomisi"},"content":{"rendered":"<p>Prof. Dr. Yakup Kepenek bu kitab\u0131nda ekonominin \u00fcretim yap\u0131s\u0131n\u0131 say\u0131sal ve niteliksel y\u00f6nleriyle ele al\u0131yor.   Tarihsel geli\u015fme s\u00fcre\u00e7leri: Cumhuriyet d\u00f6nemi boyunca sermaye birikimi politikalar\u0131 ve bunlar\u0131n i\u00e7 ve d\u0131\u015f nedenlerle de\u011fi\u015fimi\u2026   Politika ve sekt\u00f6rlere g\u00f6re durum: Para ve banka; kamu maliyesi; d\u0131\u015f ekonomik ili\u015fkiler; sermaye kaynaklar\u0131n\u0131n kullan\u0131m\u0131; tar\u0131m, sanayi ve hizmetler\u2026   Ekonominin toplumsal boyutlar\u0131: N\u00fcfus ve i\u015fg\u00fcc\u00fc; \u00e7al\u0131\u015fma ya\u015fam\u0131; ulusal \u00fcretim; gelir b\u00f6l\u00fc\u015f\u00fcm\u00fc; genel denge ve fiyatlar\u2026   \u00dcniversitelerin ve konuyla ilgili t\u00fcm kesimlerin yararlanmas\u0131 amac\u0131yla haz\u0131rlanan bu \u00e7al\u0131\u015fmada ayr\u0131ca, ekonominin k\u00fcresel denizlerde yar\u0131\u015fma olanaklar\u0131 uzun d\u00f6nemli geli\u015fme d\u00fczleminde irdeleniyor. <\/p>\n","protected":false},"excerpt":{"rendered":"<p>Prof. Dr. Yakup Kepenek bu kitab\u0131nda ekonominin \u00fcretim yap\u0131s\u0131n\u0131 say\u0131sal ve niteliksel y\u00f6nleriyle ele al\u0131yor. Tarihsel geli\u015fme s\u00fcre\u00e7leri: Cumhuriyet d\u00f6nemi boyunca sermaye birikimi politikalar\u0131 ve bunlar\u0131n<span class=\"excerpt-hellip\"> [\u2026]<\/span><\/p>\n","protected":false},"featured_media":0,"template":"","meta":{"_monsterinsights_skip_tracking":false,"_monsterinsights_sitenote_active":false,"_monsterinsights_sitenote_note":"","_monsterinsights_sitenote_category":0},"product_brand":[],"product_cat":[13043,14144],"product_tag":[],"class_list":{"0":"post-698325","1":"product","2":"type-product","3":"status-publish","5":"product_cat-ekonomi","6":"product_cat-turkiye-ekonomisi","7":"pa_cilt-ciltsiz","8":"pa_tur-kitap","9":"pa_yayinevi-remzi-kitabevi","10":"pa_yazar-yakup-kepenek","12":"first","13":"instock","14":"sale","15":"shipping-taxable","16":"purchasable","17":"product-type-simple"},"_links":{"self":[{"href":"https:\/\/roveyayinevi.com.tr\/index.php\/wp-json\/wp\/v2\/product\/698325","targetHints":{"allow":["GET"]}}],"collection":[{"href":"https:\/\/roveyayinevi.com.tr\/index.php\/wp-json\/wp\/v2\/product"}],"about":[{"href":"https:\/\/roveyayinevi.com.tr\/index.php\/wp-json\/wp\/v2\/types\/product"}],"wp:attachment":[{"href":"https:\/\/roveyayinevi.com.tr\/index.php\/wp-json\/wp\/v2\/media?parent=698325"}],"wp:term":[{"taxonomy":"product_brand","embeddable":true,"href":"https:\/\/roveyayinevi.com.tr\/index.php\/wp-json\/wp\/v2\/product_brand?post=698325"},{"taxonomy":"product_cat","embeddable":true,"href":"https:\/\/roveyayinevi.com.tr\/index.php\/wp-json\/wp\/v2\/product_cat?post=698325"},{"taxonomy":"product_tag","embeddable":true,"href":"https:\/\/roveyayinevi.com.tr\/index.php\/wp-json\/wp\/v2\/product_tag?post=698325"}],"curies":[{"name":"wp","href":"https:\/\/api.w.org\/{rel}","templated":true}]}}