{"id":698316,"date":"2025-08-27T14:44:49","date_gmt":"2025-08-27T11:44:49","guid":{"rendered":"https:\/\/roveyayinevi.com.tr\/index.php\/urun\/a-suheyl-unver-hayati-sahsiyeti-ve-eserleri\/"},"modified":"2026-04-16T02:07:51","modified_gmt":"2026-04-15T23:07:51","slug":"a-suheyl-unver-hayati-sahsiyeti-ve-eserleri","status":"publish","type":"product","link":"https:\/\/roveyayinevi.com.tr\/index.php\/urun\/a-suheyl-unver-hayati-sahsiyeti-ve-eserleri\/","title":{"rendered":"A. S\u00fcheyl \u00dcnver Hayat\u0131 \u015eahsiyeti ve Eserleri"},"content":{"rendered":"<p>\u00c7a\u011f\u0131m\u0131z\u0131n d\u00fcnya \u00e7ap\u0131ndaki en b\u00fcy\u00fck k\u00fclt\u00fcr tarih\u00e7ilerinden olan A. S\u00fcheyl \u00dcnver&#8217;in seksen sekiz y\u0131l s\u00fcren \u00f6mr\u00fcn\u00fcn h\u00fclasas\u0131d\u0131r. S\u00fcheyl \u00dcnver T\u00fcrk&#8217;le alakal\u0131 her sahaya n\u00fcfuzla tarihimizi d\u00fcnden bug\u00fcne ba\u011fl\u0131yan m\u00fchim ve m\u00fcstesna bir \u015fahsiyettir&#8230; T\u00fcrk tarihinin yekpare b\u00fct\u00fcnl\u00fc\u011f\u00fc i\u00e7ersinde s\u00fcreklili\u011fine olan inan\u00e7la kitap ve makaleler ne\u015freder, el yapmas\u0131 sanat eserleri \u00fcretir, \u00f6rnek bir ar\u015fiv kurar, nihayet \u00f6\u011frenciler yeti\u015ftirir. Onun en b\u00fcy\u00fck ke\u015fiflerinden bir k\u0131sm\u0131 yazar\u0131n da aralar\u0131nda bulundu\u011fu bug\u00fcnk\u00fc toplumumuzda m\u00fchim mevkilere gelmi\u015f \u00f6\u011frencileridir. Eser onun ger\u00e7ekten zor bir sanat olan bir hayat\u0131 nas\u0131l ba\u015far\u0131yla tezyin etti\u011finin de hik\u00e2yesidir. Yay\u0131nlanmas\u0131n\u0131n \u00fczerinden on y\u0131l bile ge\u00e7meden bu eser, klasik kitaplar aras\u0131na girmi\u015f, iki farkl\u0131 damar\u0131 bir sarmala d\u00f6n\u00fc\u015ft\u00fcren S\u00fcheyl \u00dcnver r\u00f6nesans\u0131n\u0131 ba\u015flatm\u0131\u015ft\u0131r.<\/p>\n","protected":false},"excerpt":{"rendered":"<p>\u00c7a\u011f\u0131m\u0131z\u0131n d\u00fcnya \u00e7ap\u0131ndaki en b\u00fcy\u00fck k\u00fclt\u00fcr tarih\u00e7ilerinden olan A. S\u00fcheyl \u00dcnver&#8217;in seksen sekiz y\u0131l s\u00fcren \u00f6mr\u00fcn\u00fcn h\u00fclasas\u0131d\u0131r. S\u00fcheyl \u00dcnver T\u00fcrk&#8217;le alakal\u0131 her sahaya n\u00fcfuzla tarihimizi d\u00fcnden<span class=\"excerpt-hellip\"> [\u2026]<\/span><\/p>\n","protected":false},"featured_media":0,"template":"","meta":{"_monsterinsights_skip_tracking":false,"_monsterinsights_sitenote_active":false,"_monsterinsights_sitenote_note":"","_monsterinsights_sitenote_category":0},"product_brand":[],"product_cat":[16169,12408],"product_tag":[],"class_list":{"0":"post-698316","1":"product","2":"type-product","3":"status-publish","5":"product_cat-geleneksel-sanatlar","6":"product_cat-sanat","7":"pa_cilt-ciltsiz","8":"pa_tur-kitap","9":"pa_yayinevi-otuken-nesriyat","10":"pa_yazar-ahmed-guner-sayar","12":"first","13":"instock","14":"sale","15":"shipping-taxable","16":"purchasable","17":"product-type-simple"},"_links":{"self":[{"href":"https:\/\/roveyayinevi.com.tr\/index.php\/wp-json\/wp\/v2\/product\/698316","targetHints":{"allow":["GET"]}}],"collection":[{"href":"https:\/\/roveyayinevi.com.tr\/index.php\/wp-json\/wp\/v2\/product"}],"about":[{"href":"https:\/\/roveyayinevi.com.tr\/index.php\/wp-json\/wp\/v2\/types\/product"}],"wp:attachment":[{"href":"https:\/\/roveyayinevi.com.tr\/index.php\/wp-json\/wp\/v2\/media?parent=698316"}],"wp:term":[{"taxonomy":"product_brand","embeddable":true,"href":"https:\/\/roveyayinevi.com.tr\/index.php\/wp-json\/wp\/v2\/product_brand?post=698316"},{"taxonomy":"product_cat","embeddable":true,"href":"https:\/\/roveyayinevi.com.tr\/index.php\/wp-json\/wp\/v2\/product_cat?post=698316"},{"taxonomy":"product_tag","embeddable":true,"href":"https:\/\/roveyayinevi.com.tr\/index.php\/wp-json\/wp\/v2\/product_tag?post=698316"}],"curies":[{"name":"wp","href":"https:\/\/api.w.org\/{rel}","templated":true}]}}