{"id":698311,"date":"2025-08-27T14:44:48","date_gmt":"2025-08-27T11:44:48","guid":{"rendered":"https:\/\/roveyayinevi.com.tr\/index.php\/urun\/hakkiyla\/"},"modified":"2026-04-16T02:07:51","modified_gmt":"2026-04-15T23:07:51","slug":"hakkiyla","status":"publish","type":"product","link":"https:\/\/roveyayinevi.com.tr\/index.php\/urun\/hakkiyla\/","title":{"rendered":"Hakk\u0131yla"},"content":{"rendered":"<p>\u201cDenize b\u0131rak\u0131lan \u015fi\u015feler gibi kitaplar yazd\u0131m ve sen de onlar\u0131 okuyorsun; sorular soran, hatta bununla da kalmay\u0131p okuma yorumlar\u0131 \u00f6neren bir okursun, yani konu\u015fmaya ba\u015flayan bir okursun. Bir okur, yaz\u0131l\u0131 mesajlar\u0131n al\u0131c\u0131s\u0131d\u0131r. Konu\u015fmaya ba\u015flayan bir okur ise, tersine yeni mesajlar g\u00f6nderen bir konuma ge\u00e7er. Her ne kadar bu mesaj bir soru olsa da, s\u0131ras\u0131 geldi\u011finde bir cevap beklese de&#8230; Bu \u015fekilde, \u015fu anki oyunumuzda roller bir anlamda tersine d\u00f6nm\u00fc\u015ft\u00fcr, \u00e7\u00fcnk\u00fc senin sorular\u0131n\u0131 dinlemeye ve s\u0131ras\u0131 gelince, onlardan hareketle konu\u015fmaya \u00e7al\u0131\u015fan benim. Yazm\u0131\u015f olduklar\u0131m, senin kafanda ne \u00f6l\u00e7\u00fcde soru uyand\u0131r\u0131yorsa sorular\u0131n\u0131 buna g\u00f6re soruyorsun ve sonra bu sorular benim kafamda kimi sorular uyand\u0131r\u0131yor: rollerin de\u011fi\u015f-toku\u015f edilmesi, yer de\u011fi\u015ftirmesi, bunlar tam da bu kitab\u0131n \u00fcretilmesini sa\u011flayan \u015feyler. Daha \u00f6ncekiler \u00fczerine bir kitap de\u011fil bu ve olamaz da, \u00e7\u00fcnk\u00fc burada ben, kitaplar yazm\u0131\u015f olan ki\u015fi de\u011fil, o kitaplar\u0131 okumu\u015f olan ki\u015fiyi (seni) dinleyen ki\u015fiyim. \u0130\u015fte benim taraf\u0131mdan yaz\u0131lm\u0131\u015f olmayacak, \u2018bana\u2019 ait bir kitap.\u201d <\/p>\n","protected":false},"excerpt":{"rendered":"<p>\u201cDenize b\u0131rak\u0131lan \u015fi\u015feler gibi kitaplar yazd\u0131m ve sen de onlar\u0131 okuyorsun; sorular soran, hatta bununla da kalmay\u0131p okuma yorumlar\u0131 \u00f6neren bir okursun, yani konu\u015fmaya ba\u015flayan bir<span class=\"excerpt-hellip\"> [\u2026]<\/span><\/p>\n","protected":false},"featured_media":0,"template":"","meta":{"_monsterinsights_skip_tracking":false,"_monsterinsights_sitenote_active":false,"_monsterinsights_sitenote_note":"","_monsterinsights_sitenote_category":0},"product_brand":[],"product_cat":[12389,12388],"product_tag":[],"class_list":{"0":"post-698311","1":"product","2":"type-product","3":"status-publish","5":"product_cat-diger-felsefe","6":"product_cat-felsefe","7":"pa_tur-kitap","8":"pa_yayinevi-ithaki-yayinlari","9":"pa_yazar-jean-francois-lyotard","10":"pa_yazar-jean-loup-thebaud","12":"first","13":"instock","14":"sale","15":"shipping-taxable","16":"purchasable","17":"product-type-simple"},"_links":{"self":[{"href":"https:\/\/roveyayinevi.com.tr\/index.php\/wp-json\/wp\/v2\/product\/698311","targetHints":{"allow":["GET"]}}],"collection":[{"href":"https:\/\/roveyayinevi.com.tr\/index.php\/wp-json\/wp\/v2\/product"}],"about":[{"href":"https:\/\/roveyayinevi.com.tr\/index.php\/wp-json\/wp\/v2\/types\/product"}],"wp:attachment":[{"href":"https:\/\/roveyayinevi.com.tr\/index.php\/wp-json\/wp\/v2\/media?parent=698311"}],"wp:term":[{"taxonomy":"product_brand","embeddable":true,"href":"https:\/\/roveyayinevi.com.tr\/index.php\/wp-json\/wp\/v2\/product_brand?post=698311"},{"taxonomy":"product_cat","embeddable":true,"href":"https:\/\/roveyayinevi.com.tr\/index.php\/wp-json\/wp\/v2\/product_cat?post=698311"},{"taxonomy":"product_tag","embeddable":true,"href":"https:\/\/roveyayinevi.com.tr\/index.php\/wp-json\/wp\/v2\/product_tag?post=698311"}],"curies":[{"name":"wp","href":"https:\/\/api.w.org\/{rel}","templated":true}]}}