{"id":698310,"date":"2025-08-27T14:44:47","date_gmt":"2025-08-27T11:44:47","guid":{"rendered":"https:\/\/roveyayinevi.com.tr\/index.php\/urun\/devrime-dogru-petrograd-bolsevikleri-ve-1917-temmuz-ayaklanmasi\/"},"modified":"2026-01-26T02:12:44","modified_gmt":"2026-01-25T23:12:44","slug":"devrime-dogru-petrograd-bolsevikleri-ve-1917-temmuz-ayaklanmasi","status":"publish","type":"product","link":"https:\/\/roveyayinevi.com.tr\/index.php\/urun\/devrime-dogru-petrograd-bolsevikleri-ve-1917-temmuz-ayaklanmasi\/","title":{"rendered":"Devrime Do\u011fru &#8211; Petrograd Bol\u015fevikleri ve 1917 Temmuz Ayaklanmas\u0131"},"content":{"rendered":"<p>Alexander Rabinowitch, uzun y\u0131llar\u0131n\u0131 1917 Sovyet Devrimi\u2019ni incelemeye adam\u0131\u015f ABD\u2019li birtarih profes\u00f6r\u00fcd\u00fcr. Yazar, tarihin en b\u00fcy\u00fck d\u00f6n\u00fcm noktalar\u0131ndan birini olu\u015fturan 1917 SovyetDevrimi \u00fczerine y\u00fcr\u00fctt\u00fc\u011f\u00fc yo\u011fun \u00e7al\u0131\u015fman\u0131n sonu\u00e7lar\u0131n\u0131 \u00fc\u00e7 kitapta toplam\u0131\u015ft\u0131r. Bu \u00fc\u00e7 kitapl\u0131kdizi, \u00e7o\u011fu yorumcu taraf\u0131ndan 1917 Rus\/Sovyet Devrimi \u00fczerine yap\u0131lm\u0131\u015f en kapsaml\u0131 ve enba\u015far\u0131l\u0131 \u00e7al\u0131\u015fma olarak de\u011ferlendiriliyor. 1917 Ekimi \u00f6ncesi ve sonras\u0131nda ge\u00e7en iki y\u0131ldandaha k\u0131sa ancak son derece yo\u011fun ve hareketli ge\u00e7en bir zaman kesitini mercek alt\u0131na alanyazar, kitaplar\u0131n\u0131 bir belge y\u0131\u011f\u0131n\u0131na d\u00f6n\u00fc\u015ft\u00fcrmeden zengin verileri ba\u015far\u0131l\u0131 ve ak\u0131c\u0131 bir kurgui\u00e7inde sunmay\u0131 ba\u015far\u0131yor. Diziyi olu\u015fturan \u00fc\u00e7 kitaptan 1917 Ekim g\u00fcnlerine yo\u011funla\u015fanBol\u015fevikler \u0130ktidara Geliyor, Yordam Kitap taraf\u0131ndan 2010 y\u0131l\u0131nda yay\u0131nlanm\u0131\u015ft\u0131. T\u00fcrkiyeliokuyuculara sundu\u011fumuz Devrime Do\u011fru ise, 1917 \u015eubat\u2019\u0131nda \u00c7arl\u0131\u011f\u0131n y\u0131k\u0131lmas\u0131 ileEkim\u2019deki muzaffer sosyalist devrim aras\u0131ndaki olaylar\u0131, \u00f6zellikle de Petrograd merkezliTemmuz Ayaklanmas\u0131\u2019n\u0131 inceliyor. \u00c7arl\u0131k monar\u015fisinin y\u0131k\u0131l\u0131\u015f\u0131 ile \u00f6zg\u00fcrl\u00fc\u011f\u00fc tadan ve hayat\u0131nher alan\u0131nda inisiyatif alan emek\u00e7i y\u0131\u011f\u0131nlar, sendika ve sovyet gibi y\u0131\u011f\u0131n \u00f6rg\u00fctleri, a\u00e7\u0131k siyasalm\u00fccadelede \u00e7arp\u0131\u015fan siyasal partiler ve \u015fa\u015f\u0131rt\u0131c\u0131 olaylarla yak\u0131nla\u015fan devrim, bir \u00f6yk\u00fclezzetiyle anlat\u0131l\u0131yor. <\/p>\n","protected":false},"excerpt":{"rendered":"<p>Alexander Rabinowitch, uzun y\u0131llar\u0131n\u0131 1917 Sovyet Devrimi\u2019ni incelemeye adam\u0131\u015f ABD\u2019li birtarih profes\u00f6r\u00fcd\u00fcr. Yazar, tarihin en b\u00fcy\u00fck d\u00f6n\u00fcm noktalar\u0131ndan birini olu\u015fturan 1917 SovyetDevrimi \u00fczerine y\u00fcr\u00fctt\u00fc\u011f\u00fc yo\u011fun \u00e7al\u0131\u015fman\u0131n<span class=\"excerpt-hellip\"> [\u2026]<\/span><\/p>\n","protected":false},"featured_media":0,"template":"","meta":{"_monsterinsights_skip_tracking":false,"_monsterinsights_sitenote_active":false,"_monsterinsights_sitenote_note":"","_monsterinsights_sitenote_category":0},"product_brand":[],"product_cat":[12312,12304],"product_tag":[],"class_list":{"0":"post-698310","1":"product","2":"type-product","3":"status-publish","5":"product_cat-diger","6":"product_cat-tarih","7":"pa_cilt-ciltsiz","8":"pa_tur-kitap","9":"pa_yayinevi-yordam-kitap","10":"pa_yazar-alexander-rabinowitch","12":"first","13":"instock","14":"sale","15":"shipping-taxable","16":"purchasable","17":"product-type-simple"},"_links":{"self":[{"href":"https:\/\/roveyayinevi.com.tr\/index.php\/wp-json\/wp\/v2\/product\/698310","targetHints":{"allow":["GET"]}}],"collection":[{"href":"https:\/\/roveyayinevi.com.tr\/index.php\/wp-json\/wp\/v2\/product"}],"about":[{"href":"https:\/\/roveyayinevi.com.tr\/index.php\/wp-json\/wp\/v2\/types\/product"}],"wp:attachment":[{"href":"https:\/\/roveyayinevi.com.tr\/index.php\/wp-json\/wp\/v2\/media?parent=698310"}],"wp:term":[{"taxonomy":"product_brand","embeddable":true,"href":"https:\/\/roveyayinevi.com.tr\/index.php\/wp-json\/wp\/v2\/product_brand?post=698310"},{"taxonomy":"product_cat","embeddable":true,"href":"https:\/\/roveyayinevi.com.tr\/index.php\/wp-json\/wp\/v2\/product_cat?post=698310"},{"taxonomy":"product_tag","embeddable":true,"href":"https:\/\/roveyayinevi.com.tr\/index.php\/wp-json\/wp\/v2\/product_tag?post=698310"}],"curies":[{"name":"wp","href":"https:\/\/api.w.org\/{rel}","templated":true}]}}