{"id":698309,"date":"2025-08-27T14:44:47","date_gmt":"2025-08-27T11:44:47","guid":{"rendered":"https:\/\/roveyayinevi.com.tr\/index.php\/urun\/ofke-dansi\/"},"modified":"2026-04-16T02:07:51","modified_gmt":"2026-04-15T23:07:51","slug":"ofke-dansi","status":"publish","type":"product","link":"https:\/\/roveyayinevi.com.tr\/index.php\/urun\/ofke-dansi\/","title":{"rendered":"\u00d6fke Dans\u0131"},"content":{"rendered":"<p>\u00d6fkenin nedenleri ve modelleri \u00fczerinde duran bu kitap, \u00f6nemli ili\u015fkilerde anlaml\u0131 ve uzun vadeli de\u011fi\u015fimler ger\u00e7ekle\u015ftirmeyi sa\u011flayacak \u00f6zel stratejiler sunuyor. Yazar, vard\u0131\u011f\u0131 sonu\u00e7lar\u0131 on y\u0131ll\u0131k klinik ara\u015ft\u0131rmalara, psikanalist sistemler ve aile sistemleriyle ilgili en son bulgulara dayand\u0131rarak, kavga ve su\u00e7lamayla ya da sessizlik ve duygusal uzakla\u015fmayla d\u0131\u015far\u0131 vurulan \u00f6fkenin, mevcut ili\u015fki dinamiklerini neden ve nas\u0131l korudu\u011funu g\u00f6steriyor. Ayr\u0131ca, \u00f6fkeyi daha g\u00fc\u00e7l\u00fc ve ba\u011f\u0131ms\u0131z bir benlik duygusu kazanmak i\u00e7in kullanma konusunda kad\u0131nlar\u0131n ya\u015fad\u0131\u011f\u0131 zorluklar\u0131 da dile getiriyor. Kad\u0131n\u0131n \u00f6fkeli ve su\u00e7lay\u0131c\u0131 bir konumdan, kendi karma\u015fas\u0131yla y\u00fczle\u015fmeye do\u011fru yapt\u0131\u011f\u0131 yolculuklar\u0131 dile getiren \u00d6fke Dans\u0131, \u00f6fkenizi yap\u0131c\u0131 bir g\u00fcce d\u00f6n\u00fc\u015ft\u00fcrerek ya\u015fam\u0131n\u0131z\u0131 yeniden \u015fekillendirmek i\u00e7in size rehberlik edecektir.<\/p>\n","protected":false},"excerpt":{"rendered":"<p>\u00d6fkenin nedenleri ve modelleri \u00fczerinde duran bu kitap, \u00f6nemli ili\u015fkilerde anlaml\u0131 ve uzun vadeli de\u011fi\u015fimler ger\u00e7ekle\u015ftirmeyi sa\u011flayacak \u00f6zel stratejiler sunuyor. Yazar, vard\u0131\u011f\u0131 sonu\u00e7lar\u0131 on y\u0131ll\u0131k klinik<span class=\"excerpt-hellip\"> [\u2026]<\/span><\/p>\n","protected":false},"featured_media":0,"template":"","meta":{"_monsterinsights_skip_tracking":false,"_monsterinsights_sitenote_active":false,"_monsterinsights_sitenote_note":"","_monsterinsights_sitenote_category":0},"product_brand":[],"product_cat":[12358,12357],"product_tag":[],"class_list":{"0":"post-698309","1":"product","2":"type-product","3":"status-publish","5":"product_cat-genel-psikoloji","6":"product_cat-psikoloji","7":"pa_cilt-ciltsiz","8":"pa_tur-kitap","9":"pa_yayinevi-varlik-yayinlari","10":"pa_yazar-harriet-g-lerner","12":"first","13":"instock","14":"sale","15":"shipping-taxable","16":"purchasable","17":"product-type-simple"},"_links":{"self":[{"href":"https:\/\/roveyayinevi.com.tr\/index.php\/wp-json\/wp\/v2\/product\/698309","targetHints":{"allow":["GET"]}}],"collection":[{"href":"https:\/\/roveyayinevi.com.tr\/index.php\/wp-json\/wp\/v2\/product"}],"about":[{"href":"https:\/\/roveyayinevi.com.tr\/index.php\/wp-json\/wp\/v2\/types\/product"}],"wp:attachment":[{"href":"https:\/\/roveyayinevi.com.tr\/index.php\/wp-json\/wp\/v2\/media?parent=698309"}],"wp:term":[{"taxonomy":"product_brand","embeddable":true,"href":"https:\/\/roveyayinevi.com.tr\/index.php\/wp-json\/wp\/v2\/product_brand?post=698309"},{"taxonomy":"product_cat","embeddable":true,"href":"https:\/\/roveyayinevi.com.tr\/index.php\/wp-json\/wp\/v2\/product_cat?post=698309"},{"taxonomy":"product_tag","embeddable":true,"href":"https:\/\/roveyayinevi.com.tr\/index.php\/wp-json\/wp\/v2\/product_tag?post=698309"}],"curies":[{"name":"wp","href":"https:\/\/api.w.org\/{rel}","templated":true}]}}