{"id":698308,"date":"2025-08-27T14:44:47","date_gmt":"2025-08-27T11:44:47","guid":{"rendered":"https:\/\/roveyayinevi.com.tr\/index.php\/urun\/boncuk-oyunu\/"},"modified":"2026-04-16T02:07:51","modified_gmt":"2026-04-15T23:07:51","slug":"boncuk-oyunu","status":"publish","type":"product","link":"https:\/\/roveyayinevi.com.tr\/index.php\/urun\/boncuk-oyunu\/","title":{"rendered":"Boncuk Oyunu"},"content":{"rendered":"<p>Hesse, 1943 y\u0131l\u0131nda, t\u00fcm d\u00fcnyan\u0131n sava\u015f cehennemini ya\u015fad\u0131\u011f\u0131 s\u0131rada yazd\u0131\u011f\u0131 Boncuk Oyunu&#8217;nda, Do\u011fu ve Bat\u0131 felsefelerinin kusursuz bir bile\u015fiminden olu\u015fan yeni ve \u00fctopik bir d\u00fcnya d\u00fczeni sunar okura. Sanat ve bilimde disiplinleraras\u0131 bir uyum \u00fczerine kurulu, Hesse&#8217;nin d\u00fc\u015f ve d\u00fc\u015f\u00fcn g\u00fcc\u00fcn\u00fcn \u00fcr\u00fcn\u00fc f\u00fct\u00fcristik bir oyun olan Boncuk Oyunu, bu yeni d\u00fczenin simgesidir. Bu kitab\u0131 Do\u011fu seyyahlar\u0131na , Bat\u0131n&#8217;n\u0131n toplumsal dayatmalar\u0131na kar\u015f\u0131 Do\u011fu&#8217;nun bireysel \u00f6zg\u00fcrl\u00fc\u011f\u00fcn\u00fc y\u00fcceltenlere, toplumsal ahlak\u0131n bireyin i\u00e7 ahlak\u0131n\u0131 yok etti\u011fine inananlara adar Hesse; yeni d\u00fcnya d\u00fczenini bireysellik \u00fczerine temellendirir; Tanr\u0131 senin i\u00e7indedir, kavramlarda ve kitaplarda de\u011fil. Ger\u00e7ek ya\u015fan\u0131r, \u00f6\u011fretilmez. Hesse&#8217;nin Nobel Edebiyat \u00d6d\u00fcl\u00fc&#8217;n\u00fc kazanmas\u0131nda b\u00fcy\u00fck pay\u0131 olan bir ba\u015fyap\u0131t Boncuk Oyunu. Thomas Mann&#8217;a g\u00f6re: \u00d6rselenmi\u015f zaman\u0131m\u0131z\u0131n bizlere sundu\u011fu az say\u0131da g\u00f6z\u00fcpek ve \u00f6zg\u00fcn tasar\u0131dan biri&#8230; <\/p>\n","protected":false},"excerpt":{"rendered":"<p>Hesse, 1943 y\u0131l\u0131nda, t\u00fcm d\u00fcnyan\u0131n sava\u015f cehennemini ya\u015fad\u0131\u011f\u0131 s\u0131rada yazd\u0131\u011f\u0131 Boncuk Oyunu&#8217;nda, Do\u011fu ve Bat\u0131 felsefelerinin kusursuz bir bile\u015fiminden olu\u015fan yeni ve \u00fctopik bir d\u00fcnya d\u00fczeni<span class=\"excerpt-hellip\"> [\u2026]<\/span><\/p>\n","protected":false},"featured_media":0,"template":"","meta":{"_monsterinsights_skip_tracking":false,"_monsterinsights_sitenote_active":false,"_monsterinsights_sitenote_note":"","_monsterinsights_sitenote_category":0},"product_brand":[],"product_cat":[12782,12291],"product_tag":[],"class_list":{"0":"post-698308","1":"product","2":"type-product","3":"status-publish","5":"product_cat-alman-edebiyati","6":"product_cat-edebiyat","7":"pa_cilt-ciltsiz","8":"pa_tur-kitap","9":"pa_yayinevi-yapi-kredi-yayinlari","10":"pa_yazar-hermann-hesse","12":"first","13":"instock","14":"sale","15":"shipping-taxable","16":"purchasable","17":"product-type-simple"},"_links":{"self":[{"href":"https:\/\/roveyayinevi.com.tr\/index.php\/wp-json\/wp\/v2\/product\/698308","targetHints":{"allow":["GET"]}}],"collection":[{"href":"https:\/\/roveyayinevi.com.tr\/index.php\/wp-json\/wp\/v2\/product"}],"about":[{"href":"https:\/\/roveyayinevi.com.tr\/index.php\/wp-json\/wp\/v2\/types\/product"}],"wp:attachment":[{"href":"https:\/\/roveyayinevi.com.tr\/index.php\/wp-json\/wp\/v2\/media?parent=698308"}],"wp:term":[{"taxonomy":"product_brand","embeddable":true,"href":"https:\/\/roveyayinevi.com.tr\/index.php\/wp-json\/wp\/v2\/product_brand?post=698308"},{"taxonomy":"product_cat","embeddable":true,"href":"https:\/\/roveyayinevi.com.tr\/index.php\/wp-json\/wp\/v2\/product_cat?post=698308"},{"taxonomy":"product_tag","embeddable":true,"href":"https:\/\/roveyayinevi.com.tr\/index.php\/wp-json\/wp\/v2\/product_tag?post=698308"}],"curies":[{"name":"wp","href":"https:\/\/api.w.org\/{rel}","templated":true}]}}