{"id":698301,"date":"2025-08-27T14:44:45","date_gmt":"2025-08-27T11:44:45","guid":{"rendered":"https:\/\/roveyayinevi.com.tr\/index.php\/urun\/pertev-beyin-iki-kizi\/"},"modified":"2026-04-16T02:07:51","modified_gmt":"2026-04-15T23:07:51","slug":"pertev-beyin-iki-kizi","status":"publish","type":"product","link":"https:\/\/roveyayinevi.com.tr\/index.php\/urun\/pertev-beyin-iki-kizi\/","title":{"rendered":"Pertev Bey&#8217;in \u0130ki K\u0131z\u0131"},"content":{"rendered":"<p>ir d\u00f6nem roman\u0131n\u0131n ikinci halkas\u0131: Pertev Bey&#8217;in \u0130ki K\u0131z\u0131. \u0130smet \u0130n\u00f6n\u00fc y\u0131llar\u0131\u2026 \u0130kinci D\u00fcnya Sava\u015f\u0131 e\u015fikte\u2026 M\u00fczakereler, yasalar, tedbirler&#8230; Ankara e\u015fraf\u0131n\u0131n y\u00fckseli\u015f d\u00f6nemi\u2026 Sefahat i\u00e7inde kendinden ge\u00e7enlerle k\u0131t kanaat ya\u015fayanlar aras\u0131ndaki mesafe&#8230; Cumhuriyet rejimiyle yeni bir ufka yelken a\u00e7an ve gelenekle \u201cmodernle\u015fme\u201d aras\u0131nda s\u0131k\u0131\u015f\u0131p kalm\u0131\u015f insanlar\u2026 Ve t\u00fcm bunlar\u0131n ortas\u0131nda Pertev Bey ailesi\u2026 <\/p>\n","protected":false},"excerpt":{"rendered":"<p>ir d\u00f6nem roman\u0131n\u0131n ikinci halkas\u0131: Pertev Bey&#8217;in \u0130ki K\u0131z\u0131. \u0130smet \u0130n\u00f6n\u00fc y\u0131llar\u0131\u2026 \u0130kinci D\u00fcnya Sava\u015f\u0131 e\u015fikte\u2026 M\u00fczakereler, yasalar, tedbirler&#8230; Ankara e\u015fraf\u0131n\u0131n y\u00fckseli\u015f d\u00f6nemi\u2026 Sefahat i\u00e7inde kendinden<span class=\"excerpt-hellip\"> [\u2026]<\/span><\/p>\n","protected":false},"featured_media":0,"template":"","meta":{"_monsterinsights_skip_tracking":false,"_monsterinsights_sitenote_active":false,"_monsterinsights_sitenote_note":"","_monsterinsights_sitenote_category":0},"product_brand":[],"product_cat":[12364],"product_tag":[],"class_list":{"0":"post-698301","1":"product","2":"type-product","3":"status-publish","5":"product_cat-genel-konular","6":"pa_cilt-ciltsiz","7":"pa_tur-kitap","8":"pa_yayinevi-timas-yayinlari","9":"pa_yazar-munevver-ayasli","11":"first","12":"instock","13":"sale","14":"shipping-taxable","15":"purchasable","16":"product-type-simple"},"_links":{"self":[{"href":"https:\/\/roveyayinevi.com.tr\/index.php\/wp-json\/wp\/v2\/product\/698301","targetHints":{"allow":["GET"]}}],"collection":[{"href":"https:\/\/roveyayinevi.com.tr\/index.php\/wp-json\/wp\/v2\/product"}],"about":[{"href":"https:\/\/roveyayinevi.com.tr\/index.php\/wp-json\/wp\/v2\/types\/product"}],"wp:attachment":[{"href":"https:\/\/roveyayinevi.com.tr\/index.php\/wp-json\/wp\/v2\/media?parent=698301"}],"wp:term":[{"taxonomy":"product_brand","embeddable":true,"href":"https:\/\/roveyayinevi.com.tr\/index.php\/wp-json\/wp\/v2\/product_brand?post=698301"},{"taxonomy":"product_cat","embeddable":true,"href":"https:\/\/roveyayinevi.com.tr\/index.php\/wp-json\/wp\/v2\/product_cat?post=698301"},{"taxonomy":"product_tag","embeddable":true,"href":"https:\/\/roveyayinevi.com.tr\/index.php\/wp-json\/wp\/v2\/product_tag?post=698301"}],"curies":[{"name":"wp","href":"https:\/\/api.w.org\/{rel}","templated":true}]}}