{"id":698295,"date":"2025-08-27T14:44:43","date_gmt":"2025-08-27T11:44:43","guid":{"rendered":"https:\/\/roveyayinevi.com.tr\/index.php\/urun\/guvenli-baglanma\/"},"modified":"2026-04-16T02:07:51","modified_gmt":"2026-04-15T23:07:51","slug":"guvenli-baglanma","status":"publish","type":"product","link":"https:\/\/roveyayinevi.com.tr\/index.php\/urun\/guvenli-baglanma\/","title":{"rendered":"G\u00fcvenli Ba\u011flanma"},"content":{"rendered":"<p>HAYAT BA\u011eLANMALARDAN \u0130BARETT\u0130R Hayat ba\u011flanmalardan ibarettir. \u00d6nce anneye\u2026 Sonra babaya\u2026 Aileye\u2026 Ard\u0131ndan \u201cya\u015fama\u201d ve \u201cya\u015famaya\u201d ba\u011flanma\u2026 Ya\u015fama sevincini kaybetmi\u015f ki\u015filer ba\u011flanamayanlard\u0131r. Bir\u00e7ok psikolojik sorunun k\u00f6keninde ba\u011flanamamak ya da ba\u011flanman\u0131n \u015fiddetini ayarlayamamak vard\u0131r. Ve bu duygusal kazan\u0131m ancak \u00e7ocukluk y\u0131llar\u0131nda edinilir. Bebe\u011fin, kendisini t\u00fcm\u00fcyle bebe\u011fine b\u0131rakm\u0131\u015f annesinin kuca\u011f\u0131nda huzur bulmas\u0131yla ba\u015flayan, yeti\u015fkinlik y\u0131llar\u0131nda romantik ba\u011flanmalara kadar devam eden hayat\u0131n ana \u00e7izgisidir ba\u011flanma.  Pedagog Adem G\u00fcne\u015f yeni kitab\u0131 G\u00fcvenli Ba\u011flanma\u2019da insan\u0131n olman\u0131n, ki\u015filik geli\u015fiminin, hayat\u0131n her d\u00f6neminde sa\u011fl\u0131kl\u0131 ve doyum veren ili\u015fkiler kurman\u0131n esas\u0131 olan \u201cba\u011flanma\u201d konusunu ele al\u0131yor. Emzirmeden birlikte uyumaya, aidiyet ili\u015fkisinden ayr\u0131lmaya, s\u00fctannelikten tuvalet e\u011fitimine, fark\u0131nda olmadan bebe\u011fe hissettirilen duygusal ve psikolojik \u015fiddetten baba-bebek ili\u015fkisinin s\u0131n\u0131rlar\u0131na var\u0131ncaya kadar pek \u00e7ok konuyu \u201cba\u011flanma\u201d \u00e7er\u00e7evesinde de\u011ferlendiriyor. <\/p>\n","protected":false},"excerpt":{"rendered":"<p>HAYAT BA\u011eLANMALARDAN \u0130BARETT\u0130R Hayat ba\u011flanmalardan ibarettir. \u00d6nce anneye\u2026 Sonra babaya\u2026 Aileye\u2026 Ard\u0131ndan \u201cya\u015fama\u201d ve \u201cya\u015famaya\u201d ba\u011flanma\u2026 Ya\u015fama sevincini kaybetmi\u015f ki\u015filer ba\u011flanamayanlard\u0131r. Bir\u00e7ok psikolojik sorunun k\u00f6keninde ba\u011flanamamak<span class=\"excerpt-hellip\"> [\u2026]<\/span><\/p>\n","protected":false},"featured_media":0,"template":"","meta":{"_monsterinsights_skip_tracking":false,"_monsterinsights_sitenote_active":false,"_monsterinsights_sitenote_note":"","_monsterinsights_sitenote_category":0},"product_brand":[],"product_cat":[12679,12357],"product_tag":[],"class_list":{"0":"post-698295","1":"product","2":"type-product","3":"status-publish","5":"product_cat-cocuk-psikolojisi","6":"product_cat-psikoloji","7":"pa_cilt-ciltsiz","8":"pa_tur-kitap","9":"pa_yayinevi-timas-yayinlari","10":"pa_yazar-adem-gunes","12":"first","13":"instock","14":"sale","15":"shipping-taxable","16":"purchasable","17":"product-type-simple"},"_links":{"self":[{"href":"https:\/\/roveyayinevi.com.tr\/index.php\/wp-json\/wp\/v2\/product\/698295","targetHints":{"allow":["GET"]}}],"collection":[{"href":"https:\/\/roveyayinevi.com.tr\/index.php\/wp-json\/wp\/v2\/product"}],"about":[{"href":"https:\/\/roveyayinevi.com.tr\/index.php\/wp-json\/wp\/v2\/types\/product"}],"wp:attachment":[{"href":"https:\/\/roveyayinevi.com.tr\/index.php\/wp-json\/wp\/v2\/media?parent=698295"}],"wp:term":[{"taxonomy":"product_brand","embeddable":true,"href":"https:\/\/roveyayinevi.com.tr\/index.php\/wp-json\/wp\/v2\/product_brand?post=698295"},{"taxonomy":"product_cat","embeddable":true,"href":"https:\/\/roveyayinevi.com.tr\/index.php\/wp-json\/wp\/v2\/product_cat?post=698295"},{"taxonomy":"product_tag","embeddable":true,"href":"https:\/\/roveyayinevi.com.tr\/index.php\/wp-json\/wp\/v2\/product_tag?post=698295"}],"curies":[{"name":"wp","href":"https:\/\/api.w.org\/{rel}","templated":true}]}}