{"id":698291,"date":"2025-08-27T14:44:42","date_gmt":"2025-08-27T11:44:42","guid":{"rendered":"https:\/\/roveyayinevi.com.tr\/index.php\/urun\/korku-kulubu-hayaletli-yolda-13-saat\/"},"modified":"2026-04-16T02:07:51","modified_gmt":"2026-04-15T23:07:51","slug":"korku-kulubu-hayaletli-yolda-13-saat","status":"publish","type":"product","link":"https:\/\/roveyayinevi.com.tr\/index.php\/urun\/korku-kulubu-hayaletli-yolda-13-saat\/","title":{"rendered":"Korku Kul\u00fcb\u00fc &#8211; Hayaletli Yolda 13 Saat"},"content":{"rendered":"<p>Hayk\u0131ran Kaya \u015eatosu\u2019ndan gizemli bir davet alan Ursula, \u015fatoya gider ve ortadan kaybolur. Korku Kul\u00fcb\u00fc\u2019ndeki arkada\u015flar\u0131n\u0131 aray\u0131p yard\u0131m isteyince, \u00fc\u00e7l\u00fc \u015fatonun gizemini ara\u015ft\u0131rmaya ba\u015flar. Y\u0131llar \u00f6nce \u015fatoda ya\u015fayan kontun buray\u0131 lanetledi\u011fi s\u00f6ylentisi dola\u015fmaktad\u0131r. Buna g\u00f6re \u015fatoda on \u00fc\u00e7 saat kalanlar, bir daha asla d\u0131\u015far\u0131 \u00e7\u0131kamamaktad\u0131r. Korku Kul\u00fcb\u00fc, iz pe\u015finde&#8230; Yoksa bu s\u00f6ylenti ger\u00e7ek mi? \u015eifre \u00c7\u00f6z\u00fcc\u00fc\u2019y\u00fc \u00e7izgili resimlerin \u00fczerinde dola\u015ft\u0131r\u0131n, i\u00e7lerindeki gizemi \u00f6\u011frenin!<\/p>\n","protected":false},"excerpt":{"rendered":"<p>Hayk\u0131ran Kaya \u015eatosu\u2019ndan gizemli bir davet alan Ursula, \u015fatoya gider ve ortadan kaybolur. Korku Kul\u00fcb\u00fc\u2019ndeki arkada\u015flar\u0131n\u0131 aray\u0131p yard\u0131m isteyince, \u00fc\u00e7l\u00fc \u015fatonun gizemini ara\u015ft\u0131rmaya ba\u015flar. Y\u0131llar \u00f6nce<span class=\"excerpt-hellip\"> [\u2026]<\/span><\/p>\n","protected":false},"featured_media":0,"template":"","meta":{"_monsterinsights_skip_tracking":false,"_monsterinsights_sitenote_active":false,"_monsterinsights_sitenote_note":"","_monsterinsights_sitenote_category":0},"product_brand":[],"product_cat":[12275,12274],"product_tag":[],"class_list":{"0":"post-698291","1":"product","2":"type-product","3":"status-publish","5":"product_cat-6-12-yas-kitaplari","6":"product_cat-cocuk-ve-genclik-kitaplari","7":"pa_cilt-ciltsiz","8":"pa_tur-kitap","9":"pa_yayinevi-beyaz-balina-yayinlari","10":"pa_yazar-thomas-brezina","12":"first","13":"instock","14":"sale","15":"shipping-taxable","16":"purchasable","17":"product-type-simple"},"_links":{"self":[{"href":"https:\/\/roveyayinevi.com.tr\/index.php\/wp-json\/wp\/v2\/product\/698291","targetHints":{"allow":["GET"]}}],"collection":[{"href":"https:\/\/roveyayinevi.com.tr\/index.php\/wp-json\/wp\/v2\/product"}],"about":[{"href":"https:\/\/roveyayinevi.com.tr\/index.php\/wp-json\/wp\/v2\/types\/product"}],"wp:attachment":[{"href":"https:\/\/roveyayinevi.com.tr\/index.php\/wp-json\/wp\/v2\/media?parent=698291"}],"wp:term":[{"taxonomy":"product_brand","embeddable":true,"href":"https:\/\/roveyayinevi.com.tr\/index.php\/wp-json\/wp\/v2\/product_brand?post=698291"},{"taxonomy":"product_cat","embeddable":true,"href":"https:\/\/roveyayinevi.com.tr\/index.php\/wp-json\/wp\/v2\/product_cat?post=698291"},{"taxonomy":"product_tag","embeddable":true,"href":"https:\/\/roveyayinevi.com.tr\/index.php\/wp-json\/wp\/v2\/product_tag?post=698291"}],"curies":[{"name":"wp","href":"https:\/\/api.w.org\/{rel}","templated":true}]}}