{"id":698290,"date":"2025-08-27T14:44:42","date_gmt":"2025-08-27T11:44:42","guid":{"rendered":"https:\/\/roveyayinevi.com.tr\/index.php\/urun\/devlet-6\/"},"modified":"2026-04-16T02:07:51","modified_gmt":"2026-04-15T23:07:51","slug":"devlet-6","status":"publish","type":"product","link":"https:\/\/roveyayinevi.com.tr\/index.php\/urun\/devlet-6\/","title":{"rendered":"Devlet"},"content":{"rendered":"<p>Platon c\u00fcmle kurmay\u0131 seviyordu, yontarak ona bi\u00e7im kazand\u0131rmay\u0131 da. Sokrates her ne kadar sisli d\u00fc\u015f\u00fcnceler aras\u0131nda bir g\u00f6lge gibi gezinse de, Platon diyaloglarla, i\u015fe yarar notlarla sesi daha g\u00fcrd\u00fc. \u00dczerine yap\u0131lan tart\u0131\u015fmalar bir yana, Devlet\u2019i klasik metinler i\u00e7inde en \u00f6nemlilerdendir ve Platon\u2019un kendi diyaloglar\u0131 i\u00e7inde en kapsaml\u0131s\u0131 ve en uzunudur. <\/p>\n","protected":false},"excerpt":{"rendered":"<p>Platon c\u00fcmle kurmay\u0131 seviyordu, yontarak ona bi\u00e7im kazand\u0131rmay\u0131 da. Sokrates her ne kadar sisli d\u00fc\u015f\u00fcnceler aras\u0131nda bir g\u00f6lge gibi gezinse de, Platon diyaloglarla, i\u015fe yarar notlarla<span class=\"excerpt-hellip\"> [\u2026]<\/span><\/p>\n","protected":false},"featured_media":0,"template":"","meta":{"_monsterinsights_skip_tracking":false,"_monsterinsights_sitenote_active":false,"_monsterinsights_sitenote_note":"","_monsterinsights_sitenote_category":0},"product_brand":[],"product_cat":[12388,14717],"product_tag":[],"class_list":{"0":"post-698290","1":"product","2":"type-product","3":"status-publish","5":"product_cat-felsefe","6":"product_cat-felsefe-tarihi","7":"pa_tur-kitap","8":"pa_yayinevi-atac-yayinlari","9":"pa_yazar-platon-eflatun","11":"first","12":"instock","13":"sale","14":"shipping-taxable","15":"purchasable","16":"product-type-simple"},"_links":{"self":[{"href":"https:\/\/roveyayinevi.com.tr\/index.php\/wp-json\/wp\/v2\/product\/698290","targetHints":{"allow":["GET"]}}],"collection":[{"href":"https:\/\/roveyayinevi.com.tr\/index.php\/wp-json\/wp\/v2\/product"}],"about":[{"href":"https:\/\/roveyayinevi.com.tr\/index.php\/wp-json\/wp\/v2\/types\/product"}],"wp:attachment":[{"href":"https:\/\/roveyayinevi.com.tr\/index.php\/wp-json\/wp\/v2\/media?parent=698290"}],"wp:term":[{"taxonomy":"product_brand","embeddable":true,"href":"https:\/\/roveyayinevi.com.tr\/index.php\/wp-json\/wp\/v2\/product_brand?post=698290"},{"taxonomy":"product_cat","embeddable":true,"href":"https:\/\/roveyayinevi.com.tr\/index.php\/wp-json\/wp\/v2\/product_cat?post=698290"},{"taxonomy":"product_tag","embeddable":true,"href":"https:\/\/roveyayinevi.com.tr\/index.php\/wp-json\/wp\/v2\/product_tag?post=698290"}],"curies":[{"name":"wp","href":"https:\/\/api.w.org\/{rel}","templated":true}]}}